{"id":53939,"date":"2024-07-17T04:15:56","date_gmt":"2024-07-17T04:15:56","guid":{"rendered":"https:\/\/e.kosmolat.eu\/product\/khadi-by-organaturals-dabiga-indijas-basma-matu-krasos-ar-argana-ellu-25-g\/"},"modified":"2026-03-31T13:53:09","modified_gmt":"2026-03-31T13:53:09","slug":"khadi-by-organaturals-dabiga-indijas-basma-matu-krasos-ar-argana-ellu-25-g","status":"publish","type":"product","link":"https:\/\/e.kosmolat.eu\/lv\/product\/khadi-by-organaturals-dabiga-indijas-basma-matu-krasos-ar-argana-ellu-25-g\/","title":{"rendered":"KHADI BY ORGANATURALS Dab\u012bga Indijas basma matu kr\u0101so\u0161.ar argana e\u013c\u013cu, 25 g"},"content":{"rendered":"<p>100% dab\u012bga Indijas basma \u2013 videi draudz\u012bgs produkts, kas satur biolo\u0123iski akt\u012bvas vielas un vitam\u012bnus. Basma ir augu kr\u0101sviela, ko izmanto matu kr\u0101so\u0161anai tum\u0161\u0101kos to\u0146os (no gai\u0161a kasta\u0146a l\u012bdz melnam). Basma uzlabo matu strukt\u016bru un stiprina saknes, pie\u0161\u0137ir matiem dabisku sp\u012bdumu un mazina blaugznas. P\u0113c lieto\u0161anas mati k\u013c\u016bst elast\u012bgi un viegli \u0137emm\u0113jami. Basma ir \u012bpa\u0161i piem\u0113rota cilv\u0113kiem ar paaugstin\u0101tu jut\u012bbu pret \u0137\u012bmisko matu kr\u0101su sast\u0101vda\u013c\u0101m. Lietojama kop\u0101 ar hennu. Kombin\u0113jot da\u017e\u0101das hennas un basmas proporcijas, j\u016bs varat sasniegt p\u0101rsteidzo\u0161u dabisku matu kr\u0101su \u2013 no bronzas un kasta\u0146a l\u012bdz tum\u0161\u0101s \u0161okol\u0101des un melnai kr\u0101sai. Sast\u0101v\u0101 eso\u0161\u0101 argana e\u013c\u013ca baro un atjauno matus, aizsarg\u0101 pret trauslumu un \u0161\u0137eltiem galiem, k\u0101 ar\u012b uzlabo matu iztur\u012bbu.<\/p>\n<p>Lieto\u0161ana: Basma tiek uzkl\u0101ta uz t\u012briem, nedaudz nosusin\u0101tiem matiem. Kr\u0101so\u0161anas laik\u0101 ieteicams lietot aizsargcimdus un uzmest p\u0101r pleciem dvieli. Sajauciet pulveri nepiecie\u0161amaj\u0101 proporcij\u0101 ar hennu un karstu \u016bdeni (ne verdo\u0161u) l\u012bdz veidojas bieza pasta. Lai kr\u0101sa b\u016btu pies\u0101tin\u0101t\u0101ka, \u013caujiet mais\u012bjumam past\u0101v\u0113t vair\u0101kas stundas. P\u0113c tam atkal pievienojiet nedaudz \u016bdens un s\u0101ciet kr\u0101so\u0161anu. Ekspoz\u012bcijas laiks ir no 20 min\u016bt\u0113m l\u012bdz 2-3 stund\u0101m, atkar\u012bb\u0101 no v\u0113lam\u0101 rezult\u0101ta.<\/p>\n<p>Piesardz\u012bbas pas\u0101kumi: Neizmantojiet \u0161o basmu skropstu un uzacu kr\u0101so\u0161anai. Tas var izrais\u012bt aklumu!<\/p>\n<p>Uzglab\u0101\u0161anas noteikumi: no +5 \u00b0C l\u012bdz +25 \u00b0C.<\/p>\n<p>Der\u012bguma termi\u0146\u0161: 48 m\u0113ne\u0161i.<\/p>\n","protected":false},"excerpt":{"rendered":"<p>100% dab\u012bga Indijas basma \u2013 videi draudz\u012bgs produkts, kas satur biolo\u0123iski akt\u012bvas vielas un vitam\u012bnus. Basma ir augu kr\u0101sviela, ko izmanto matu kr\u0101so\u0161anai tum\u0161\u0101kos to\u0146os (no gai\u0161a kasta\u0146a l\u012bdz melnam). Basma uzlabo matu strukt\u016bru un stiprina saknes, pie\u0161\u0137ir matiem dabisku sp\u012bdumu un mazina blaugznas. P\u0113c lieto\u0161anas mati k\u013c\u016bst elast\u012bgi un viegli \u0137emm\u0113jami. Basma ir \u012bpa\u0161i [&#8230;]\n","protected":false},"featured_media":97820,"template":"","meta":[],"product_cat":[1999],"product_tag":[],"class_list":{"0":"post-53939","1":"product","2":"type-product","3":"status-publish","4":"has-post-thumbnail","6":"product_brand-replay_kr","7":"product_cat-bez-kategorijas","9":"first","10":"instock","11":"taxable","12":"shipping-taxable","13":"product-type-simple"},"_links":{"self":[{"href":"https:\/\/e.kosmolat.eu\/lv\/wp-json\/wp\/v2\/product\/53939","targetHints":{"allow":["GET"]}}],"collection":[{"href":"https:\/\/e.kosmolat.eu\/lv\/wp-json\/wp\/v2\/product"}],"about":[{"href":"https:\/\/e.kosmolat.eu\/lv\/wp-json\/wp\/v2\/types\/product"}],"wp:featuredmedia":[{"embeddable":true,"href":"https:\/\/e.kosmolat.eu\/lv\/wp-json\/wp\/v2\/media\/97820"}],"wp:attachment":[{"href":"https:\/\/e.kosmolat.eu\/lv\/wp-json\/wp\/v2\/media?parent=53939"}],"wp:term":[{"taxonomy":"product_cat","embeddable":true,"href":"https:\/\/e.kosmolat.eu\/lv\/wp-json\/wp\/v2\/product_cat?post=53939"},{"taxonomy":"product_tag","embeddable":true,"href":"https:\/\/e.kosmolat.eu\/lv\/wp-json\/wp\/v2\/product_tag?post=53939"}],"curies":[{"name":"wp","href":"https:\/\/api.w.org\/{rel}","templated":true}]}}