{"id":53931,"date":"2024-07-17T04:15:44","date_gmt":"2024-07-17T04:15:44","guid":{"rendered":"https:\/\/e.kosmolat.eu\/product\/dm-tonicita-dusas-zeleja-zensens-750-ml\/"},"modified":"2026-04-23T11:28:51","modified_gmt":"2026-04-23T11:28:51","slug":"dm-tonicita-dusas-zeleja-zensens-750-ml","status":"publish","type":"product","link":"https:\/\/e.kosmolat.eu\/lv\/product\/dm-tonicita-dusas-zeleja-zensens-750-ml\/","title":{"rendered":"DM Tonicita Du\u0161as \u017eeleja \u017de\u0146\u0161e\u0146s, 750 ml"},"content":{"rendered":"<p>Du\u0161as \u017eeleja ar pikant\u0101m, arom\u0101tisk\u0101m not\u012bm r\u016bp\u0113jas pat par visjut\u012bg\u0101ko \u0101du, pie\u0161\u0137irot tai ener\u0123iju un padarot to mitrin\u0101tu. Dermatolo\u0123iski p\u0101rbaud\u012bts, neitr\u0101ls pH l\u012bmenis. Ar hialuronsk\u0101bi.<\/p>\n","protected":false},"excerpt":{"rendered":"<p>Du\u0161as \u017eeleja ar pikant\u0101m, arom\u0101tisk\u0101m not\u012bm r\u016bp\u0113jas pat par visjut\u012bg\u0101ko \u0101du, pie\u0161\u0137irot tai ener\u0123iju un padarot to mitrin\u0101tu. Dermatolo\u0123iski p\u0101rbaud\u012bts, neitr\u0101ls pH l\u012bmenis. Ar hialuronsk\u0101bi.<\/p>\n","protected":false},"featured_media":99276,"template":"","meta":[],"product_cat":[1282],"product_tag":[],"class_list":{"0":"post-53931","1":"product","2":"type-product","3":"status-publish","4":"has-post-thumbnail","6":"product_brand-italchimica-it","7":"product_cat-duso-geliai-ir-duso-aliejai","9":"first","10":"instock","11":"taxable","12":"shipping-taxable","13":"product-type-simple"},"_links":{"self":[{"href":"https:\/\/e.kosmolat.eu\/lv\/wp-json\/wp\/v2\/product\/53931","targetHints":{"allow":["GET"]}}],"collection":[{"href":"https:\/\/e.kosmolat.eu\/lv\/wp-json\/wp\/v2\/product"}],"about":[{"href":"https:\/\/e.kosmolat.eu\/lv\/wp-json\/wp\/v2\/types\/product"}],"wp:featuredmedia":[{"embeddable":true,"href":"https:\/\/e.kosmolat.eu\/lv\/wp-json\/wp\/v2\/media\/99276"}],"wp:attachment":[{"href":"https:\/\/e.kosmolat.eu\/lv\/wp-json\/wp\/v2\/media?parent=53931"}],"wp:term":[{"taxonomy":"product_cat","embeddable":true,"href":"https:\/\/e.kosmolat.eu\/lv\/wp-json\/wp\/v2\/product_cat?post=53931"},{"taxonomy":"product_tag","embeddable":true,"href":"https:\/\/e.kosmolat.eu\/lv\/wp-json\/wp\/v2\/product_tag?post=53931"}],"curies":[{"name":"wp","href":"https:\/\/api.w.org\/{rel}","templated":true}]}}