{"id":53923,"date":"2024-07-17T04:14:40","date_gmt":"2024-07-17T04:14:40","guid":{"rendered":"https:\/\/e.kosmolat.eu\/product\/dm-energia-dusas-zeleja-mango-750-ml\/"},"modified":"2026-04-23T11:28:40","modified_gmt":"2026-04-23T11:28:40","slug":"dm-energia-dusas-zeleja-mango-750-ml","status":"publish","type":"product","link":"https:\/\/e.kosmolat.eu\/lv\/product\/dm-energia-dusas-zeleja-mango-750-ml\/","title":{"rendered":"DM Energia Du\u0161as \u017eeleja Mango, 750 ml"},"content":{"rendered":"<p>Du\u0161as \u017eeleja ar vilino\u0161\u0101m, tropisk\u0101m not\u012bm r\u016bp\u0113jas pat par visjut\u012bg\u0101ko \u0101du, pie\u0161\u0137irot tai ener\u0123iju un padarot to mitrin\u0101tu. Dermatolo\u0123iski p\u0101rbaud\u012bts, neitr\u0101ls pH l\u012bmenis. Ar hialuronsk\u0101bi.<\/p>\n","protected":false},"excerpt":{"rendered":"<p>Du\u0161as \u017eeleja ar vilino\u0161\u0101m, tropisk\u0101m not\u012bm r\u016bp\u0113jas pat par visjut\u012bg\u0101ko \u0101du, pie\u0161\u0137irot tai ener\u0123iju un padarot to mitrin\u0101tu. Dermatolo\u0123iski p\u0101rbaud\u012bts, neitr\u0101ls pH l\u012bmenis. Ar hialuronsk\u0101bi.<\/p>\n","protected":false},"featured_media":100060,"template":"","meta":[],"product_cat":[1280],"product_tag":[],"class_list":{"0":"post-53923","1":"product","2":"type-product","3":"status-publish","4":"has-post-thumbnail","6":"product_brand-italchimica-it","7":"product_cat-dusas-zelejas-un-dusas-ellas","9":"first","10":"instock","11":"taxable","12":"shipping-taxable","13":"product-type-simple"},"_links":{"self":[{"href":"https:\/\/e.kosmolat.eu\/lv\/wp-json\/wp\/v2\/product\/53923","targetHints":{"allow":["GET"]}}],"collection":[{"href":"https:\/\/e.kosmolat.eu\/lv\/wp-json\/wp\/v2\/product"}],"about":[{"href":"https:\/\/e.kosmolat.eu\/lv\/wp-json\/wp\/v2\/types\/product"}],"wp:featuredmedia":[{"embeddable":true,"href":"https:\/\/e.kosmolat.eu\/lv\/wp-json\/wp\/v2\/media\/100060"}],"wp:attachment":[{"href":"https:\/\/e.kosmolat.eu\/lv\/wp-json\/wp\/v2\/media?parent=53923"}],"wp:term":[{"taxonomy":"product_cat","embeddable":true,"href":"https:\/\/e.kosmolat.eu\/lv\/wp-json\/wp\/v2\/product_cat?post=53923"},{"taxonomy":"product_tag","embeddable":true,"href":"https:\/\/e.kosmolat.eu\/lv\/wp-json\/wp\/v2\/product_tag?post=53923"}],"curies":[{"name":"wp","href":"https:\/\/api.w.org\/{rel}","templated":true}]}}