{"id":53915,"date":"2024-07-17T04:12:35","date_gmt":"2024-07-17T04:12:35","guid":{"rendered":"https:\/\/e.kosmolat.eu\/product\/dm-carezza-dusas-zeleja-mandele-750-ml\/"},"modified":"2026-04-23T13:30:57","modified_gmt":"2026-04-23T13:30:57","slug":"dm-carezza-dusas-zeleja-mandele-750-ml","status":"publish","type":"product","link":"https:\/\/e.kosmolat.eu\/lv\/product\/dm-carezza-dusas-zeleja-mandele-750-ml\/","title":{"rendered":"DM Carezza Du\u0161as \u017eeleja Mandele, 750 ml"},"content":{"rendered":"<p>Du\u0161as \u017eeleja ar maig\u0101m, nomierino\u0161\u0101m not\u012bm r\u016bp\u0113jas pat par visjut\u012bg\u0101ko \u0101du, padarot to maigu un mitrin\u0101tu. Dermatolo\u0123iski p\u0101rbaud\u012bts, neitr\u0101ls pH l\u012bmenis. Ar hialuronsk\u0101bi.<\/p>\n","protected":false},"excerpt":{"rendered":"<p>Du\u0161as \u017eeleja ar maig\u0101m, nomierino\u0161\u0101m not\u012bm r\u016bp\u0113jas pat par visjut\u012bg\u0101ko \u0101du, padarot to maigu un mitrin\u0101tu. Dermatolo\u0123iski p\u0101rbaud\u012bts, neitr\u0101ls pH l\u012bmenis. Ar hialuronsk\u0101bi.<\/p>\n","protected":false},"featured_media":0,"template":"","meta":[],"product_cat":[1280],"product_tag":[],"class_list":{"0":"post-53915","1":"product","2":"type-product","3":"status-publish","5":"product_brand-italchimica-it","6":"product_cat-dusas-zelejas-un-dusas-ellas","8":"first","9":"instock","10":"taxable","11":"shipping-taxable","12":"product-type-simple"},"_links":{"self":[{"href":"https:\/\/e.kosmolat.eu\/lv\/wp-json\/wp\/v2\/product\/53915","targetHints":{"allow":["GET"]}}],"collection":[{"href":"https:\/\/e.kosmolat.eu\/lv\/wp-json\/wp\/v2\/product"}],"about":[{"href":"https:\/\/e.kosmolat.eu\/lv\/wp-json\/wp\/v2\/types\/product"}],"wp:attachment":[{"href":"https:\/\/e.kosmolat.eu\/lv\/wp-json\/wp\/v2\/media?parent=53915"}],"wp:term":[{"taxonomy":"product_cat","embeddable":true,"href":"https:\/\/e.kosmolat.eu\/lv\/wp-json\/wp\/v2\/product_cat?post=53915"},{"taxonomy":"product_tag","embeddable":true,"href":"https:\/\/e.kosmolat.eu\/lv\/wp-json\/wp\/v2\/product_tag?post=53915"}],"curies":[{"name":"wp","href":"https:\/\/api.w.org\/{rel}","templated":true}]}}