{"id":53907,"date":"2024-07-17T04:11:57","date_gmt":"2024-07-17T04:11:57","guid":{"rendered":"https:\/\/e.kosmolat.eu\/product\/dm-beauty-dusas-zeleja-baltie-ziedi-750-ml\/"},"modified":"2026-04-23T13:12:26","modified_gmt":"2026-04-23T13:12:26","slug":"dm-beauty-dusas-zeleja-baltie-ziedi-750-ml","status":"publish","type":"product","link":"https:\/\/e.kosmolat.eu\/lv\/product\/dm-beauty-dusas-zeleja-baltie-ziedi-750-ml\/","title":{"rendered":"DM Beauty Du\u0161as \u017eeleja Baltie ziedi, 750 ml"},"content":{"rendered":"<p>Du\u0161as \u017eeleja ar izsmalcin\u0101t\u0101m, sald\u0101m not\u012bm r\u016bp\u0113jas pat par visjut\u012bg\u0101ko \u0101du, padarot to samtainu un mitrin\u0101tu. Dermatolo\u0123iski p\u0101rbaud\u012bts, neitr\u0101ls pH l\u012bmenis. Ar hialuronsk\u0101bi.<\/p>\n","protected":false},"excerpt":{"rendered":"<p>Du\u0161as \u017eeleja ar izsmalcin\u0101t\u0101m, sald\u0101m not\u012bm r\u016bp\u0113jas pat par visjut\u012bg\u0101ko \u0101du, padarot to samtainu un mitrin\u0101tu. Dermatolo\u0123iski p\u0101rbaud\u012bts, neitr\u0101ls pH l\u012bmenis. Ar hialuronsk\u0101bi.<\/p>\n","protected":false},"featured_media":100056,"template":"","meta":[],"product_cat":[1282],"product_tag":[],"class_list":{"0":"post-53907","1":"product","2":"type-product","3":"status-publish","4":"has-post-thumbnail","6":"product_brand-italchimica-it","7":"product_cat-duso-geliai-ir-duso-aliejai","9":"first","10":"instock","11":"taxable","12":"shipping-taxable","13":"product-type-simple"},"_links":{"self":[{"href":"https:\/\/e.kosmolat.eu\/lv\/wp-json\/wp\/v2\/product\/53907","targetHints":{"allow":["GET"]}}],"collection":[{"href":"https:\/\/e.kosmolat.eu\/lv\/wp-json\/wp\/v2\/product"}],"about":[{"href":"https:\/\/e.kosmolat.eu\/lv\/wp-json\/wp\/v2\/types\/product"}],"wp:featuredmedia":[{"embeddable":true,"href":"https:\/\/e.kosmolat.eu\/lv\/wp-json\/wp\/v2\/media\/100056"}],"wp:attachment":[{"href":"https:\/\/e.kosmolat.eu\/lv\/wp-json\/wp\/v2\/media?parent=53907"}],"wp:term":[{"taxonomy":"product_cat","embeddable":true,"href":"https:\/\/e.kosmolat.eu\/lv\/wp-json\/wp\/v2\/product_cat?post=53907"},{"taxonomy":"product_tag","embeddable":true,"href":"https:\/\/e.kosmolat.eu\/lv\/wp-json\/wp\/v2\/product_tag?post=53907"}],"curies":[{"name":"wp","href":"https:\/\/api.w.org\/{rel}","templated":true}]}}