{"id":53857,"date":"2024-07-13T15:51:07","date_gmt":"2024-07-13T15:51:07","guid":{"rendered":"https:\/\/e.kosmolat.eu\/product\/b-tonika-8-10-tonejoss-balzams-perlu-pelnu-krasa\/"},"modified":"2025-09-19T16:10:04","modified_gmt":"2025-09-19T16:10:04","slug":"b-tonika-8-10-tonejoss-balzams-perlu-pelnu-krasa","status":"publish","type":"product","link":"https:\/\/e.kosmolat.eu\/lv\/product\/b-tonika-8-10-tonejoss-balzams-perlu-pelnu-krasa\/","title":{"rendered":"B TONIKA 8.10 Ton\u0113jo\u0161s balzams P\u0113r\u013cu pelnu kr\u0101sa"},"content":{"rendered":"<p>NULL<\/p>\n","protected":false},"excerpt":{"rendered":"<p>NULL<\/p>\n","protected":false},"featured_media":0,"template":"","meta":[],"product_cat":[1297],"product_tag":[],"class_list":{"0":"post-53857","1":"product","2":"type-product","3":"status-publish","5":"product_brand-vecie-kodi","6":"product_cat-matu-tonesanas-lidzekli","8":"first","9":"outofstock","10":"taxable","11":"shipping-taxable","12":"product-type-simple"},"_links":{"self":[{"href":"https:\/\/e.kosmolat.eu\/lv\/wp-json\/wp\/v2\/product\/53857","targetHints":{"allow":["GET"]}}],"collection":[{"href":"https:\/\/e.kosmolat.eu\/lv\/wp-json\/wp\/v2\/product"}],"about":[{"href":"https:\/\/e.kosmolat.eu\/lv\/wp-json\/wp\/v2\/types\/product"}],"wp:attachment":[{"href":"https:\/\/e.kosmolat.eu\/lv\/wp-json\/wp\/v2\/media?parent=53857"}],"wp:term":[{"taxonomy":"product_cat","embeddable":true,"href":"https:\/\/e.kosmolat.eu\/lv\/wp-json\/wp\/v2\/product_cat?post=53857"},{"taxonomy":"product_tag","embeddable":true,"href":"https:\/\/e.kosmolat.eu\/lv\/wp-json\/wp\/v2\/product_tag?post=53857"}],"curies":[{"name":"wp","href":"https:\/\/api.w.org\/{rel}","templated":true}]}}