{"id":53849,"date":"2024-07-13T15:50:51","date_gmt":"2024-07-13T15:50:51","guid":{"rendered":"https:\/\/e.kosmolat.eu\/product\/i_se-travel-emulsija-iedegumam-spf-30-90-ml\/"},"modified":"2026-04-21T11:17:13","modified_gmt":"2026-04-21T11:17:13","slug":"i_se-travel-emulsija-iedegumam-spf-30-90-ml","status":"publish","type":"product","link":"https:\/\/e.kosmolat.eu\/lv\/product\/i_se-travel-emulsija-iedegumam-spf-30-90-ml\/","title":{"rendered":"I_&#8221;SE Travel&#8221; Emulsija iedegumam SPF 30, 90 ml"},"content":{"rendered":"<p>Augsts aizsardz\u012bbas l\u012bmenis. L\u012bdzeklis paredz\u0113ts fotojut\u012bgai \u0101dai, lieto\u0161anai akt\u012bvaj\u0101 saul\u0113 vai pirmaj\u0101m dien\u0101m atrodoties saul\u0113. Nodro\u0161ina vienm\u0113r\u012bgu notur\u012bgu iedegumu, sarg\u0101 no saules apdegumiem. Emulsija aizsarg\u0101 \u0101du un kopj to iedeguma laik\u0101, nov\u0113r\u0161 dehidr\u0101ciju. Lieto\u0161ana: saules aizsarg\u0101jo\u0161u l\u012bdzekli bag\u0101t\u012bgi uzkl\u0101t uz \u0101das pirms izie\u0161anas saul\u0113. Uzkl\u0101t atk\u0101rtoti katras 2 stundas, k\u0101 ar\u012b p\u0113c peldes un dvie\u013ca lieto\u0161anas. Piesardz\u012bbas pas\u0101kumi: lietojot nelielu l\u012bdzek\u013ca daudzumu b\u016btiski samazin\u0101s kr\u0113ma aizsardz\u012bbas pak\u0101pe. Neuztur\u0113ties saul\u0113 p\u0101rm\u0113r\u012bgi ilgi par lietojot saulesaizsarg\u0101jo\u0161us l\u012bdzek\u013cus. P\u0101rm\u0113r\u012bg\u0101 atra\u0161an\u0101s saul\u0113, pat lietojot saulesaizsarg\u0101jo\u0161us l\u012bdzek\u013cus var draud\u0113t vesel\u012bbai. Izvair\u012bties no saules staru iedarb\u012bbas starp 12:00 uz 16:00. Nepak\u013caujiet z\u012bdai\u0146us un mazus b\u0113rnus tie\u0161u saules staru iedarb\u012bbai. Lietojiet aizsargap\u0123\u0113rbu (galvassegu, brilles, T-kreklu).\n<\/p>\n<p>\nP\u0113c l\u012bdzek\u013ca uzkl\u0101\u0161anas izvair\u012bties no kontakta ar ap\u0123\u0113rbu un jebkur\u0101m virsm\u0101m, lai tos nenosm\u0113r\u0113t. Ir iesp\u0113jama individu\u0101l\u0101 jut\u012bba uz atsevi\u0161\u0137\u0101m sast\u0101vda\u013c\u0101m.\u00a0\u00a0<\/p>\n<p>\nSatur benzofenonu-3.\u00a0<\/p>\n","protected":false},"excerpt":{"rendered":"<p>Augsts aizsardz\u012bbas l\u012bmenis. L\u012bdzeklis paredz\u0113ts fotojut\u012bgai \u0101dai, lieto\u0161anai akt\u012bvaj\u0101 saul\u0113 vai pirmaj\u0101m dien\u0101m atrodoties saul\u0113. Nodro\u0161ina vienm\u0113r\u012bgu notur\u012bgu iedegumu, sarg\u0101 no saules apdegumiem. Emulsija aizsarg\u0101 \u0101du un kopj to iedeguma laik\u0101, nov\u0113r\u0161 dehidr\u0101ciju. Lieto\u0161ana: saules aizsarg\u0101jo\u0161u l\u012bdzekli bag\u0101t\u012bgi uzkl\u0101t uz \u0101das pirms izie\u0161anas saul\u0113. Uzkl\u0101t atk\u0101rtoti katras 2 stundas, k\u0101 ar\u012b p\u0113c peldes un dvie\u013ca [&#8230;]\n","protected":false},"featured_media":81006,"template":"","meta":[],"product_cat":[1999],"product_tag":[],"class_list":{"0":"post-53849","1":"product","2":"type-product","3":"status-publish","4":"has-post-thumbnail","6":"product_brand-elfa_ua","7":"product_cat-bez-kategorijas","9":"first","10":"instock","11":"taxable","12":"shipping-taxable","13":"product-type-simple"},"_links":{"self":[{"href":"https:\/\/e.kosmolat.eu\/lv\/wp-json\/wp\/v2\/product\/53849","targetHints":{"allow":["GET"]}}],"collection":[{"href":"https:\/\/e.kosmolat.eu\/lv\/wp-json\/wp\/v2\/product"}],"about":[{"href":"https:\/\/e.kosmolat.eu\/lv\/wp-json\/wp\/v2\/types\/product"}],"wp:featuredmedia":[{"embeddable":true,"href":"https:\/\/e.kosmolat.eu\/lv\/wp-json\/wp\/v2\/media\/81006"}],"wp:attachment":[{"href":"https:\/\/e.kosmolat.eu\/lv\/wp-json\/wp\/v2\/media?parent=53849"}],"wp:term":[{"taxonomy":"product_cat","embeddable":true,"href":"https:\/\/e.kosmolat.eu\/lv\/wp-json\/wp\/v2\/product_cat?post=53849"},{"taxonomy":"product_tag","embeddable":true,"href":"https:\/\/e.kosmolat.eu\/lv\/wp-json\/wp\/v2\/product_tag?post=53849"}],"curies":[{"name":"wp","href":"https:\/\/api.w.org\/{rel}","templated":true}]}}