{"id":53841,"date":"2024-07-13T15:39:37","date_gmt":"2024-07-13T15:39:37","guid":{"rendered":"https:\/\/e.kosmolat.eu\/product\/i_se-travel-balzams-pec-saulosanas-si-90-ml\/"},"modified":"2026-04-22T10:02:42","modified_gmt":"2026-04-22T10:02:42","slug":"i_se-travel-balzams-pec-saulosanas-si-90-ml","status":"publish","type":"product","link":"https:\/\/e.kosmolat.eu\/lv\/product\/i_se-travel-balzams-pec-saulosanas-si-90-ml\/","title":{"rendered":"I_&#8221;SE Travel&#8221; Balzams p\u0113c sau\u013co\u0161an\u0101s &#8220;\u0160\u012b&#8221;, 90 ml"},"content":{"rendered":"<p>Speci\u0101ls l\u012bdzeklis \u0101das kop\u0161anai, kas ir cietusi no p\u0101rlieku ilgas uztur\u0113\u0161an\u0101s saul\u0113. Alanto\u012bns un pantenols nov\u0113r\u0161 diskomforta saj utu, nomierina un atjauno \u0101du. <\/p>\n<p>Lieto\u0161ana: vienm\u0113r\u012bgi uzkl\u0101t uz visa \u0137erme\u0146a virsmas vai uz viet\u0101m, kas ir cietu\u0161as no p\u0101rm\u0113r\u012bgas insol\u0101cijas. <\/p>\n<p>Piesardz\u012bbas pas\u0101kumi:  iesp\u0113jama individu\u0101la atsevi\u0161\u0137u produktu nepanesam\u012bba. <\/p>\n<p>Uzglab\u0101\u0161anas temperat\u016bra: no +5 l\u012bdz +25\u00b0C.<\/p>\n","protected":false},"excerpt":{"rendered":"<p>Speci\u0101ls l\u012bdzeklis \u0101das kop\u0161anai, kas ir cietusi no p\u0101rlieku ilgas uztur\u0113\u0161an\u0101s saul\u0113. Alanto\u012bns un pantenols nov\u0113r\u0161 diskomforta saj utu, nomierina un atjauno \u0101du. Lieto\u0161ana: vienm\u0113r\u012bgi uzkl\u0101t uz visa \u0137erme\u0146a virsmas vai uz viet\u0101m, kas ir cietu\u0161as no p\u0101rm\u0113r\u012bgas insol\u0101cijas. Piesardz\u012bbas pas\u0101kumi: iesp\u0113jama individu\u0101la atsevi\u0161\u0137u produktu nepanesam\u012bba. Uzglab\u0101\u0161anas temperat\u016bra: no +5 l\u012bdz +25\u00b0C.<\/p>\n","protected":false},"featured_media":79722,"template":"","meta":[],"product_cat":[1999],"product_tag":[],"class_list":{"0":"post-53841","1":"product","2":"type-product","3":"status-publish","4":"has-post-thumbnail","6":"product_brand-elfa_ua","7":"product_cat-bez-kategorijas","9":"first","10":"instock","11":"taxable","12":"shipping-taxable","13":"product-type-simple"},"_links":{"self":[{"href":"https:\/\/e.kosmolat.eu\/lv\/wp-json\/wp\/v2\/product\/53841","targetHints":{"allow":["GET"]}}],"collection":[{"href":"https:\/\/e.kosmolat.eu\/lv\/wp-json\/wp\/v2\/product"}],"about":[{"href":"https:\/\/e.kosmolat.eu\/lv\/wp-json\/wp\/v2\/types\/product"}],"wp:featuredmedia":[{"embeddable":true,"href":"https:\/\/e.kosmolat.eu\/lv\/wp-json\/wp\/v2\/media\/79722"}],"wp:attachment":[{"href":"https:\/\/e.kosmolat.eu\/lv\/wp-json\/wp\/v2\/media?parent=53841"}],"wp:term":[{"taxonomy":"product_cat","embeddable":true,"href":"https:\/\/e.kosmolat.eu\/lv\/wp-json\/wp\/v2\/product_cat?post=53841"},{"taxonomy":"product_tag","embeddable":true,"href":"https:\/\/e.kosmolat.eu\/lv\/wp-json\/wp\/v2\/product_tag?post=53841"}],"curies":[{"name":"wp","href":"https:\/\/api.w.org\/{rel}","templated":true}]}}