{"id":53833,"date":"2024-07-13T15:36:17","date_gmt":"2024-07-13T15:36:17","guid":{"rendered":"https:\/\/e.kosmolat.eu\/product\/i_fj-higieniska-lupu-krasa-watermelon-36-g-individualaja-iepalojuma\/"},"modified":"2025-09-22T08:12:40","modified_gmt":"2025-09-22T08:12:40","slug":"i_fj-higieniska-lupu-krasa-watermelon-36-g-individualaja-iepalojuma","status":"publish","type":"product","link":"https:\/\/e.kosmolat.eu\/lv\/product\/i_fj-higieniska-lupu-krasa-watermelon-36-g-individualaja-iepalojuma\/","title":{"rendered":"I_&#8221;FJ&#8221; Higi\u0113nisk\u0101 l\u016bpu kr\u0101sa Watermelon 3,6 g individu\u0101laj\u0101 iepalojum\u0101"},"content":{"rendered":"<p>Arb\u016bzs. Lieto\u0161ana: uzkl\u0101t uz l\u016bp\u0101m.<\/p>\n","protected":false},"excerpt":{"rendered":"<p>Arb\u016bzs. Lieto\u0161ana: uzkl\u0101t uz l\u016bp\u0101m.<\/p>\n","protected":false},"featured_media":83006,"template":"","meta":[],"product_cat":[1384],"product_tag":[],"class_list":{"0":"post-53833","1":"product","2":"type-product","3":"status-publish","4":"has-post-thumbnail","6":"product_brand-sale","7":"product_cat-lupu-balzams","9":"first","10":"instock","11":"taxable","12":"shipping-taxable","13":"product-type-simple"},"_links":{"self":[{"href":"https:\/\/e.kosmolat.eu\/lv\/wp-json\/wp\/v2\/product\/53833","targetHints":{"allow":["GET"]}}],"collection":[{"href":"https:\/\/e.kosmolat.eu\/lv\/wp-json\/wp\/v2\/product"}],"about":[{"href":"https:\/\/e.kosmolat.eu\/lv\/wp-json\/wp\/v2\/types\/product"}],"wp:featuredmedia":[{"embeddable":true,"href":"https:\/\/e.kosmolat.eu\/lv\/wp-json\/wp\/v2\/media\/83006"}],"wp:attachment":[{"href":"https:\/\/e.kosmolat.eu\/lv\/wp-json\/wp\/v2\/media?parent=53833"}],"wp:term":[{"taxonomy":"product_cat","embeddable":true,"href":"https:\/\/e.kosmolat.eu\/lv\/wp-json\/wp\/v2\/product_cat?post=53833"},{"taxonomy":"product_tag","embeddable":true,"href":"https:\/\/e.kosmolat.eu\/lv\/wp-json\/wp\/v2\/product_tag?post=53833"}],"curies":[{"name":"wp","href":"https:\/\/api.w.org\/{rel}","templated":true}]}}