{"id":53817,"date":"2024-07-13T15:26:31","date_gmt":"2024-07-13T15:26:31","guid":{"rendered":"https:\/\/e.kosmolat.eu\/product\/i_fj-higieniska-lupu-krasa-panna-cotta-individualaja-iepakojuma\/"},"modified":"2025-09-19T19:36:21","modified_gmt":"2025-09-19T19:36:21","slug":"i_fj-higieniska-lupu-krasa-panna-cotta-individualaja-iepakojuma","status":"publish","type":"product","link":"https:\/\/e.kosmolat.eu\/lv\/product\/i_fj-higieniska-lupu-krasa-panna-cotta-individualaja-iepakojuma\/","title":{"rendered":"I_&#8221;FJ&#8221; Higi\u0113nisk\u0101 l\u016bpu kr\u0101sa Panna Cotta individu\u0101laj\u0101 iepakojum\u0101"},"content":{"rendered":"<p>Panna kotta. Lieto\u0161ana: uzkl\u0101t uz l\u016bp\u0101m.<\/p>\n","protected":false},"excerpt":{"rendered":"<p>Panna kotta. Lieto\u0161ana: uzkl\u0101t uz l\u016bp\u0101m.<\/p>\n","protected":false},"featured_media":82998,"template":"","meta":[],"product_cat":[1384],"product_tag":[],"class_list":{"0":"post-53817","1":"product","2":"type-product","3":"status-publish","4":"has-post-thumbnail","6":"product_brand-elfa_ua","7":"product_cat-lupu-balzams","9":"first","10":"outofstock","11":"taxable","12":"shipping-taxable","13":"product-type-simple"},"_links":{"self":[{"href":"https:\/\/e.kosmolat.eu\/lv\/wp-json\/wp\/v2\/product\/53817","targetHints":{"allow":["GET"]}}],"collection":[{"href":"https:\/\/e.kosmolat.eu\/lv\/wp-json\/wp\/v2\/product"}],"about":[{"href":"https:\/\/e.kosmolat.eu\/lv\/wp-json\/wp\/v2\/types\/product"}],"wp:featuredmedia":[{"embeddable":true,"href":"https:\/\/e.kosmolat.eu\/lv\/wp-json\/wp\/v2\/media\/82998"}],"wp:attachment":[{"href":"https:\/\/e.kosmolat.eu\/lv\/wp-json\/wp\/v2\/media?parent=53817"}],"wp:term":[{"taxonomy":"product_cat","embeddable":true,"href":"https:\/\/e.kosmolat.eu\/lv\/wp-json\/wp\/v2\/product_cat?post=53817"},{"taxonomy":"product_tag","embeddable":true,"href":"https:\/\/e.kosmolat.eu\/lv\/wp-json\/wp\/v2\/product_tag?post=53817"}],"curies":[{"name":"wp","href":"https:\/\/api.w.org\/{rel}","templated":true}]}}