{"id":53785,"date":"2024-07-13T15:25:23","date_gmt":"2024-07-13T15:25:23","guid":{"rendered":"https:\/\/e.kosmolat.eu\/product\/lb-bernu-zobu-pasta-no-2-gadu-vecuma-50-ml\/"},"modified":"2025-09-19T19:01:47","modified_gmt":"2025-09-19T19:01:47","slug":"lb-bernu-zobu-pasta-no-2-gadu-vecuma-50-ml","status":"publish","type":"product","link":"https:\/\/e.kosmolat.eu\/lv\/product\/lb-bernu-zobu-pasta-no-2-gadu-vecuma-50-ml\/","title":{"rendered":"LB B\u0113rnu zobu pasta no 2 gadu vecuma, 50 ml"},"content":{"rendered":"<p>&nbsp;<\/p>\n<ul>\n<li>Dab\u012bgs antibakteri\u0101ls komplekss ar magnoliju aizsarg\u0101 no aplikuma veido\u0161an\u0101s &ndash; kas ir smaganu probl\u0113mu pamatiemesls.<\/li>\n<li>Formula ar kalciju stiprina zobu emalju un sniedz pretkariesa efektu.<\/li>\n<li>Alvejas sula sniedz nomierino\u0161u un antioksidantu iedarb\u012bbu mutes dobum\u0101.<\/li>\n<\/ul>\n<p><strong>Lieto\u0161ana:<\/strong> nelielu pastas daudzumu zir\u0146a lielum\u0101 izspiest uz zobu birsti, t\u012br\u012bt zobus 2-3 min\u016btes 2 reizes dien\u0101. Nor\u012b\u0161anas minimaliz\u0101cijai lietot nelielu zobu pastas daudzumu vec\u0101ku uzraudz\u012bb\u0101. Nav \u0101rstniecisks l\u012bdzeklis. Lieto\u0161ana neatbr\u012bvo no stomatologa apmekl\u0113\u0161anas.<\/p>\n<p>&nbsp;<\/p>\n","protected":false},"excerpt":{"rendered":"<p>&nbsp; Dab\u012bgs antibakteri\u0101ls komplekss ar magnoliju aizsarg\u0101 no aplikuma veido\u0161an\u0101s &ndash; kas ir smaganu probl\u0113mu pamatiemesls. Formula ar kalciju stiprina zobu emalju un sniedz pretkariesa efektu. Alvejas sula sniedz nomierino\u0161u un antioksidantu iedarb\u012bbu mutes dobum\u0101. Lieto\u0161ana: nelielu pastas daudzumu zir\u0146a lielum\u0101 izspiest uz zobu birsti, t\u012br\u012bt zobus 2-3 min\u016btes 2 reizes dien\u0101. Nor\u012b\u0161anas minimaliz\u0101cijai lietot [&#8230;]\n","protected":false},"featured_media":82414,"template":"","meta":[],"product_cat":[1335],"product_tag":[],"class_list":{"0":"post-53785","1":"product","2":"type-product","3":"status-publish","4":"has-post-thumbnail","6":"product_brand-unilever-rus","7":"product_cat-bernu-mutes-dobuma-higiena","9":"first","10":"outofstock","11":"taxable","12":"shipping-taxable","13":"product-type-simple"},"_links":{"self":[{"href":"https:\/\/e.kosmolat.eu\/lv\/wp-json\/wp\/v2\/product\/53785","targetHints":{"allow":["GET"]}}],"collection":[{"href":"https:\/\/e.kosmolat.eu\/lv\/wp-json\/wp\/v2\/product"}],"about":[{"href":"https:\/\/e.kosmolat.eu\/lv\/wp-json\/wp\/v2\/types\/product"}],"wp:featuredmedia":[{"embeddable":true,"href":"https:\/\/e.kosmolat.eu\/lv\/wp-json\/wp\/v2\/media\/82414"}],"wp:attachment":[{"href":"https:\/\/e.kosmolat.eu\/lv\/wp-json\/wp\/v2\/media?parent=53785"}],"wp:term":[{"taxonomy":"product_cat","embeddable":true,"href":"https:\/\/e.kosmolat.eu\/lv\/wp-json\/wp\/v2\/product_cat?post=53785"},{"taxonomy":"product_tag","embeddable":true,"href":"https:\/\/e.kosmolat.eu\/lv\/wp-json\/wp\/v2\/product_tag?post=53785"}],"curies":[{"name":"wp","href":"https:\/\/api.w.org\/{rel}","templated":true}]}}