{"id":53777,"date":"2024-07-13T15:20:58","date_gmt":"2024-07-13T15:20:58","guid":{"rendered":"https:\/\/e.kosmolat.eu\/product\/cl-micelarais-udens-ideala-ada-400-ml\/"},"modified":"2025-09-19T17:18:46","modified_gmt":"2025-09-19T17:18:46","slug":"cl-micelarais-udens-ideala-ada-400-ml","status":"publish","type":"product","link":"https:\/\/e.kosmolat.eu\/lv\/product\/cl-micelarais-udens-ideala-ada-400-ml\/","title":{"rendered":"CL  Micel\u0101rais \u016bdens &#8220;Ide\u0101la \u0101da&#8221;, 400 ml"},"content":{"rendered":"<p>Vulkanisk\u0101 micel\u0101rais \u016bdens k\u0101 absorbents, efekt\u012bvi att\u012bra \u0101du, nekairina. Za\u013c\u0101s t\u0113jas ekstrakts c\u012bn\u0101s ar iekaisumiem un samazina to p\u0113das. Ide\u0101li t\u012bra un l\u012bdzena \u0101da. Tiek rekomend\u0113ts problem\u0101tiskai, jut\u012bgai \u0101dai. <\/p>\n<h4>Lieto\u0161ana: <\/h4>\n<p>uzkl\u0101jiet nedaudz l\u012bdzek\u013ca uz vates diska un saudz\u012bgi att\u012briet sejas \u0101du. Makij\u0101\u017eas no\u0146em\u0161anai no ac\u012bm pielieciet disku pie plaksti\u0146iem uz da\u017e\u0101m sekund\u0113m, aizveriet acis, tad saudz\u012bgi likvid\u0113jiet makij\u0101\u017eu. Izvair\u012bties no iek\u013c\u016b\u0161anas ac\u012bs. Nav \u0101rstniecisks l\u012bdzeklis.\u00a0<\/p>\n","protected":false},"excerpt":{"rendered":"<p>Vulkanisk\u0101 micel\u0101rais \u016bdens k\u0101 absorbents, efekt\u012bvi att\u012bra \u0101du, nekairina. Za\u013c\u0101s t\u0113jas ekstrakts c\u012bn\u0101s ar iekaisumiem un samazina to p\u0113das. Ide\u0101li t\u012bra un l\u012bdzena \u0101da. Tiek rekomend\u0113ts problem\u0101tiskai, jut\u012bgai \u0101dai. Lieto\u0161ana: uzkl\u0101jiet nedaudz l\u012bdzek\u013ca uz vates diska un saudz\u012bgi att\u012briet sejas \u0101du. Makij\u0101\u017eas no\u0146em\u0161anai no ac\u012bm pielieciet disku pie plaksti\u0146iem uz da\u017e\u0101m sekund\u0113m, aizveriet acis, tad [&#8230;]\n","protected":false},"featured_media":80674,"template":"","meta":[],"product_cat":[1569],"product_tag":[],"class_list":{"0":"post-53777","1":"product","2":"type-product","3":"status-publish","4":"has-post-thumbnail","6":"product_brand-unilever-rus","7":"product_cat-1569","9":"first","10":"outofstock","11":"taxable","12":"shipping-taxable","13":"product-type-simple"},"_links":{"self":[{"href":"https:\/\/e.kosmolat.eu\/lv\/wp-json\/wp\/v2\/product\/53777","targetHints":{"allow":["GET"]}}],"collection":[{"href":"https:\/\/e.kosmolat.eu\/lv\/wp-json\/wp\/v2\/product"}],"about":[{"href":"https:\/\/e.kosmolat.eu\/lv\/wp-json\/wp\/v2\/types\/product"}],"wp:featuredmedia":[{"embeddable":true,"href":"https:\/\/e.kosmolat.eu\/lv\/wp-json\/wp\/v2\/media\/80674"}],"wp:attachment":[{"href":"https:\/\/e.kosmolat.eu\/lv\/wp-json\/wp\/v2\/media?parent=53777"}],"wp:term":[{"taxonomy":"product_cat","embeddable":true,"href":"https:\/\/e.kosmolat.eu\/lv\/wp-json\/wp\/v2\/product_cat?post=53777"},{"taxonomy":"product_tag","embeddable":true,"href":"https:\/\/e.kosmolat.eu\/lv\/wp-json\/wp\/v2\/product_tag?post=53777"}],"curies":[{"name":"wp","href":"https:\/\/api.w.org\/{rel}","templated":true}]}}