{"id":53773,"date":"2024-07-12T16:18:53","date_gmt":"2024-07-12T16:18:53","guid":{"rendered":"https:\/\/e.kosmolat.eu\/product\/pomorin-herbal-zobu-pasta-100-ml\/"},"modified":"2026-04-01T07:55:42","modified_gmt":"2026-04-01T07:55:42","slug":"pomorin-herbal-zobu-pasta-100-ml","status":"publish","type":"product","link":"https:\/\/e.kosmolat.eu\/lv\/product\/pomorin-herbal-zobu-pasta-100-ml\/","title":{"rendered":"Pomorin Herbal Zobu pasta, 100 ml"},"content":{"rendered":"<p>Z\u0101\u013cu zobu pasta ar dab\u012bgo Pomori ezera s\u0101rmu un kumel\u012b&scaron;u un skumpijas ekstraktiem. Satur n\u0101trija fluor\u012bdu, kas kalpo par uzticamu profilakses l\u012bdzekli pret kariesu un veicina zobu emaljas remineraliz\u0101ciju. Kumel\u012b&scaron;u un skumpijas ekstrakts savelk un nomierina smaganas. Pomori ezera s\u0101rms pasarg\u0101 mutes g\u013cot\u0101du no iekaisumiem.<\/p>\n<p><strong>Lieto&scaron;ana: <\/strong>lai nodro&scaron;in\u0101tu zobu un smaganu vesel\u012bbu, zobu pastu lietot regul\u0101ri, vismaz divas reizes dien\u0101, t\u012brot 2-3 min\u016btes ar atbilsto&scaron;u zobu birsti.&nbsp;<\/p>\n<p><strong>Br\u012bdin\u0101jums:<\/strong> Satur n\u0101trija fluor\u012bdu 0,145%, kas apr\u0113\u0137in\u0101ti k\u0101 F.&nbsp;<\/p>\n<p>L\u012bdzeklis piem\u0113rots pieaugu&scaron;ajiem un b\u0113rniem, kas vec\u0101ki par 7 gadiem.<\/p>\n<p>Uzglab\u0101t saus\u0101 viet\u0101 temperat\u016br\u0101 no +5&deg;C l\u012bdz +25&deg;C.<br \/>\n&nbsp;<\/p>\n","protected":false},"excerpt":{"rendered":"<p>Z\u0101\u013cu zobu pasta ar dab\u012bgo Pomori ezera s\u0101rmu un kumel\u012b&scaron;u un skumpijas ekstraktiem. Satur n\u0101trija fluor\u012bdu, kas kalpo par uzticamu profilakses l\u012bdzekli pret kariesu un veicina zobu emaljas remineraliz\u0101ciju. Kumel\u012b&scaron;u un skumpijas ekstrakts savelk un nomierina smaganas. Pomori ezera s\u0101rms pasarg\u0101 mutes g\u013cot\u0101du no iekaisumiem. Lieto&scaron;ana: lai nodro&scaron;in\u0101tu zobu un smaganu vesel\u012bbu, zobu pastu lietot [&#8230;]\n","protected":false},"featured_media":89658,"template":"","meta":[],"product_cat":[1306],"product_tag":[],"class_list":{"0":"post-53773","1":"product","2":"type-product","3":"status-publish","4":"has-post-thumbnail","6":"product_brand-danhson_bg","7":"product_cat-zobu-pastas-un-zelejas","9":"first","10":"outofstock","11":"taxable","12":"shipping-taxable","13":"product-type-simple"},"_links":{"self":[{"href":"https:\/\/e.kosmolat.eu\/lv\/wp-json\/wp\/v2\/product\/53773","targetHints":{"allow":["GET"]}}],"collection":[{"href":"https:\/\/e.kosmolat.eu\/lv\/wp-json\/wp\/v2\/product"}],"about":[{"href":"https:\/\/e.kosmolat.eu\/lv\/wp-json\/wp\/v2\/types\/product"}],"wp:featuredmedia":[{"embeddable":true,"href":"https:\/\/e.kosmolat.eu\/lv\/wp-json\/wp\/v2\/media\/89658"}],"wp:attachment":[{"href":"https:\/\/e.kosmolat.eu\/lv\/wp-json\/wp\/v2\/media?parent=53773"}],"wp:term":[{"taxonomy":"product_cat","embeddable":true,"href":"https:\/\/e.kosmolat.eu\/lv\/wp-json\/wp\/v2\/product_cat?post=53773"},{"taxonomy":"product_tag","embeddable":true,"href":"https:\/\/e.kosmolat.eu\/lv\/wp-json\/wp\/v2\/product_tag?post=53773"}],"curies":[{"name":"wp","href":"https:\/\/api.w.org\/{rel}","templated":true}]}}