{"id":53765,"date":"2024-07-12T16:18:35","date_gmt":"2024-07-12T16:18:35","guid":{"rendered":"https:\/\/e.kosmolat.eu\/product\/dr-hc-kerat-argin-biot-maks-energija-matu-sprejs-150-ml\/"},"modified":"2026-03-31T20:19:43","modified_gmt":"2026-03-31T20:19:43","slug":"i__the-doctor-hc-kerat-argin-biot-maks-energija-matu-sprejs-150-ml","status":"publish","type":"product","link":"https:\/\/e.kosmolat.eu\/lv\/product\/i__the-doctor-hc-kerat-argin-biot-maks-energija-matu-sprejs-150-ml\/","title":{"rendered":"I__THE DOCTOR H&#038;C  Kerat. + Argin. + Biot. Maks. ener\u0123ija Matu sprejs, 150 ml"},"content":{"rendered":"<p>Komplekss ar kerat\u012bnu, argin\u012bnu un biot\u012bnu. Atjauno elast\u012bbu, m\u012bkstina matus, pie&scaron;\u0137irot tiem sp\u012bdumu un atvieglojot \u0137emm\u0113&scaron;anu.<\/p>\n<p><strong>Lieto&scaron;ana:<\/strong> uzkl\u0101t uz mitriem vai sausiem matiem, izsmidzin\u0101t att\u0101lum\u0101 15-20 cm. Nenomazg\u0101t.<\/p>\n<p><strong>Piesardz\u012bbas pas\u0101kumi:<\/strong> iek\u013c\u016bstot ac\u012bs, izskalot ar \u016bdeni.<\/p>\n<p>Uzglab\u0101t temperat\u016br\u0101 no +5 &deg;C l\u012bdz +25 &deg;\u0421.<br \/>\n&nbsp;<\/p>\n","protected":false},"excerpt":{"rendered":"<p>Komplekss ar kerat\u012bnu, argin\u012bnu un biot\u012bnu. Atjauno elast\u012bbu, m\u012bkstina matus, pie&scaron;\u0137irot tiem sp\u012bdumu un atvieglojot \u0137emm\u0113&scaron;anu. Lieto&scaron;ana: uzkl\u0101t uz mitriem vai sausiem matiem, izsmidzin\u0101t att\u0101lum\u0101 15-20 cm. Nenomazg\u0101t. Piesardz\u012bbas pas\u0101kumi: iek\u013c\u016bstot ac\u012bs, izskalot ar \u016bdeni. Uzglab\u0101t temperat\u016br\u0101 no +5 &deg;C l\u012bdz +25 &deg;\u0421. &nbsp;<\/p>\n","protected":false},"featured_media":90114,"template":"","meta":[],"product_cat":[1345],"product_tag":[],"class_list":{"0":"post-53765","1":"product","2":"type-product","3":"status-publish","4":"has-post-thumbnail","6":"product_brand-elfa_ua","7":"product_cat-kitos-plauku-prieziuros-priemones","9":"first","10":"outofstock","11":"taxable","12":"shipping-taxable","13":"product-type-simple"},"_links":{"self":[{"href":"https:\/\/e.kosmolat.eu\/lv\/wp-json\/wp\/v2\/product\/53765","targetHints":{"allow":["GET"]}}],"collection":[{"href":"https:\/\/e.kosmolat.eu\/lv\/wp-json\/wp\/v2\/product"}],"about":[{"href":"https:\/\/e.kosmolat.eu\/lv\/wp-json\/wp\/v2\/types\/product"}],"wp:featuredmedia":[{"embeddable":true,"href":"https:\/\/e.kosmolat.eu\/lv\/wp-json\/wp\/v2\/media\/90114"}],"wp:attachment":[{"href":"https:\/\/e.kosmolat.eu\/lv\/wp-json\/wp\/v2\/media?parent=53765"}],"wp:term":[{"taxonomy":"product_cat","embeddable":true,"href":"https:\/\/e.kosmolat.eu\/lv\/wp-json\/wp\/v2\/product_cat?post=53765"},{"taxonomy":"product_tag","embeddable":true,"href":"https:\/\/e.kosmolat.eu\/lv\/wp-json\/wp\/v2\/product_tag?post=53765"}],"curies":[{"name":"wp","href":"https:\/\/api.w.org\/{rel}","templated":true}]}}