{"id":53739,"date":"2024-07-11T14:35:53","date_gmt":"2024-07-11T14:35:53","guid":{"rendered":"https:\/\/e.kosmolat.eu\/product\/silk-aqua-smarzudens-sievietem-100-ml\/"},"modified":"2025-01-29T11:21:01","modified_gmt":"2025-01-29T11:21:01","slug":"silk-aqua-smarzudens-sievietem-100-ml","status":"publish","type":"product","link":"https:\/\/e.kosmolat.eu\/lv\/product\/silk-aqua-smarzudens-sievietem-100-ml\/","title":{"rendered":"SILK AQUA Smar\u017e\u016bdens sieviet\u0113m, 100 ml"},"content":{"rendered":"<p>Etilspirta tilpuma da\u013ca: 80% tilp.<\/p>\n<p>Uzglab\u0101t temperat\u016br\u0101 no +5\u00b0C l\u012bdz +25\u00b0C, prom no apkures ier\u012bc\u0113m, sarg\u0101jot no tie\u0161iem saules stariem.Tikai \u0101r\u012bgai lieto\u0161anai. Izvair\u012bties no iek\u013c\u016b\u0161anas ac\u012bs. Neizsmidzin\u0101t atv\u0113rtu liesmu tuvum\u0101. Lieto\u0161ana p\u0101rtikas nol\u016bkos ir b\u012bstama dz\u012bv\u012bbai un vesel\u012bbai.<\/p>\n","protected":false},"excerpt":{"rendered":"<p>Etilspirta tilpuma da\u013ca: 80% tilp. Uzglab\u0101t temperat\u016br\u0101 no +5\u00b0C l\u012bdz +25\u00b0C, prom no apkures ier\u012bc\u0113m, sarg\u0101jot no tie\u0161iem saules stariem.Tikai \u0101r\u012bgai lieto\u0161anai. Izvair\u012bties no iek\u013c\u016b\u0161anas ac\u012bs. Neizsmidzin\u0101t atv\u0113rtu liesmu tuvum\u0101. Lieto\u0161ana p\u0101rtikas nol\u016bkos ir b\u012bstama dz\u012bv\u012bbai un vesel\u012bbai.<\/p>\n","protected":false},"featured_media":53743,"template":"","meta":[],"product_cat":[1999],"product_tag":[],"class_list":{"0":"post-53739","1":"product","2":"type-product","3":"status-publish","4":"has-post-thumbnail","6":"product_brand-parfum-by","7":"product_cat-bez-kategorijas","9":"first","10":"outofstock","11":"taxable","12":"shipping-taxable","13":"product-type-simple"},"_links":{"self":[{"href":"https:\/\/e.kosmolat.eu\/lv\/wp-json\/wp\/v2\/product\/53739","targetHints":{"allow":["GET"]}}],"collection":[{"href":"https:\/\/e.kosmolat.eu\/lv\/wp-json\/wp\/v2\/product"}],"about":[{"href":"https:\/\/e.kosmolat.eu\/lv\/wp-json\/wp\/v2\/types\/product"}],"wp:featuredmedia":[{"embeddable":true,"href":"https:\/\/e.kosmolat.eu\/lv\/wp-json\/wp\/v2\/media\/53743"}],"wp:attachment":[{"href":"https:\/\/e.kosmolat.eu\/lv\/wp-json\/wp\/v2\/media?parent=53739"}],"wp:term":[{"taxonomy":"product_cat","embeddable":true,"href":"https:\/\/e.kosmolat.eu\/lv\/wp-json\/wp\/v2\/product_cat?post=53739"},{"taxonomy":"product_tag","embeddable":true,"href":"https:\/\/e.kosmolat.eu\/lv\/wp-json\/wp\/v2\/product_tag?post=53739"}],"curies":[{"name":"wp","href":"https:\/\/api.w.org\/{rel}","templated":true}]}}