{"id":53665,"date":"2024-07-10T04:25:27","date_gmt":"2024-07-10T04:25:27","guid":{"rendered":"https:\/\/e.kosmolat.eu\/product\/blyskavka-fresh-anti-odor-smaku-neitralizetajs-1-gab-50-g\/"},"modified":"2026-04-23T14:13:55","modified_gmt":"2026-04-23T14:13:55","slug":"blyskavka-fresh-anti-odor-smaku-neitralizetajs-1-gab-50-g","status":"publish","type":"product","link":"https:\/\/e.kosmolat.eu\/lv\/product\/blyskavka-fresh-anti-odor-smaku-neitralizetajs-1-gab-50-g\/","title":{"rendered":"Blyskavka Fresh Anti-odor. Smaku neitraliz\u0113t\u0101js, 1 gab., 50 g"},"content":{"rendered":"<p>Smaku neitraliz\u0113t\u0101js ir paredz\u0113ts, lai nov\u0113rstu nev\u0113lamas smakas un mitrumu. Nav toksisks, bez smar\u017eas.<\/p>\n<p>Lieto\u0161ana: iz\u0146emiet smaku neitraliz\u0113t\u0101ju no iepakojuma un novietojiet viet\u0101, kur v\u0113laties neitraliz\u0113t nev\u0113lam\u0101s smakas: skap\u012b, garderob\u0113, ledusskap\u012b, automa\u0161\u012bn\u0101, ce\u013cojuma som\u0101 u.c.<\/p>\n<p>Uzman\u012bbu: neatv\u0113rt, nedurt, neboj\u0101t maisi\u0146u un neiz\u0146emt no t\u0101 granulas. Uzglab\u0101t b\u0113rniem, dz\u012bvniekiem un putniem nepieejam\u0101 viet\u0101, vismaz 1 m att\u0101lum\u0101 no apkures ier\u012bc\u0113m, apst\u0101k\u013cos, kas nav pak\u013cauti agres\u012bvai vides ietekmei. Sarg\u0101t no viegli uzliesmojo\u0161\u0101m viel\u0101m. Izvair\u012bties no saskares ar ac\u012bm. Ja l\u012bdzeklis nok\u013c\u016bst ac\u012bs, izskalot t\u0101s ar lielu daudzumu \u016bdens 15-20 min\u016btes un, ja nepiecie\u0161ams, konsult\u0113ties ar \u0101rstu. Nenor\u012bt! Nor\u012b\u0161anas gad\u012bjum\u0101 nekav\u0113joties konsult\u0113ties ar \u0101rstu un \u0146emt l\u012bdzi eti\u0137eti.<\/p>\n<p>Sast\u0101vs: neitr\u0101l\u0101 pildviela, ogles.<\/p>\n<p>Der\u012bguma termi\u0146\u0161: 30 dienas no atv\u0113r\u0161anas br\u012b\u017ea.<\/p>\n<p>Uzglab\u0101\u0161anas noteikumi un utiliz\u0101cija: uzglab\u0101t temperat\u016br\u0101 no -20\u00b0C l\u012bdz +40\u00b0C un relat\u012bvaj\u0101 gaisa mitrum\u0101 no 25% l\u012bdz 70%. P\u0113c lieto\u0161anas utiliz\u0113t k\u0101 sadz\u012bves atkritumus.<\/p>\n","protected":false},"excerpt":{"rendered":"<p>Smaku neitraliz\u0113t\u0101js ir paredz\u0113ts, lai nov\u0113rstu nev\u0113lamas smakas un mitrumu. Nav toksisks, bez smar\u017eas. Lieto\u0161ana: iz\u0146emiet smaku neitraliz\u0113t\u0101ju no iepakojuma un novietojiet viet\u0101, kur v\u0113laties neitraliz\u0113t nev\u0113lam\u0101s smakas: skap\u012b, garderob\u0113, ledusskap\u012b, automa\u0161\u012bn\u0101, ce\u013cojuma som\u0101 u.c. Uzman\u012bbu: neatv\u0113rt, nedurt, neboj\u0101t maisi\u0146u un neiz\u0146emt no t\u0101 granulas. Uzglab\u0101t b\u0113rniem, dz\u012bvniekiem un putniem nepieejam\u0101 viet\u0101, vismaz 1 m [&#8230;]\n","protected":false},"featured_media":99385,"template":"","meta":[],"product_cat":[1524],"product_tag":[],"class_list":{"0":"post-53665","1":"product","2":"type-product","3":"status-publish","4":"has-post-thumbnail","6":"product_brand-blyskavka_ua","7":"product_cat-oro-gaivikliai-namu-kvapikliai","9":"first","10":"instock","11":"taxable","12":"shipping-taxable","13":"product-type-simple"},"_links":{"self":[{"href":"https:\/\/e.kosmolat.eu\/lv\/wp-json\/wp\/v2\/product\/53665","targetHints":{"allow":["GET"]}}],"collection":[{"href":"https:\/\/e.kosmolat.eu\/lv\/wp-json\/wp\/v2\/product"}],"about":[{"href":"https:\/\/e.kosmolat.eu\/lv\/wp-json\/wp\/v2\/types\/product"}],"wp:featuredmedia":[{"embeddable":true,"href":"https:\/\/e.kosmolat.eu\/lv\/wp-json\/wp\/v2\/media\/99385"}],"wp:attachment":[{"href":"https:\/\/e.kosmolat.eu\/lv\/wp-json\/wp\/v2\/media?parent=53665"}],"wp:term":[{"taxonomy":"product_cat","embeddable":true,"href":"https:\/\/e.kosmolat.eu\/lv\/wp-json\/wp\/v2\/product_cat?post=53665"},{"taxonomy":"product_tag","embeddable":true,"href":"https:\/\/e.kosmolat.eu\/lv\/wp-json\/wp\/v2\/product_tag?post=53665"}],"curies":[{"name":"wp","href":"https:\/\/api.w.org\/{rel}","templated":true}]}}