{"id":53641,"date":"2024-07-10T04:12:11","date_gmt":"2024-07-10T04:12:11","guid":{"rendered":"https:\/\/e.kosmolat.eu\/product\/blyskavka-fresh-gaisa-atsv-ar-impregnes-karaliskais-kasemirs-1-gab-10-g\/"},"modified":"2026-04-07T09:59:55","modified_gmt":"2026-04-07T09:59:55","slug":"blyskavka-fresh-gaisa-atsv-ar-impregnes-karaliskais-kasemirs-1-gab-10-g","status":"publish","type":"product","link":"https:\/\/e.kosmolat.eu\/lv\/product\/blyskavka-fresh-gaisa-atsv-ar-impregnes-karaliskais-kasemirs-1-gab-10-g\/","title":{"rendered":"Blyskavka Fresh Gaisa atsv. ar impregn\u0113\u0161. Karaliskais ka\u0161em\u012brs, 1 gab., 10 g"},"content":{"rendered":"<p>L\u012bdzeklis ir paredz\u0113ts, lai pie\u0161\u0137irtu svaigumu gaisam neliel\u0101 sl\u0113gt\u0101 telp\u0101, k\u0101 ar\u012b, lai pie\u0161\u0137irtu pat\u012bkamu arom\u0101tu j\u016bsu ap\u0123\u0113rbam.<\/p>\n<p>Lieto\u0161ana: iz\u0146emiet sa\u0161\u0113 no iepakojuma un novietojiet viet\u0101, kur v\u0113laties izplat\u012bt arom\u0101tu: skap\u012b starp ap\u0123\u0113rbiem, garderob\u0113 vai plaukt\u0101 ar gultas ve\u013cu, automa\u0161\u012bn\u0101, ce\u013cojuma som\u0101 u.c.<\/p>\n<p>Uzman\u012bbu: neatv\u0113rt, nedurt, neboj\u0101t maisi\u0146u un neiz\u0146emt no t\u0101 granulas. Uzglab\u0101t b\u0113rniem, dz\u012bvniekiem un putniem nepieejam\u0101 viet\u0101, vismaz 1 m att\u0101lum\u0101 no apkures ier\u012bc\u0113m, apst\u0101k\u013cos, kas nav pak\u013cauti agres\u012bvai vides ietekmei. Sarg\u0101t no viegli uzliesmojo\u0161\u0101m viel\u0101m. Sarg\u0101t no mitruma. L\u012bdzeklis nav ieteicams lieto\u0161anai cilv\u0113kiem ar slim\u012bb\u0101m vai paaugstin\u0101tu \u0101das jut\u012bbu. Izvair\u012bties no saskares ar \u0101du un ac\u012bm. P\u0113c gaisa atsvaidzin\u0101t\u0101ja lieto\u0161anas, nomazg\u0101t rokas. Ja l\u012bdzeklis nok\u013c\u016bst ac\u012bs, izskalot t\u0101s ar lielu daudzumu \u016bdens 15-20 min\u016btes un, ja nepiecie\u0161ams, konsult\u0113ties ar \u0101rstu. Nenor\u012bt! Nor\u012b\u0161anas gad\u012bjum\u0101 nekav\u0113joties konsult\u0113ties ar \u0101rstu un \u0146emt l\u012bdzi eti\u0137eti.<\/p>\n<p>Sast\u0101vs: neitr\u0101l\u0101 pildviela, smar\u017eas un arom\u0101tisk\u0101s kompoz\u012bcijas.<\/p>\n<p>Der\u012bguma termi\u0146\u0161: 30 dienas no atv\u0113r\u0161anas br\u012b\u017ea.<\/p>\n<p>Uzglab\u0101\u0161anas noteikumi un utiliz\u0101cija: uzglab\u0101t temperat\u016br\u0101 no -20\u00b0C l\u012bdz +40\u00b0C un relat\u012bvaj\u0101 gaisa mitrum\u0101 no 25% l\u012bdz 70%. P\u0113c lieto\u0161anas utiliz\u0113t k\u0101 sadz\u012bves atkritumus.<\/p>\n","protected":false},"excerpt":{"rendered":"<p>L\u012bdzeklis ir paredz\u0113ts, lai pie\u0161\u0137irtu svaigumu gaisam neliel\u0101 sl\u0113gt\u0101 telp\u0101, k\u0101 ar\u012b, lai pie\u0161\u0137irtu pat\u012bkamu arom\u0101tu j\u016bsu ap\u0123\u0113rbam. Lieto\u0161ana: iz\u0146emiet sa\u0161\u0113 no iepakojuma un novietojiet viet\u0101, kur v\u0113laties izplat\u012bt arom\u0101tu: skap\u012b starp ap\u0123\u0113rbiem, garderob\u0113 vai plaukt\u0101 ar gultas ve\u013cu, automa\u0161\u012bn\u0101, ce\u013cojuma som\u0101 u.c. Uzman\u012bbu: neatv\u0113rt, nedurt, neboj\u0101t maisi\u0146u un neiz\u0146emt no t\u0101 granulas. Uzglab\u0101t b\u0113rniem, [&#8230;]\n","protected":false},"featured_media":98852,"template":"","meta":[],"product_cat":[1999],"product_tag":[],"class_list":{"0":"post-53641","1":"product","2":"type-product","3":"status-publish","4":"has-post-thumbnail","6":"product_brand-blyskavka_ua","7":"product_cat-bez-kategorijas","9":"first","10":"instock","11":"taxable","12":"shipping-taxable","13":"product-type-simple"},"_links":{"self":[{"href":"https:\/\/e.kosmolat.eu\/lv\/wp-json\/wp\/v2\/product\/53641","targetHints":{"allow":["GET"]}}],"collection":[{"href":"https:\/\/e.kosmolat.eu\/lv\/wp-json\/wp\/v2\/product"}],"about":[{"href":"https:\/\/e.kosmolat.eu\/lv\/wp-json\/wp\/v2\/types\/product"}],"wp:featuredmedia":[{"embeddable":true,"href":"https:\/\/e.kosmolat.eu\/lv\/wp-json\/wp\/v2\/media\/98852"}],"wp:attachment":[{"href":"https:\/\/e.kosmolat.eu\/lv\/wp-json\/wp\/v2\/media?parent=53641"}],"wp:term":[{"taxonomy":"product_cat","embeddable":true,"href":"https:\/\/e.kosmolat.eu\/lv\/wp-json\/wp\/v2\/product_cat?post=53641"},{"taxonomy":"product_tag","embeddable":true,"href":"https:\/\/e.kosmolat.eu\/lv\/wp-json\/wp\/v2\/product_tag?post=53641"}],"curies":[{"name":"wp","href":"https:\/\/api.w.org\/{rel}","templated":true}]}}