{"id":53374,"date":"2024-06-28T06:36:24","date_gmt":"2024-06-28T06:36:24","guid":{"rendered":"https:\/\/e.kosmolat.eu\/product\/bd-party-kosmetiskais-lupu-konturzimulis-26-tonis-1-4-g\/"},"modified":"2025-09-20T05:17:55","modified_gmt":"2025-09-20T05:17:55","slug":"bd-party-26-kosmetiskais-lupu-konturzimulis-1-4-g","status":"publish","type":"product","link":"https:\/\/e.kosmolat.eu\/lv\/product\/bd-party-26-kosmetiskais-lupu-konturzimulis-1-4-g\/","title":{"rendered":"BD Party 26 Kosm\u0113tiskais l\u016bpu konturz\u012bmulis,  1.4 g"},"content":{"rendered":"","protected":false},"excerpt":{"rendered":"","protected":false},"featured_media":92702,"template":"","meta":[],"product_cat":[1285],"product_tag":[],"class_list":{"0":"post-53374","1":"product","2":"type-product","3":"status-publish","4":"has-post-thumbnail","6":"product_brand-belordizain_by","7":"product_cat-lupu-zimuli","9":"first","10":"outofstock","11":"taxable","12":"shipping-taxable","13":"product-type-simple"},"_links":{"self":[{"href":"https:\/\/e.kosmolat.eu\/lv\/wp-json\/wp\/v2\/product\/53374","targetHints":{"allow":["GET"]}}],"collection":[{"href":"https:\/\/e.kosmolat.eu\/lv\/wp-json\/wp\/v2\/product"}],"about":[{"href":"https:\/\/e.kosmolat.eu\/lv\/wp-json\/wp\/v2\/types\/product"}],"wp:featuredmedia":[{"embeddable":true,"href":"https:\/\/e.kosmolat.eu\/lv\/wp-json\/wp\/v2\/media\/92702"}],"wp:attachment":[{"href":"https:\/\/e.kosmolat.eu\/lv\/wp-json\/wp\/v2\/media?parent=53374"}],"wp:term":[{"taxonomy":"product_cat","embeddable":true,"href":"https:\/\/e.kosmolat.eu\/lv\/wp-json\/wp\/v2\/product_cat?post=53374"},{"taxonomy":"product_tag","embeddable":true,"href":"https:\/\/e.kosmolat.eu\/lv\/wp-json\/wp\/v2\/product_tag?post=53374"}],"curies":[{"name":"wp","href":"https:\/\/api.w.org\/{rel}","templated":true}]}}