{"id":53358,"date":"2024-06-28T04:09:20","date_gmt":"2024-06-28T04:09:20","guid":{"rendered":"https:\/\/e.kosmolat.eu\/product\/sieviesu-smarzudens-lady-in-red-100-ml\/"},"modified":"2025-09-19T20:51:25","modified_gmt":"2025-09-19T20:51:25","slug":"sieviesu-smarzudens-lady-in-red-100-ml","status":"publish","type":"product","link":"https:\/\/e.kosmolat.eu\/lv\/product\/sieviesu-smarzudens-lady-in-red-100-ml\/","title":{"rendered":"Sievie\u0161u smar\u017e\u016bdens  LADY IN RED 100 ml."},"content":{"rendered":"<p>Ziedu arom\u0101ts:<\/p>\n<p>S\u0101kuma notis: ingvers, mandar\u012bns, bergamote, kardamons<\/p>\n<p>Vidus notis: vijol\u012btes lapa, lilija, jasm\u012bns, roze<\/p>\n<p>Beigu notis: mukuss, ozolu s\u016bnas<\/p>\n","protected":false},"excerpt":{"rendered":"<p>Ziedu arom\u0101ts: S\u0101kuma notis: ingvers, mandar\u012bns, bergamote, kardamons Vidus notis: vijol\u012btes lapa, lilija, jasm\u012bns, roze Beigu notis: mukuss, ozolu s\u016bnas<\/p>\n","protected":false},"featured_media":84386,"template":"","meta":[],"product_cat":[1445],"product_tag":[],"class_list":{"0":"post-53358","1":"product","2":"type-product","3":"status-publish","4":"has-post-thumbnail","6":"product_brand-parfum-by","7":"product_cat-sieviesu-smarzas-un-tualetes-udeni","9":"first","10":"outofstock","11":"taxable","12":"shipping-taxable","13":"product-type-simple"},"_links":{"self":[{"href":"https:\/\/e.kosmolat.eu\/lv\/wp-json\/wp\/v2\/product\/53358","targetHints":{"allow":["GET"]}}],"collection":[{"href":"https:\/\/e.kosmolat.eu\/lv\/wp-json\/wp\/v2\/product"}],"about":[{"href":"https:\/\/e.kosmolat.eu\/lv\/wp-json\/wp\/v2\/types\/product"}],"wp:featuredmedia":[{"embeddable":true,"href":"https:\/\/e.kosmolat.eu\/lv\/wp-json\/wp\/v2\/media\/84386"}],"wp:attachment":[{"href":"https:\/\/e.kosmolat.eu\/lv\/wp-json\/wp\/v2\/media?parent=53358"}],"wp:term":[{"taxonomy":"product_cat","embeddable":true,"href":"https:\/\/e.kosmolat.eu\/lv\/wp-json\/wp\/v2\/product_cat?post=53358"},{"taxonomy":"product_tag","embeddable":true,"href":"https:\/\/e.kosmolat.eu\/lv\/wp-json\/wp\/v2\/product_tag?post=53358"}],"curies":[{"name":"wp","href":"https:\/\/api.w.org\/{rel}","templated":true}]}}