{"id":53350,"date":"2024-06-28T04:07:07","date_gmt":"2024-06-28T04:07:07","guid":{"rendered":"https:\/\/e.kosmolat.eu\/product\/mf-premium-dizdadza-ella-ar-tejas-koka-eter-ellu-100-10-ml\/"},"modified":"2025-04-01T14:43:09","modified_gmt":"2025-04-01T14:43:09","slug":"mf-premium-dizdadza-ella-ar-tejas-koka-eter-ellu-100-10-ml","status":"publish","type":"product","link":"https:\/\/e.kosmolat.eu\/lv\/product\/mf-premium-dizdadza-ella-ar-tejas-koka-eter-ellu-100-10-ml\/","title":{"rendered":"MF Premium Di\u017edad\u017ea e\u013cla ar t\u0113jas koka \u0113ter. e\u013c\u013cu., 100 + 10 ml"},"content":{"rendered":"<p>Di\u017edad\u017ea e\u013c\u013ca ir l\u012bdzeklis matu aug\u0161anai un stiprin\u0101\u0161anai. T\u0101 stimul\u0113 vielmai\u0146as procesus matu folikul\u0101s, nov\u0113r\u0161ot matu izkri\u0161anu. E\u013c\u013ca aizsarg\u0101 pret nelabv\u0113l\u012bgu klimatisko un \u0137\u012bmisko ietekmi, k\u0101 ar\u012b nov\u0113r\u0161 blaugznu veido\u0161anos.<\/p>\n<p>T\u0113jas koka \u0113terisk\u0101 e\u013c\u013ca pal\u012bdz nov\u0113rst atmiru\u0161\u0101s galvas \u0101das \u0161\u016bnas (blaugznas), niezi un lob\u012b\u0161anos. Di\u017edad\u017ea un t\u0113jas koka e\u013c\u013cu kombin\u0101cija normaliz\u0113 galvas \u0101das hidrolip\u012bdu l\u012bdzsvaru.<\/p>\n<p>Lieto\u0161ana: uzkl\u0101t (siltu) di\u017edad\u017ea e\u013c\u013cu uz matu sakn\u0113m, p\u0113c 20-30 min\u016bt\u0113m izskalot matus ar \u0161amp\u016bnu. Atk\u0101rtot proced\u016bru 1-2 reizes ned\u0113\u013c\u0101. Izvair\u012bties no saskares ar ac\u012bm. Ja nok\u013c\u016bst ac\u012bs, izskalot ar lielu daudzumu \u016bdens. <\/p>\n<p>Sast\u0101vs: di\u017edad\u017ea e\u013c\u013ca, t\u0113jas koka \u0113terisk\u0101 e\u013c\u013ca, neroli \u0113terisk\u0101 e\u013c\u013ca.<\/p>\n<p>Tikai \u0101r\u012bgai lieto\u0161anai!<\/p>\n<p>Uzglab\u0101\u0161anas noteikumi: uzglab\u0101t temperat\u016br\u0101 no +5 l\u012bdz +25 \u00b0C, sarg\u0101jot no tie\u0161iem saules stariem. <\/p>\n<p>P\u0113c atv\u0113r\u0161anas ieteicams uzglab\u0101t ledusskap\u012b.<\/p>\n<p>Der\u012bguma termi\u0146\u0161: 36 m\u0113ne\u0161i.<\/p>\n","protected":false},"excerpt":{"rendered":"<p>Di\u017edad\u017ea e\u013c\u013ca ir l\u012bdzeklis matu aug\u0161anai un stiprin\u0101\u0161anai. T\u0101 stimul\u0113 vielmai\u0146as procesus matu folikul\u0101s, nov\u0113r\u0161ot matu izkri\u0161anu. E\u013c\u013ca aizsarg\u0101 pret nelabv\u0113l\u012bgu klimatisko un \u0137\u012bmisko ietekmi, k\u0101 ar\u012b nov\u0113r\u0161 blaugznu veido\u0161anos. T\u0113jas koka \u0113terisk\u0101 e\u013c\u013ca pal\u012bdz nov\u0113rst atmiru\u0161\u0101s galvas \u0101das \u0161\u016bnas (blaugznas), niezi un lob\u012b\u0161anos. Di\u017edad\u017ea un t\u0113jas koka e\u013c\u013cu kombin\u0101cija normaliz\u0113 galvas \u0101das hidrolip\u012bdu l\u012bdzsvaru. [&#8230;]\n","protected":false},"featured_media":53354,"template":"","meta":[],"product_cat":[1621],"product_tag":[],"class_list":{"0":"post-53350","1":"product","2":"type-product","3":"status-publish","4":"has-post-thumbnail","6":"product_brand-medical-fort_by","7":"product_cat-aliejai","9":"first","10":"instock","11":"taxable","12":"shipping-taxable","13":"product-type-simple"},"_links":{"self":[{"href":"https:\/\/e.kosmolat.eu\/lv\/wp-json\/wp\/v2\/product\/53350","targetHints":{"allow":["GET"]}}],"collection":[{"href":"https:\/\/e.kosmolat.eu\/lv\/wp-json\/wp\/v2\/product"}],"about":[{"href":"https:\/\/e.kosmolat.eu\/lv\/wp-json\/wp\/v2\/types\/product"}],"wp:featuredmedia":[{"embeddable":true,"href":"https:\/\/e.kosmolat.eu\/lv\/wp-json\/wp\/v2\/media\/53354"}],"wp:attachment":[{"href":"https:\/\/e.kosmolat.eu\/lv\/wp-json\/wp\/v2\/media?parent=53350"}],"wp:term":[{"taxonomy":"product_cat","embeddable":true,"href":"https:\/\/e.kosmolat.eu\/lv\/wp-json\/wp\/v2\/product_cat?post=53350"},{"taxonomy":"product_tag","embeddable":true,"href":"https:\/\/e.kosmolat.eu\/lv\/wp-json\/wp\/v2\/product_tag?post=53350"}],"curies":[{"name":"wp","href":"https:\/\/api.w.org\/{rel}","templated":true}]}}