{"id":53281,"date":"2024-06-27T04:30:42","date_gmt":"2024-06-27T04:30:42","guid":{"rendered":"https:\/\/e.kosmolat.eu\/product\/hs-crazy-hair-termoaizsardz-sprejs-matiem-ar-roza-greipfr-arom-100-ml\/"},"modified":"2025-09-20T04:41:14","modified_gmt":"2025-09-20T04:41:14","slug":"i_hs-crazy-hair-termoaizsardz-sprejs-matiem-ar-roza-greipfr-arom-100-ml","status":"publish","type":"product","link":"https:\/\/e.kosmolat.eu\/lv\/product\/i_hs-crazy-hair-termoaizsardz-sprejs-matiem-ar-roza-greipfr-arom-100-ml\/","title":{"rendered":"I_HS Crazy Hair Termoaizsardz. sprejs matiem ar roz\u0101 greipfr. arom., 100 ml"},"content":{"rendered":"<p>Tertmoaizsardz\u012bbas sprejs darbojas k\u0101 aizsargbarjera. Tas pasarg\u0101 matus no apk\u0101rt\u0113j\u0101s vides negat\u012bv\u0101s ietekmes, piem\u0113ram, no smoga un augst\u0101s temperat\u016bras, ko rada f\u0113ni, lok&scaron;\u0146u veidot\u0101ji un matu taisnot\u0101ji. Turkl\u0101t sprejs atvieglo \u0137emm\u0113&scaron;anu, pie&scaron;\u0137ir matiem sp\u012bdumu un stiprina matus.<\/p>\n<p><strong>Kas nodro&scaron;ina WOW efektu?<\/strong><\/p>\n<ul>\n<li>Alvejas sula, trehaloze, ur\u012bnviela un pantenols &ndash; nodro&scaron;ina intens\u012bvu matu mitrin\u0101&scaron;anu.&nbsp;<\/li>\n<li>Hidroliz\u0113ts kerat\u012bns &ndash; pasarg\u0101 matus no no apk\u0101rt\u0113j\u0101s vides kait\u012bg\u0101s ienekmes un nov\u0113r&scaron; statisk\u0101s elektr\u012bbas par\u0101d\u012b&scaron;anos.&nbsp;<\/li>\n<li>Keram\u012bdi &ndash; uztur galvas \u0101das un matu kutikulas hidrolip\u012bdu barjeru, nodro&scaron;inot intens\u012bvu mitrin\u0101&scaron;anu. Pateicoties keram\u012bdiem, j\u016bsu mati k\u013c\u016bs glud\u0101ki, elast\u012bg\u0101ki un iztur\u012bg\u0101ki pret \u0101r\u0113jiem faktoriem.<\/li>\n<\/ul>\n<p><strong>Lieto&scaron;ana:<\/strong> izsmidziniet vis\u0101 matu garum\u0101 no att\u0101luma 15-20 cm. Uz mitriem matiem: uzkl\u0101jiet un iz\u017e\u0101v\u0113jiet ar f\u0113nu. Uz sausiem matiem: uzkl\u0101jiet, p\u0113c tam iztaisnojiet matus ar taisnot\u0101ju.<\/p>\n<p>Dermatolo\u0123iski p\u0101rbaud\u012bts.<br \/>\n&nbsp;<\/p>\n","protected":false},"excerpt":{"rendered":"<p>Tertmoaizsardz\u012bbas sprejs darbojas k\u0101 aizsargbarjera. Tas pasarg\u0101 matus no apk\u0101rt\u0113j\u0101s vides negat\u012bv\u0101s ietekmes, piem\u0113ram, no smoga un augst\u0101s temperat\u016bras, ko rada f\u0113ni, lok&scaron;\u0146u veidot\u0101ji un matu taisnot\u0101ji. Turkl\u0101t sprejs atvieglo \u0137emm\u0113&scaron;anu, pie&scaron;\u0137ir matiem sp\u012bdumu un stiprina matus. Kas nodro&scaron;ina WOW efektu? Alvejas sula, trehaloze, ur\u012bnviela un pantenols &ndash; nodro&scaron;ina intens\u012bvu matu mitrin\u0101&scaron;anu.&nbsp; Hidroliz\u0113ts kerat\u012bns &ndash; [&#8230;]\n","protected":false},"featured_media":92086,"template":"","meta":[],"product_cat":[1400],"product_tag":[],"class_list":{"0":"post-53281","1":"product","2":"type-product","3":"status-publish","4":"has-post-thumbnail","6":"product_brand-hiskin_pl","7":"product_cat-termoaizsardziba","9":"first","10":"outofstock","11":"taxable","12":"shipping-taxable","13":"product-type-simple"},"_links":{"self":[{"href":"https:\/\/e.kosmolat.eu\/lv\/wp-json\/wp\/v2\/product\/53281","targetHints":{"allow":["GET"]}}],"collection":[{"href":"https:\/\/e.kosmolat.eu\/lv\/wp-json\/wp\/v2\/product"}],"about":[{"href":"https:\/\/e.kosmolat.eu\/lv\/wp-json\/wp\/v2\/types\/product"}],"wp:featuredmedia":[{"embeddable":true,"href":"https:\/\/e.kosmolat.eu\/lv\/wp-json\/wp\/v2\/media\/92086"}],"wp:attachment":[{"href":"https:\/\/e.kosmolat.eu\/lv\/wp-json\/wp\/v2\/media?parent=53281"}],"wp:term":[{"taxonomy":"product_cat","embeddable":true,"href":"https:\/\/e.kosmolat.eu\/lv\/wp-json\/wp\/v2\/product_cat?post=53281"},{"taxonomy":"product_tag","embeddable":true,"href":"https:\/\/e.kosmolat.eu\/lv\/wp-json\/wp\/v2\/product_tag?post=53281"}],"curies":[{"name":"wp","href":"https:\/\/api.w.org\/{rel}","templated":true}]}}