{"id":53273,"date":"2024-06-27T04:30:29","date_gmt":"2024-06-27T04:30:29","guid":{"rendered":"https:\/\/e.kosmolat.eu\/product\/tenera-daily-pad-siev-ikdien-higien-paketes-long-32-gab\/"},"modified":"2025-08-14T12:33:02","modified_gmt":"2025-08-14T12:33:02","slug":"i_tenera-daily-pad-siev-ikdien-higien-paketes-long-32-gab","status":"publish","type":"product","link":"https:\/\/e.kosmolat.eu\/lv\/product\/i_tenera-daily-pad-siev-ikdien-higien-paketes-long-32-gab\/","title":{"rendered":"I_Tenera Daily Pad Siev. ikdien. higi\u0113n. paketes Long, 32 gab."},"content":{"rendered":"<p><strong>Sast\u0101vs:<\/strong> Polietil\u0113ns, polipropil\u0113ns, karst\u0101 l\u012bme, celuloze, poliestera audekls, kokvilna, bambusa &scaron;\u0137iedras.<\/p>\n<p>Lietojiet saska\u0146\u0101 ar nor\u0101d\u012bjumiem uz iepakojuma. Nomainiet higi\u0113nisko paketi ne ret\u0101k k\u0101 reizi 3-4 stund\u0101s.<\/p>\n<p>Uzglab\u0101t v\u0113s\u0101, saus\u0101 viet\u0101.<br \/>\n&nbsp;<\/p>\n","protected":false},"excerpt":{"rendered":"<p>Sast\u0101vs: Polietil\u0113ns, polipropil\u0113ns, karst\u0101 l\u012bme, celuloze, poliestera audekls, kokvilna, bambusa &scaron;\u0137iedras. Lietojiet saska\u0146\u0101 ar nor\u0101d\u012bjumiem uz iepakojuma. Nomainiet higi\u0113nisko paketi ne ret\u0101k k\u0101 reizi 3-4 stund\u0101s. Uzglab\u0101t v\u0113s\u0101, saus\u0101 viet\u0101. &nbsp;<\/p>\n","protected":false},"featured_media":53277,"template":"","meta":[],"product_cat":[1813],"product_tag":[],"class_list":{"0":"post-53273","1":"product","2":"type-product","3":"status-publish","4":"has-post-thumbnail","6":"product_brand-blyskavka_ua","7":"product_cat-higienas-paketes-un-tamponi","9":"first","10":"outofstock","11":"taxable","12":"shipping-taxable","13":"product-type-simple"},"_links":{"self":[{"href":"https:\/\/e.kosmolat.eu\/lv\/wp-json\/wp\/v2\/product\/53273","targetHints":{"allow":["GET"]}}],"collection":[{"href":"https:\/\/e.kosmolat.eu\/lv\/wp-json\/wp\/v2\/product"}],"about":[{"href":"https:\/\/e.kosmolat.eu\/lv\/wp-json\/wp\/v2\/types\/product"}],"wp:featuredmedia":[{"embeddable":true,"href":"https:\/\/e.kosmolat.eu\/lv\/wp-json\/wp\/v2\/media\/53277"}],"wp:attachment":[{"href":"https:\/\/e.kosmolat.eu\/lv\/wp-json\/wp\/v2\/media?parent=53273"}],"wp:term":[{"taxonomy":"product_cat","embeddable":true,"href":"https:\/\/e.kosmolat.eu\/lv\/wp-json\/wp\/v2\/product_cat?post=53273"},{"taxonomy":"product_tag","embeddable":true,"href":"https:\/\/e.kosmolat.eu\/lv\/wp-json\/wp\/v2\/product_tag?post=53273"}],"curies":[{"name":"wp","href":"https:\/\/api.w.org\/{rel}","templated":true}]}}