{"id":53257,"date":"2024-06-27T04:24:36","date_gmt":"2024-06-27T04:24:36","guid":{"rendered":"https:\/\/e.kosmolat.eu\/product\/burdock-oil-with-chamomile-extract-premium-100ml\/"},"modified":"2025-03-24T06:36:22","modified_gmt":"2025-03-24T06:36:22","slug":"mf-premium-dizdadza-ella-ar-kumel-ekstr-100-10-ml","status":"publish","type":"product","link":"https:\/\/e.kosmolat.eu\/lv\/product\/mf-premium-dizdadza-ella-ar-kumel-ekstr-100-10-ml\/","title":{"rendered":"MF Premium Di\u017edad\u017ea e\u013cla ar kumel. ekstr., 100 + 10 ml"},"content":{"rendered":"<p>Di\u017edad\u017ea e\u013c\u013ca ir l\u012bdzeklis matu aug\u0161anai un stiprin\u0101\u0161anai. T\u0101 stimul\u0113 vielmai\u0146as procesus matu folikul\u0101s, nov\u0113r\u0161ot matu izkri\u0161anu. E\u013c\u013ca aizsarg\u0101 pret nelabv\u0113l\u012bgu klimatisko un \u0137\u012bmisko ietekmi, k\u0101 ar\u012b nov\u0113r\u0161 blaugznu veido\u0161anos.<\/p>\n<p>Kumel\u012btes ekstraktam ir nomierino\u0161a un toniz\u0113jo\u0161a iedarb\u012bba, tas pal\u012bdz mazin\u0101t galvas \u0101das kairin\u0101jumu un tam piem\u012bt stiprino\u0161s efekts.<\/p>\n<p>Lieto\u0161ana: uzkl\u0101t di\u017edad\u017ea e\u013c\u013cu (siltu) uz matu sakn\u0113m, p\u0113c 20-30 min\u016bt\u0113m izskalot matus ar \u0161amp\u016bnu. Atk\u0101rtot proced\u016bru 1-2 reizes ned\u0113\u013c\u0101. Izvair\u012bties no saskares ar ac\u012bm. Ja nok\u013c\u016bst ac\u012bs, izskalot ar lielu daudzumu \u016bdens.<\/p>\n<p>Sast\u0101vs: di\u017edad\u017ea e\u013c\u013ca, kumel\u012btes ekstrakts, neroli \u0113terisk\u0101 e\u013c\u013ca.<br \/>\nTikai \u0101r\u012bgai lieto\u0161anai!<\/p>\n<p>Uzglab\u0101\u0161anas noteikumi: uzglab\u0101t temperat\u016br\u0101 no +5 l\u012bdz +25 \u00b0C, sarg\u0101jot no tie\u0161iem saules stariem. <\/p>\n<p>P\u0113c atv\u0113r\u0161anas ieteicams uzglab\u0101t ledusskap\u012b.<\/p>\n<p>Der\u012bguma termi\u0146\u0161: 36 m\u0113ne\u0161i.<\/p>\n","protected":false},"excerpt":{"rendered":"<p>Di\u017edad\u017ea e\u013c\u013ca ir l\u012bdzeklis matu aug\u0161anai un stiprin\u0101\u0161anai. T\u0101 stimul\u0113 vielmai\u0146as procesus matu folikul\u0101s, nov\u0113r\u0161ot matu izkri\u0161anu. E\u013c\u013ca aizsarg\u0101 pret nelabv\u0113l\u012bgu klimatisko un \u0137\u012bmisko ietekmi, k\u0101 ar\u012b nov\u0113r\u0161 blaugznu veido\u0161anos. Kumel\u012btes ekstraktam ir nomierino\u0161a un toniz\u0113jo\u0161a iedarb\u012bba, tas pal\u012bdz mazin\u0101t galvas \u0101das kairin\u0101jumu un tam piem\u012bt stiprino\u0161s efekts. Lieto\u0161ana: uzkl\u0101t di\u017edad\u017ea e\u013c\u013cu (siltu) uz matu [&#8230;]\n","protected":false},"featured_media":53261,"template":"","meta":[],"product_cat":[1619],"product_tag":[],"class_list":{"0":"post-53257","1":"product","2":"type-product","3":"status-publish","4":"has-post-thumbnail","6":"product_brand-medical-fort_by","7":"product_cat-ellas","9":"first","10":"outofstock","11":"taxable","12":"shipping-taxable","13":"product-type-simple"},"_links":{"self":[{"href":"https:\/\/e.kosmolat.eu\/lv\/wp-json\/wp\/v2\/product\/53257","targetHints":{"allow":["GET"]}}],"collection":[{"href":"https:\/\/e.kosmolat.eu\/lv\/wp-json\/wp\/v2\/product"}],"about":[{"href":"https:\/\/e.kosmolat.eu\/lv\/wp-json\/wp\/v2\/types\/product"}],"wp:featuredmedia":[{"embeddable":true,"href":"https:\/\/e.kosmolat.eu\/lv\/wp-json\/wp\/v2\/media\/53261"}],"wp:attachment":[{"href":"https:\/\/e.kosmolat.eu\/lv\/wp-json\/wp\/v2\/media?parent=53257"}],"wp:term":[{"taxonomy":"product_cat","embeddable":true,"href":"https:\/\/e.kosmolat.eu\/lv\/wp-json\/wp\/v2\/product_cat?post=53257"},{"taxonomy":"product_tag","embeddable":true,"href":"https:\/\/e.kosmolat.eu\/lv\/wp-json\/wp\/v2\/product_tag?post=53257"}],"curies":[{"name":"wp","href":"https:\/\/api.w.org\/{rel}","templated":true}]}}