{"id":53233,"date":"2024-06-27T04:16:03","date_gmt":"2024-06-27T04:16:03","guid":{"rendered":"https:\/\/e.kosmolat.eu\/product\/blackforest-kosmetiska-ella-persiks-30-ml\/"},"modified":"2025-03-25T06:23:28","modified_gmt":"2025-03-25T06:23:28","slug":"blackforest-kosmetiska-ella-persiks-30-ml","status":"publish","type":"product","link":"https:\/\/e.kosmolat.eu\/lv\/product\/blackforest-kosmetiska-ella-persiks-30-ml\/","title":{"rendered":"Blackforest Kosm\u0113tisk\u0101 e\u013cla Persiks, 30 ml"},"content":{"rendered":"<p>100% persiku e\u013c\u013ca.<\/p>\n<p>Lieto\u0161anas veidi:<br \/>\nT\u012br\u0101 veid\u0101; kombin\u0101cij\u0101 ar cit\u0101m kosm\u0113tiskaj\u0101m un \u0113teriskaj\u0101m e\u013c\u013c\u0101m.<\/p>\n<p>\u2022 Kr\u0113mu bag\u0101tin\u0101\u0161ana: pievienot 5-10 pilienus kosm\u0113tisk\u0101s e\u013c\u013cas uz 10-15 g kr\u0113ma, samais\u012bt, uzkl\u0101t uz att\u012br\u012btas \u0101das.<br \/>\n\u2022 \u0160amp\u016bnu un matu kondicionieru bag\u0101tin\u0101\u0161ana: pievienot 5-10 ml kosm\u0113tisk\u0101s e\u013c\u013cas uz 50 ml \u0161amp\u016bna vai kondicioniera, samais\u012bt, uzkl\u0101t uz matiem un galvas \u0101das, noskalot ar siltu \u016bdeni.<br \/>\n\u2022 Maskas sejas un \u0137erme\u0146a \u0101das kop\u0161anai: uz att\u012br\u012btas sejas un \u0137erme\u0146a \u0101das uzkl\u0101t 5-10 ml kosm\u0113tisk\u0101s e\u013c\u013cas vai e\u013c\u013cu mais\u012bjuma. \u2022 Matu maskas: iemas\u0113t 5-10 pilienus e\u013c\u013cas galvas \u0101d\u0101, mas\u0113t 2-3 min\u016btes, sadal\u012bt vis\u0101 matu garum\u0101, p\u0113c 20 min\u016bt\u0113m izskalot.<br \/>\n\u2022 Sejas un \u0137erme\u0146a mas\u0101\u017ea: ar mas\u0113jo\u0161\u0101m kust\u012bb\u0101m uzkl\u0101t 10-15 ml kosm\u0113tisk\u0101s e\u013c\u013cas vai e\u013c\u013cu mais\u012bjuma uz sejas un \u0137erme\u0146a \u0101das.<br \/>\n\u2022 Nagu kop\u0161ana: iemas\u0113t 1-5 ml e\u013c\u013cas nagu pl\u0101ksn\u0113 un kutikul\u0101.<br \/>\n\u2022 \u0112terisko e\u013c\u013cu b\u0101ze: uz 5 ml kosm\u0113tisk\u0101s e\u013c\u013cas pievienot 3-5 pilienus \u0113terisk\u0101s e\u013c\u013cas.<br \/>\n\u2022 L\u016bpu m\u012bkstino\u0161s l\u012bdzeklis: uzkl\u0101t 1-2 pilienus kosm\u0113tisk\u0101s e\u013c\u013cas uz l\u016bpu \u0101das.<\/p>\n<p>Labv\u0113l\u012bgas \u012bpa\u0161\u012bbas:<br \/>\n\u2022 toniz\u0113, izgaismo, baro un mitrina \u0101du, nodro\u0161inot atjaunojo\u0161u efektu;<br \/>\n\u2022 mazina grumbas ap ac\u012bm, uz sejas un kakla;<br \/>\n\u2022 uzlabo \u0101das tvirtumu un elast\u012bbu mas\u0101\u017eas laik\u0101;<br \/>\n\u2022 kosm\u0113tisk\u0101 e\u013c\u013ca ir lieliski piem\u0113rota plaksti\u0146u un l\u016bpu \u0101das kop\u0161anai;<br \/>\n\u2022 veicina matu strukt\u016bras atjauno\u0161anos, atgrie\u017eot matiem vesel\u012bgu sp\u012bdumu.<\/p>\n<p>Tikai \u0101r\u012bgai lieto\u0161anai!<\/p>\n<p>Var rasties nogulsnes. Pirms lieto\u0161anas sakrat\u012bt!<\/p>\n<p>Uzglab\u0101t temperat\u016br\u0101 no +5 \u00b0C l\u012bdz +25 \u00b0C, b\u0113rniem nepieejam\u0101 viet\u0101.<\/p>\n<p>Der\u012bguma termi\u0146\u0161: 36 m\u0113ne\u0161i.<\/p>\n","protected":false},"excerpt":{"rendered":"<p>100% persiku e\u013c\u013ca. Lieto\u0161anas veidi: T\u012br\u0101 veid\u0101; kombin\u0101cij\u0101 ar cit\u0101m kosm\u0113tiskaj\u0101m un \u0113teriskaj\u0101m e\u013c\u013c\u0101m. \u2022 Kr\u0113mu bag\u0101tin\u0101\u0161ana: pievienot 5-10 pilienus kosm\u0113tisk\u0101s e\u013c\u013cas uz 10-15 g kr\u0113ma, samais\u012bt, uzkl\u0101t uz att\u012br\u012btas \u0101das. \u2022 \u0160amp\u016bnu un matu kondicionieru bag\u0101tin\u0101\u0161ana: pievienot 5-10 ml kosm\u0113tisk\u0101s e\u013c\u013cas uz 50 ml \u0161amp\u016bna vai kondicioniera, samais\u012bt, uzkl\u0101t uz matiem un galvas \u0101das, [&#8230;]\n","protected":false},"featured_media":53237,"template":"","meta":[],"product_cat":[1619],"product_tag":[],"class_list":{"0":"post-53233","1":"product","2":"type-product","3":"status-publish","4":"has-post-thumbnail","6":"product_brand-medical-fort_by","7":"product_cat-ellas","9":"first","10":"outofstock","11":"taxable","12":"shipping-taxable","13":"product-type-simple"},"_links":{"self":[{"href":"https:\/\/e.kosmolat.eu\/lv\/wp-json\/wp\/v2\/product\/53233","targetHints":{"allow":["GET"]}}],"collection":[{"href":"https:\/\/e.kosmolat.eu\/lv\/wp-json\/wp\/v2\/product"}],"about":[{"href":"https:\/\/e.kosmolat.eu\/lv\/wp-json\/wp\/v2\/types\/product"}],"wp:featuredmedia":[{"embeddable":true,"href":"https:\/\/e.kosmolat.eu\/lv\/wp-json\/wp\/v2\/media\/53237"}],"wp:attachment":[{"href":"https:\/\/e.kosmolat.eu\/lv\/wp-json\/wp\/v2\/media?parent=53233"}],"wp:term":[{"taxonomy":"product_cat","embeddable":true,"href":"https:\/\/e.kosmolat.eu\/lv\/wp-json\/wp\/v2\/product_cat?post=53233"},{"taxonomy":"product_tag","embeddable":true,"href":"https:\/\/e.kosmolat.eu\/lv\/wp-json\/wp\/v2\/product_tag?post=53233"}],"curies":[{"name":"wp","href":"https:\/\/api.w.org\/{rel}","templated":true}]}}