{"id":53145,"date":"2024-06-22T04:02:25","date_gmt":"2024-06-22T04:02:25","guid":{"rendered":"https:\/\/e.kosmolat.eu\/product\/essential-oil-blackforest-eucalyptus-10-ml\/"},"modified":"2025-06-04T10:02:30","modified_gmt":"2025-06-04T10:02:30","slug":"blackforest-eteriska-ella-eikalipts-10-ml","status":"publish","type":"product","link":"https:\/\/e.kosmolat.eu\/lv\/product\/blackforest-eteriska-ella-eikalipts-10-ml\/","title":{"rendered":"Blackforest \u0112terisk\u0101 e\u013cla Eikalipts, 10 ml"},"content":{"rendered":"<p>100% eikalipta \u0113terisk\u0101 e\u013c\u013ca.<\/p>\n<p><strong>Arom\u0101ts:<\/strong> ass, atsvaidzino&scaron;s, izteikts.<\/p>\n<p><strong>Lieto&scaron;anas veidi:<\/strong><\/p>\n<ul>\n<li>Kosm\u0113tikas bag\u0101tin\u0101&scaron;ana (kr\u0113ms, maska, balzams, losjons, &scaron;amp\u016bns): 2-4 pilieni e\u013c\u013cas uz 10 g bag\u0101tin\u0101t\u0101ja.<\/li>\n<li>Mas\u0101\u017ea, berz\u0113&scaron;ana: 1-4 pilieni uz 10 ml b\u0101zes e\u013c\u013cas.<\/li>\n<li>Vannas: pievienot 5-10 pilienus vannai, iepriek&scaron; iz&scaron;\u0137\u012bdinot ar 1-2 \u0113damkarot\u0113m j\u016bras s\u0101ls.<\/li>\n<li>Pirts, sauna: termoiztur\u012bg\u0101 trauk\u0101 pievienot 1-2 \u0113damkarotes j\u016bras s\u0101ls un 5-10 pilienus e\u013c\u013cas. Samais\u012bt ar 0,5 litriem \u016bdens, lai iztvaic\u0113tos.<\/li>\n<li>Maskas: pievienot 1-2 pilienus \u0113terisk\u0101s e\u013c\u013cas uz 1 \u0113damkaroti b\u0101zes (piem\u0113ram, kosm\u0113tisk\u0101s e\u013c\u013cas).<\/li>\n<li>\u0136emm\u0113&scaron;ana: uz \u0137emmes uzpilin\u0101t 2-3 pilienus e\u013c\u013cas.<\/li>\n<\/ul>\n<p><strong>Labv\u0113l\u012bgas \u012bpa&scaron;\u012bbas:<\/strong><\/p>\n<p>&bull; att\u012bra \u0101du, pies\u0101tina to ar v\u0113rt\u012bg\u0101m viel\u0101m;<\/p>\n<p>&bull; normaliz\u0113 \u0101das \u016bdens-tauku l\u012bdzsvaru, mazina sp\u012bdumu;<\/p>\n<p>&bull; e\u013c\u013cai piem\u012bt balino&scaron;as \u012bpa&scaron;\u012bbas;<\/p>\n<p>&bull; c\u012bn\u0101s ar blaugzn\u0101m, stiprina matu folikulus.<\/p>\n<p><strong>Sader\u012bba:<\/strong> koriandrs, lavanda, citrons, priede, melisa, kadi\u0137is.<\/p>\n<p>Tikai \u0101r\u012bgai lieto&scaron;anai!<\/p>\n<p>Uzglab\u0101t temperat\u016br\u0101 no +5 &deg;C l\u012bdz +25 &deg;C.<\/p>\n<p><img decoding=\"async\" alt=\"\" src=\"data:image\/png;base64,iVBORw0KGgoAAAANSUhEUgAAACYAAAAmCAIAAAAnX375AAAGM0lEQVRYCZ2XW0xTSxSGp7UcINAChcbQSLHghQgkJPrQSDC2QiBo9EljUCktaiI5iT6YioiSgDGoIZYUQnxQE2\/oSSTBFxWBUjDRiLcHCKfCKYhcii9IW8KtnXUynWndvQFlv+w90zXr2\/+atdbsItjYtbiIJyc3thRtZJnNho8fd6WlQUfHBpaHj7TZsEYDCAFCOC0NenrCpYaJXFrC5eWEJxZDRgYg5EpJAaMxLGo4yMVFrNUSXnw8vHwJo6NQUECoW7bgV6\/WT103cnYWnz5NeElJ8OQJA0xNwYEDJMIpKWAyrZO6PuTCAqjVhCcUQmsrAKw4nY75ecKYnYX8\/LAivDYSz8+zfElMhPZ2APjnxYtjx46pVCqdTvdrbg7Gx1mE09Lw69dral0DiW02XFHB8uXZMwC4YzAIBALkuZQq1fDEBPz6RSPskkpxd\/fq1NWQRF9pKYunm\/ev2RwVFeXBsfu5igrCsFoZNSUFr7qvoZF2u5PyEhPh+XP64hqNxo+HENq8efPAwAAxmJyk+0rqNbTWEEiHA587R\/QlJIBbH0VmZWUFIhFCt2\/fpgbw4wcolSSbZDLo7GSTvrdgSIeD1V9cnFcfXbV\/\/\/5ApFAo7OB2vvFxpjU5Gbq6fHFkFIB0OFg9xMXReuCuefz4cSBy9+7dLpeLa0a0FhURrcEi7It0OFi9SyR\/6p3jbGZmRiKR+FG1Wi3HxPM4NQV5eaRLpKb6dQkO0ulk\/VMkgrY2z1Kfu9PppBkUEREhFAoRQnw+vy2EMakclYpQk5PhzRuvIw\/y9+8\/\/frpU+\/PgQ8fPnyIiYkRi8VarZbH42k0mpWVlUAzNmOxQGEhocrl3n11I+12Fs+EBHj4MOR69w\/d3d0xMTFyuby9vT02NvbmzZur24O3D6emQm+vO33sdlxSQupBIgkVT+r0\/fv3Fy9elMlkCCGpVGo0GrOysmJjY0+cOPHo0aOZmZmQ7MlJKC5m+9rdjWBqyrV1K0FmZJBMC7jMZnN9ff2lS5dKS0u9uZOent7W1iaXy2kqxcfHNzQ0NDY26vV6q9Ua4AOgpoYgEMIGAwKMobOTZDOPR+ppYoK74OPHj16\/CoXixo0bZWVlmZmZarX68+fPeXl5R44cOXXq1MmTJ3fu3EnxCoVieHiY6wQMBoiOJrwrV2B52ZM+fX2YalUqSfQ9V1VVFbckkpKSamtr+\/v7rVbrwsJCS0vL4OBgTU2NVCrlmt27d8\/jAECvh8hIwquuhqUl31bQ00O+KhAi3dkT4evXr3N90efm5mbq0Waz1dfXBzFoamLIxkYQCIjP2lrvS3hUuifw27c4PZ1YqFQwMgIAP3\/+LCws5DrNzc399OnT3Nyc3W5fXFxsbW3dsWMH1yA7O7v\/2zfi78EDiI528Xj48mUvz1clpZpMpF8gRLrz9DQATE9PK5VKhJBIJKqurv769WtdXd2FCxfMZvPf7uvWrVs5OTkikQghtGfPnsGhIeKpuZkEk8fDOh2XFwQJALi31+WlurNpbGysrKxs165d5eXlNE1kMllTU1NCQgJCKDMz8+DBg0ePHj1z5szQ9+8EoNfTeJJ88Wu\/Qdo6faWODnL60H21WADAZrcXFBR4A5iRkXH37l1ao3Ty7NmzTE1TE0RFEYl1dXh52U9icJXMyGRi2ZSXRytnZGREoVBQQHZ2tlqtjoyMpMOSkpJp2goMBoiMJPtXVRUIozM+6eNv1NeHt29n2TQ6CgCW0dG9e\/cihCQSyaFDh\/h8PkLo\/Pnzcw4HWXvnDkREEH2Vlf6uOONVkQBgNLIIFxTQeh0aGsrJyRGLxUVFRQKBoLKyElN3BgPw+SRfQuujhmshAbDRiKVSojU3l3xTAQwMDBw+fLi4uLilpYUdzffvw19\/EZu6OnA6OZKCPK6NJIu6uli97tsHY2MA8J\/F8uXLF+avoYHlS3V1EELA1PqQANhkcm3bRnTk51Mqc6XXM55Ot6Y+umS9SFKvJpOLRlilIt+PAKRf8\/l406bV88VPZxhIQu3sZF2isBCuXaP7hzn908970GF4SOLCaCQnnfvwI\/Vw9Sqs8iESjBk+EgDevSP\/7uh5FNDPglF85jaEBACTCXuOMB9\/6xj8DwUXHReLnOFaAAAAAElFTkSuQmCC\" \/><\/p>\n<p><strong>GHS08<\/strong><\/p>\n<p><strong>B\u012bstami<\/strong><\/p>\n<p><strong>H304<\/strong> Var izrais\u012bt n\u0101vi, ja norij vai iek\u013c\u016bst elpce\u013cos.<\/p>\n<p><img decoding=\"async\" alt=\"\" src=\"data:image\/png;base64,iVBORw0KGgoAAAANSUhEUgAAACgAAAAoCAIAAAADnC86AAAGuUlEQVRYCZ2YTUxTSxSARwXxJ2riT3BHy48C\/ZMHj7Ym6sZEF0JwoyYGiDQx8akY46J5LW3RllKeMaEv4Wmh\/IMmRklk44u6MCYYXbnAxDTEhEVN3HTugs6dC0ln3jv3tpfbgtAyi\/bc3jnz3XPmnDPnFvGtDjoWocNPtqrN0dY06URUsJsEm5GODW5tha2A6eSwYDfihuO4oVqwGbbGLhhMJ4ex1ZCoqyC9PhLqTtRVYmstHR8q1O7CwOBhmwGb9cTvZhJlkkSCHmwpx9YaOhrhjOWPLwBMJ4YFay026Uigi1MxzaCU9HixSY8ba+joYP7sPMGMjg\/JtuqIv4uRpNYyRpKkx4MtevD5yJM82XmB6diQ0FiLzTrS42GEaKmKzKhIen3gc7A7L59vDqYTUWw1KB7WUmOx2MLCgvoQwA52J8yy3Xnk2IZgBh6GGDaXJ\/1dTMyyNRgMhsNhFcw5Z6JIgl7Z7lrIsQ1jbSMwHRvE1tqEWZ\/s8WptVWA3btyw2+1LS0tZbPB5NzbrwOcb2v0LcEqNJj0JdGmpGOPl5WXOudPpRAhNT09rwSCLBOw26wVrLex3av0cWx9MRyNCoyFh0UM0qZkjEwYGBrq6ujjn9+7dQwg1Nzczxubn5xcXF9UnYBIlvd0JS7nQKLPVGxphDZgxOhrB1hps0iUD68Sw0+ksKysTBKG1tRUhdOTIkVgs9ujRo1AopFlW3u\/ebsix36vXzbFcMB2LQJUw59qaSqV+\/vzJOb9+\/XpJSUkkErFYLAihoqKid+\/etbW1Xb58WQsGWZLkHNMLjTV0JDfHtGBGR59gyFc96fXlxDDnvK+v79mzZ52dnQihQ4cO7dixAyG0Z88eh8Nx8ODBq1evSpL048cPLZ6JhPTdl+2uoSOPtXGeAUPmQAwDNejlEtXqK7LX662srDx79iySR0lJye7duxUZIeTxePr7+10uV66iREnQB3EO9Xw1x9JgiCZrLbaUkx7vWluVtcLhMEJo27ZtCkyv14dCodLSUoRQcXHxqVOn9u3bd+HChVQqlcOG\/A51Y0s5xHnG5wCGfbUZ8G9VJOhjYqb6Z7QZYwsLC6IofvjwQWtiXV3d0tLSnTt3VKMRQjdv3szoZX0zSmG\/66oEqwFijTNEhwYEG5zqydB9vrKSNT1zMTMzc\/fu3Xg8fu7cORXT2dnJOX\/x4oX6y+HDh9+\/fy9JElu3Zq2sJP\/y4\/pj0LcM\/o3o8GPBbgJwr48tSxlW1nc8Hq+qqjp58qTRaEQI1dfX79q1q7+\/n3P+6tWrvXv3nj59uqioyGq1Op3OmZmZLOXMBVuWkr0+3HAcwNF\/ZFfDkWfEdZVJv1tbpDIq8K1krWKcz+cbHx9\/+vQp53xubu7ly5djY2Pbt28vLi5GCE1NTWkVFZmRZNLvxicqgToB7Uo6uKT0cSu3FtnHraIZjUYV6oEDBxoaGuLxeCqVYvIQRfHixYs7d+5ECB09ejQWi+WAWXKJBNxyETWoTVIazBmTmymlwXDnlEnO+eLiok6nQwhduXJlaGjo48eP6upfv359+PDhmTNnEELt7e05GwzHpd8lp5OBTgyrWhmw\/IN89Cply5vTZnDOp6enS+UxNzen6ivC7Ozs\/v37Kyoq5ufntbfSzYlySMseVu9mgSG1JqKC1QDNht\/NaNYBzDn\/\/Plza2vr+fPn3759uyKnAGPs+fPn1dXVly5dyqVSQvxubNZBCk1EVaQi5IIVNpQwU1ky4F5r9\/+B9v3792\/fvlGarm6fPn368uVLzroQTQE3NpVhoK56WJ22Dli1O2HWk4BbLSnRaLStra2jo+MPeTgcjmvXrnV0dNy6dev27dsOh6O9vf3f169haSqSgDsBR\/I6tv7SYvkGxJpgNUKr9cCl2B0Oh5uami7Ko6WlRRHUz5aWluamptk3b+BQSnvYSCeHOS+kEVAeSpocwTZDwqST8xta2pyIVaZlfUqU9HgSJh22GaXJkaxb2Rfru1qdI7ON0HY9+JNnN3vqnFVBoiJ4eHPqagFZVV4jSVNgNzaVEX\/a52umwA+QOX4XRJPNKE1tZKuivonFyiQJ9lt+ZYLGL+s1QpkA1IBHqU0S7OvmIy8wxKnyagqvay6WzG5pk0tybdLDK+uG+6p9nHzBMnsE7DbpiN+1ut8ikT2sK4ia1x5rHxPsthnluuaSX1NpOnPA1rw8rK5WgMWKjjQ1Ip+hFaTHAy+JJ8oFmyGfaFKRilAwGHw+NQp\/RdQfg3bCbqR5xHAOtWBXq\/p0agT+fLGbtkbdOliJc\/VUVx8of+E\/KKunse4I9NwAAAAASUVORK5CYII=\" \/><strong>&nbsp;GHS02<\/strong><\/p>\n<p><img decoding=\"async\" alt=\"\" src=\"data:image\/png;base64,iVBORw0KGgoAAAANSUhEUgAAACkAAAAqCAIAAAChluUPAAAH+UlEQVRYCaWXf1RT5xnHabcJSDGQ5OYmBgj5cRNAEBShYEWPyrSHtR6t9szqVrZa5qTWU5301E7rdurstmM7p6ut1tYfZyrutEfrcRS2qaWgrkpbaPW+9yYhCWkgIfwIhPAjN7n37ty84RJDCMHdf\/Lc932e5\/N+n\/fXTRw784dmWZr2O4++NXKvlWFZhmVmnoOLiJtRGMMEMT3vHcLT55jXllP2TpZl+fYZZZshm1PJ9h4\/AnQoOV8JMIn52QqIfwjxsbLpAJVl2Z6TfwM6mT5P0V5eQj6eDVRi67NPUo6uh1AfKzswr2zfqWNAKwVa1FSxbAz\/zvn2AaBBcbWkY9Naqts+o4LHNN8My8DV1HfmBKGVAh1qWl060vY1J9Tvs++vwbUooZVYNj7lG3DNaNVNo5tfRP1\/P0nmZeBatH1F0ch3rVAiVwyGdvyuBleLgQ61Vq73BZYeN9oYnunYgRSuC2fIHDnAJO0ri0dbWzjFwdTcL0NRjv2v4hoEqMXW59f7ensCDuMuUw8iGhtGu2rPEvlKQisxLsn3tNzmUj0oi2FZmqU79+4EGgnApN9v\/ZmvLyb8lGwIHvjkPJGXQWBS\/bIFI61fTa2Bpf3+zppqoBIBjdha\/bx\/oD+KM+yKwIZLmmXZgUsXyQUqoJMZSud57nKK+enXG\/SXLl+uq6szmc2wnYvyjnXu3oarxYQW6dz5K7\/HHb34EdhwUO66y2QhBtSooTjb03KLF0HT9PETJ+YIUxKSZscnJsoV6f\/8rG6ilxq17doKlCKAobadVXQAz\/eGGeHsYKmvfKwvzgKYxFCaO\/RlU2iM2+1e8ePyHyUlypUKmSL9B7Pjf1G1BTrAWNrjtr3yIlAJgVbWuXsb7RkMDQ+1w9ksyw41XDUU6XC1WL9I677xr0DdJkJGR0c3bt6UIEiem5khVaTNThX85tWaie6A5RsatFVX4ipOvWPfLobyhiWB\/hNsOGr39Xr94lygkegX6YYa\/x2WFL6+\/sa+RxJmyZUKafrcVBT54MOToW5wTfgHXdatm7m5x1DHgT0MNQbzh3oG2bBjqOmaIQAmC9Xu6\/URB8uy7NFj78bN+qE8U4HIZUiarKnpi9CM0GZY1j\/Yb93yU069Rtx94HWG9oe5cWwIHr79haGsAKgRMi9zsP7TML\/Q13MXziemzJFmpIlkaJoq097FXSQRH1+vw1K5ASiFAEO7D+5jWDpUfRwskedOs3HZAg6cr3RduRgxEd\/4eWNjmjJTNFeaKkVy5ucNDw\/zXZMNqtveUbmB2\/damfPtA9ABQjndw1\/917h8Ia4UEgWqgUu1k+PDWkwmU\/6ihQJEJEBETz5VQVFUmEPYq7fLZtm8hlOvRZ2HD\/K9cUOf\/8dQ\/jjAUGNZ\/uCVj+EUhFaGd+UNr9e7YlV5oiA5SSjYsesVvj2iASX6bB3WqufIPAXQSrv\/tN\/X6+Tu0K7XXgaKFCI3o+Pn6xj\/NAr47Os2rI9PTopPTjr63jG+MbrhuniazFeCLJmhSDeGt3Fsv2fItmcHrhETuRm2HS\/So8PRRUNA1a+3JgiS4x6Ju1p3NToS6h749B+G0lygkxmXFoy03mH93Jrn5ts36LJtfwFoEKBBumqqGd8YV\/kHL6swwPnaC48mxEvT5CRJhnXxr\/z3q\/taHVmkBSqx4Yn5njs3eYfg\/vYPuGzbf4ljYlyF2F97mZ60F\/kA3jC2t9vt0b6T6ICr+8Zn+qJsoBQZyuZ7bt7gw4O6g8uhp9tatQnHJLhK7HhjN3cpT\/1QFHXt+rXmmxMiIvp6vmzSl+TgSpG+JNt9gzusQp+gbri8qb4e6wsbAYYSKrH94N6p4GNjY9UvVT+aMCtRkPzXI0dC00Ebrpihu7f0i3NxpdhQrBtsiHBYhbADE+xzOr6v3AAwKa4UOt7cwzARBlDf0JCUIkhFkcdEKQqN2uPxhOLhNHva7hqW5OFqsaE4y11\/hT89Qz0n2PyQqS6bZdMagEmARuJ4a2+oN7TrGxqSxcIUifgxYYpCowpjc4dVW4vhiTyglpCF2ODVTyZngC2T2FC9o6vjuacJTIJrJN1\/\/n1Y8PDw8LbtLwlSU4Ri0emzZ2g6WBtYpJG2FmNZAa4UkQs1A5ejHc\/h7MDu4lhea4flmdVAjRBZMuc7f+C\/D+HC9Pv9zc3NX3\/zDT8sWOoR4p5xVQmOcffCQO3ZiKXmQyKw+QCqw2J5ZtV9TIJjiPPwH\/mYyQYdqNYo\/q1xeSHOXUiZ\/edOTXYLa4nMZlkWpqNsVvOalQQmAfPkPe8fDh55D5588BDy6oGpYgmhQcC89N6PuIP2Qa8wLvc6JZv39VrMpqeXAbWYyJb3fnCUbw81xsxGc0UZtzlz0vpOvx\/aFcWehg3Ve63m9tWLcbWYzFf0n5pIDefeS+LmnywFWhToZH3Hue0+rWI4oGnYnFMg0yhx37S6FFcKyXxl\/4WPeDVei9GythzXIDgm6TsZ650WKzvwh4\/jjxL3jOXFQI3oCzJdtWe4vWA2mtetBBgKcuY6j\/2FH1CMRgy6A5mCK\/l+a\/vyQlwpMpTkuM59aN2yEVcjAJP0vHuIK1CMtR4fWqxsPvFIa4th6UKQJSMXaMh8FVAj3e\/wX2HjWWP7jZkdSAeFjXzbYlhaALLkAEO6D73JRL3xogxjZmw+0dDtRjJPYf\/tzghXDe80nfEwbPhH1XOr0ed0BKZ5hvM8PqaHYY\/H\/r+\/\/wOqwIC0yjKWCgAAAABJRU5ErkJggg==\" \/><strong>&nbsp;GHS07<\/strong><\/p>\n<p><img decoding=\"async\" alt=\"\" src=\"data:image\/png;base64,iVBORw0KGgoAAAANSUhEUgAAACYAAAAnCAIAAADsA61cAAAGPklEQVRYCb2YeVATVxzH9w87jNOO7WC1+pdjyQgiCHIoIuKFCvUAoZwiOlLaEbFOFZFS1CLjSVHLFJyWIwnhCCBSPMappRCucgnVohgigQZrsE7d7Obe7PHazcYlQIAEa\/ePnd++\/b332e\/bt7\/3+y0EZnQYfm1Wn\/6K0mpn0BuaQR9DeyuybQPs5aROO0qpVbaOYDPS0NmGbN8IezrBq11hTyd1+jFKo7aJahvS0NWB7NgEu3FUnyfoy\/mKTT7wiiXqEymUVmM91QYk3tOF7NwMu3OUn8WRfz0HAGC3f1Rs8IY9HNVff0nprH2v1iLx3+4hwZthN44yIZZ8Lmc1YTdrFOu9aGpGGqXTse1TGFYh8fvdSMgW2M1BmbCblD8bNxxWW63w94Q9HDWZ6ZR+eur0SLz3PrIrkNYXH00+ezqOx1xiNZU01dNJc+Ykhekt+rCN0yDxR78joUG0vv1R5J\/DbLeJhr5aqFjrQVPPZwCDYaID2zIVEn\/8EAnfBi\/\/ULk3Akyijx2IXk3XyhV+K2AvJ82F01NQJ0Xi\/X1o5HZa355waviPh1Jpv0SCIAhBENjkIvRCgcLPndb6zRmA4+YPxNqWkbhEjEbthN0c0NgwYkgKAJCPjBxJTr6YlYVhWEVVlUql+qW+Xmsp4OnK+Io1brTWS+cBQbAk1rCAJJ70o9HB8HIHNCaUGBwAAAxIpUqVKjcvLzEpCQBwMSvr0pUrN2\/fpiiKHcjc0JXyFL5usPdSzeULE6njkYRUgsaE0Pqig4kBCTPQve7uI8nJx1NTwyIiAACpaWkHDh5keBiGWQTrBIWK1cthb2dtThYgSfMHGoMkBgfQ2FDYjYNG7iQkYnO\/4eHh4NDQDxYufPHixdlz536uqwMASCSSxqYmi0gAgI6fT1NXOmu\/ywZm8zGKJIak6J4wmhexg+h\/zPIoADq7ujIyM6uqqxdzONmXL28NCuLy+YVFRV8cPSofGWE9Jxo67g8KH1d45TJt7mX2rglJyIbQveE0L3wbIe5jb\/87jXoMKykt3RgQYD9v3ux33pljb\/\/2nDnvz5\/vv359c3OzuadFW1d4VeHjAq9axk4bjSSkT9B9kTQv7CO876HFngCAqmvXnF1dIeOxPz6esLQaLfbV5ufCq1zQyB2E9AkAAKLfX8wu2HspGhOCP+qd2IckSYPBQBqXQHJKCgRBvn5+qFJJURSO44TxEIvFdXV1lVVVMplMZym46wryXro5oDG7iMEBSJ1+7KXLIsVaD31N1UQeAOCZXN7Y1CRqbGxra\/s4IgKCoK1BQe0dHU1NTc0tLQ0i0ff5+R2dnVKptIjHKxYI5PLRfcZ8QNjX\/aXLInX6sVcqvZzQaMsqGTU4jpMkmZiUBEFQbFwcAIBpaRCJuru7AQAURdWLRHfu3DFYik26fDOV1r9LAMCBxEQIgvz8\/YeH6RA\/IJW2tLayUhpEIqadbWGM8e+SaZ1ixTIOOp2uprZ20eLFEAS9a28fEhZWLhT+dPcuc\/exWHzo8GFhRQVzaX62vGIZj8m+S+auTCa7kpOTlZ29Lz6+XCgs5HLrGxr0ev2NGzcio6PnL1gAQVBwaCiCIGN4U3yXJuqY6NNv3pm1W1pbI6OinF1dBSUlFZWVb82ezXw2s+zsfP38ing81lPHM0Yf78mjj4k6GmNDmBir0WiaW1ryrl7NyMzcEhg4y86OYVg8vzd3bkV1NR3t2Bj77ZQx1kRldhLjZ0QODvyt0dy8dYtXXFxYVFRQUFBSUlJaVlZaWioQCIq43GKBgMvnc3m8Ii43v7AwJze3vacHEwps2EkYqvl+CWRD7FxZY1DXhTbvlyaquA+N2E5nIXHhpNVUfUWJYo077LXU5qzARO0bzX3Ip7JpJeqryhVrV8CejpqLmTPJfV5Re40ZHke5L2pq6miGdyEDYNgUzze6X07mhPc+QEID6bxr8jxWz+axZ0+9bh5r0vqgx5Stf7KbHLGUra\/zpOfzv8rWTVSmJnHnKD\/dM7Ymua5Y5wV7LKErXOsqoeknlp1wY+UVQFcKo5VXranyOpVqfUVtAxIAYKov3TmqQwn6Mj4SsJquL08ef1P1JSPX0NlurKIdYR8XusY7kfJmq2gT9X\/+V2CivsYfkX8AYUb6aEI8l+IAAAAASUVORK5CYII=\" \/>&nbsp;<strong>GHS09<\/strong><\/p>\n<p><strong>Uzman\u012bbu<\/strong><\/p>\n<p><strong>H226 <\/strong>Uzliesmojo&scaron;s &scaron;\u0137idrums un tvaiki.<\/p>\n<p><strong>H315<\/strong> Kairina \u0101du<\/p>\n<p><strong>H317<\/strong> Var izrais\u012bt aler\u0123isku \u0101das reakciju.<\/p>\n<p><strong>H410<\/strong> \u013boti toksisks \u016bdens organismiem ar ilgsto&scaron;\u0101m sek\u0101m.<\/p>\n<p>Dro&scaron;\u012bbas pras\u012bbu apz\u012bm\u0113jumi:<\/p>\n<p>P102 Sarg\u0101t no b\u0113rniem.<\/p>\n<p>P210 Sarg\u0101t no karstuma, karst\u0101m virsm\u0101m, dzirkstel\u0113m, atkl\u0101tas uguns un citiem aizdeg&scaron;an\u0101s avotiem. Nesm\u0113\u0137\u0113t.<\/p>\n<p>P233 Tvertni stingri nosl\u0113gt.<\/p>\n<p>P261 Izvair\u012bties ieelpot izgarojumus.<\/p>\n<p>P264 P\u0113c izmanto&scaron;anas rokas k\u0101rt\u012bgi nomazg\u0101t.<\/p>\n<p>P273 Izvair\u012bties no izplat\u012b&scaron;anas apk\u0101rt\u0113j\u0101 vid\u0113.<\/p>\n<p>P280 Izmantot aizsargcimdus\/acu aizsargus\/sejas aizsargus<\/p>\n<p>P391 Sav\u0101kt iz&scaron;\u013cakst\u012bto &scaron;\u0137idrumu.<\/p>\n<p>P301+P310 NOR\u012a&Scaron;ANAS GAD\u012aJUM\u0100: Nekav\u0113joties sazinieties ar SAIND\u0112&Scaron;AN\u0100S INFORM\u0100CIJAS CENTRU\/\u0101rstu.<\/p>\n<p>P331 NEIZRAIS\u012aT vem&scaron;anu.<\/p>\n<p>P303+P361+P353 SASKAR\u0112 AR \u0100DU (vai matiem): Nekav\u0113joties novilkt visu pies\u0101r\u0146oto ap\u0123\u0113rbu. Noskalot \u0101du ar \u016bdeni [vai iet du&scaron;\u0101].<\/p>\n<p>P333+P313 Ja rodas \u0101das iekaisums vai izsitumi: l\u016bdziet medi\u0137u pal\u012bdz\u012bbu.<\/p>\n<p>P321 \u012apa&scaron;a medic\u012bnisk\u0101 pal\u012bdz\u012bba (saskares vietas nomazg\u0101t ar \u016bdeni un ziep\u0113m).<\/p>\n<p>P403+\u0420235 Glab\u0101t labi v\u0113din\u0101m\u0101s telp\u0101s. Tur\u0113t v\u0113sum\u0101.<\/p>\n<p>P405 Glab\u0101t sl\u0113gt\u0101 veid\u0101.<\/p>\n<p>P501 Atbr\u012bvoties no satura\/tvertnes\/ iepakojuma saska\u0146\u0101 ar valsts noteikumiem.<\/p>\n","protected":false},"excerpt":{"rendered":"<p>100% eikalipta \u0113terisk\u0101 e\u013c\u013ca. Arom\u0101ts: ass, atsvaidzino&scaron;s, izteikts. Lieto&scaron;anas veidi: Kosm\u0113tikas bag\u0101tin\u0101&scaron;ana (kr\u0113ms, maska, balzams, losjons, &scaron;amp\u016bns): 2-4 pilieni e\u013c\u013cas uz 10 g bag\u0101tin\u0101t\u0101ja. Mas\u0101\u017ea, berz\u0113&scaron;ana: 1-4 pilieni uz 10 ml b\u0101zes e\u013c\u013cas. Vannas: pievienot 5-10 pilienus vannai, iepriek&scaron; iz&scaron;\u0137\u012bdinot ar 1-2 \u0113damkarot\u0113m j\u016bras s\u0101ls. Pirts, sauna: termoiztur\u012bg\u0101 trauk\u0101 pievienot 1-2 \u0113damkarotes j\u016bras s\u0101ls un [&#8230;]\n","protected":false},"featured_media":53149,"template":"","meta":[],"product_cat":[1621],"product_tag":[],"class_list":{"0":"post-53145","1":"product","2":"type-product","3":"status-publish","4":"has-post-thumbnail","6":"product_brand-medical-fort_by","7":"product_cat-aliejai","9":"first","10":"outofstock","11":"taxable","12":"shipping-taxable","13":"product-type-simple"},"_links":{"self":[{"href":"https:\/\/e.kosmolat.eu\/lv\/wp-json\/wp\/v2\/product\/53145","targetHints":{"allow":["GET"]}}],"collection":[{"href":"https:\/\/e.kosmolat.eu\/lv\/wp-json\/wp\/v2\/product"}],"about":[{"href":"https:\/\/e.kosmolat.eu\/lv\/wp-json\/wp\/v2\/types\/product"}],"wp:featuredmedia":[{"embeddable":true,"href":"https:\/\/e.kosmolat.eu\/lv\/wp-json\/wp\/v2\/media\/53149"}],"wp:attachment":[{"href":"https:\/\/e.kosmolat.eu\/lv\/wp-json\/wp\/v2\/media?parent=53145"}],"wp:term":[{"taxonomy":"product_cat","embeddable":true,"href":"https:\/\/e.kosmolat.eu\/lv\/wp-json\/wp\/v2\/product_cat?post=53145"},{"taxonomy":"product_tag","embeddable":true,"href":"https:\/\/e.kosmolat.eu\/lv\/wp-json\/wp\/v2\/product_tag?post=53145"}],"curies":[{"name":"wp","href":"https:\/\/api.w.org\/{rel}","templated":true}]}}