{"id":53121,"date":"2024-06-21T04:07:07","date_gmt":"2024-06-21T04:07:07","guid":{"rendered":"https:\/\/e.kosmolat.eu\/product\/essential-oil-blackforest-cinnamon-10-ml\/"},"modified":"2025-05-12T11:02:49","modified_gmt":"2025-05-12T11:02:49","slug":"blackforest-eteriska-ella-kanelis-10-ml","status":"publish","type":"product","link":"https:\/\/e.kosmolat.eu\/lv\/product\/blackforest-eteriska-ella-kanelis-10-ml\/","title":{"rendered":"Blackforest \u0112terisk\u0101 e\u013cla Kan\u0113lis, 10 ml"},"content":{"rendered":"<p>100%&nbsp; kan\u0113\u013ca \u0113terisk\u0101 e\u013c\u013ca.<\/p>\n<p><strong>Arom\u0101ts:<\/strong> izteiksm\u012bgs, vilino&scaron;s, silts, salds.<\/p>\n<p><strong>Lieto&scaron;anas veidi:<\/strong><\/p>\n<ul>\n<li>Kosm\u0113tikas bag\u0101tin\u0101&scaron;ana (kr\u0113ms, maska, balzams, losjons, &scaron;amp\u016bns): 2-4 pilieni e\u013c\u013cas uz 10 g bag\u0101tin\u0101t\u0101ja.<\/li>\n<li>Mas\u0101\u017ea, berz\u0113&scaron;ana: 1-4 pilieni uz 10 ml b\u0101zes e\u013c\u013cas.<\/li>\n<li>Vannas: pievienot 5-10 pilienus vannai, iepriek&scaron; iz&scaron;\u0137\u012bdinot ar 1-2 \u0113damkarot\u0113m j\u016bras s\u0101ls.<\/li>\n<li>Pirts, sauna: termoiztur\u012bg\u0101 trauk\u0101 pievienot 1-2 \u0113damkarotes j\u016bras s\u0101ls un 5-10 pilienus e\u013c\u013cas. Samais\u012bt ar 0,5 litriem \u016bdens, lai iztvaic\u0113tos.<\/li>\n<li>Maskas: pievienot 1-2 pilienus \u0113terisk\u0101s e\u013c\u013cas uz 1 \u0113damkaroti b\u0101zes (piem\u0113ram, kosm\u0113tisk\u0101s e\u013c\u013cas).<\/li>\n<li>\u0136emm\u0113&scaron;ana: uz \u0137emmes uzpilin\u0101t 2-3 pilienus e\u013c\u013cas.<\/li>\n<\/ul>\n<p><strong>Labv\u0113l\u012bgas \u012bpa&scaron;\u012bbas:<\/strong><\/p>\n<ul>\n<li>samazina grumbas, paaugstina \u0101das elast\u012bbu, uzlabo sejas kr\u0101su;<\/li>\n<li>att\u012bra tauku dziedzerus, izgaismo un atjauno \u0101du;<\/li>\n<li>efekt\u012bvs pretcelul\u012bta l\u012bdzeklis.<\/li>\n<\/ul>\n<p><strong>Sader\u012bba:<\/strong> baziliks, ciedrs, lavanda, ciprese, \u0137imenes, ro\u017ekoks.<\/p>\n<p>Tikai \u0101r\u012bgai lieto&scaron;anai!<\/p>\n<p>Uzglab\u0101t temperat\u016br\u0101 no +5 &deg;C l\u012bdz +25 &deg;C.<\/p>\n<p><img decoding=\"async\" alt=\"\" src=\"data:image\/png;base64,iVBORw0KGgoAAAANSUhEUgAAAEAAAABCCAYAAAGQpuBDAAAAAXNSR0IArs4c6QAAAARnQU1BAACxjwv8YQUAAAAJcEhZcwAAFxEAABcRAcom8z8AABRISURBVGhDzVsJeFRVsm5BH3sg+wrZSQghbLLJKrLvMCCg80DgiYIbM48BYUZGcXyu8yKiPBUVdARnEIcRGREdEFQWZRHHSfftJens+wZZe0tNVZ17e++kEwLf+790+t5zzz2nqk6dOlV1TqvADS1Wi3wl4FJBOygGrNWV8p2AvYKUPoC\/jblGaC7M5msCV9BmxPENITQmkr\/rz5zgb1XVu6\/zhYJeQf3kKwD92HTRQsWul7iAcEfP7vwtTcjgbzsNxb96GFrka+P8SfKVGxd5K+dDwcP32ysSXCp4g0sF5zcVuFSo+XAfaIcnyncCXIHeLH3paairq8MrG+hSI6iYoaKHhVs2ipuut\/E3QZMQxN8qzaBoviDsen23fCVaLVy3HLtoaQH1QNHkwxse5m8sgrwVs\/laEIkFmoz+4rLFBvrJI\/iaYOfChq\/pJwxBLuLlEgEXNr3BZwUikjjRjhgoCnzAowEiRUoMhsr33pBLAEzGHNANTZDvXOHgwWYDdXIYlO7cKpcAdO8XAJGxgnlC3eXzoEmJchlSlRV71I5IhMIH7xPyc8LMObMgKCJMvpOBVWqOfATq+BCs3oIU4L+aP+0FdUIIDrIrqMKly5fkOwEq041Og6IN\/yk3IIN4L312G2gGhmMngpLtO54C1e1d+NrWYgXjtDGQPX8yv6jAU4goi8INq7GXFK5In\/xVi0GLs5Y6cYfPYaTKxqUzQR0X6PVFBT4boJ6r\/vIOvuwuGVd4bwBfvv6P42xPCh9fJxd6h0cD1HP9jxeR5xi+V6dFQeET67ncGzwaaLz0PUhoAxUQA+qEQCh\/5VlR4AZ7AzR0zXoJdCOS5BKAU1+fAovFwoOqSQyDyn177EOswN6A2aAH7TCHvn\/66d9YjfuFBsslNLlCoPaTD+U7AW7AUl4Cujs9Z11U7ADY9rvt8p1gJwutR\/23X4kChMpafw2kkcnyrSuIglNffy3fOaBOiYCGq9\/ztUpKjYSGK+f5xh3UgMlslu8csNZWgnSn6JRZ0AyOgsarF7lAAQ3bq5mZHsNnMzeB1oliboB40w6OAVOhkW7t6BcRClqtVr7DnnGeSG4Wyj4KBLI6psI8+Q4fqlRQWFQk32EnJGiLK0suDRBIfa211fKdA9qRqfKVKzwaIEijBoK1xtGIdkQy2OppXfGE1wYI+hFoD5oa0M4nu+meK3w2QNCPzwBzZZl85x2tNuAP2t0A6QWxVPvlUTbEBevv5\/LWrFZr8JsAap70re70P9BwR4CEa1DNgXdYNXQjU6Bw8yNcr71okwCF44bz36KvFgUSqln1B3vtA2tFk2vON4ImPhCkoXFQuu0J8cBPibRKAHHcLGWh\/xHGvmDlay9yuUfT1Bn+mUoLUTphoB0SC+WZz3nW8wKvBNCLphwtSGjOSY1LX35GPJCh1mhA1eU26BbQG7r26AZTZ86Qn5AuoFVX\/wjqAf2ADFXNR\/vkJ97hQgB1bC4pRDHH4oxOgOItj4lyN1bKy8t5wSZrF9E\/GqbNmik\/EVAMWMP336H0InF4QuD6l595lQgTQC9YaqpAhy6m9s4UKCC3gR\/7RkRsDBv84KhwOHT4sFzqCWqn9ugh9LhwGFF53U23ymQ0gG7sYPykoYPk\/5TavGULEtAf+oYFgyHbIJd6B7mlhJqD+3DGJENWTB9ouHiWy1T0qArXOU1yOLp34UjhBX7QFo787QgEhIVAt1495BLfIAJsuPJph8bzWlK06UH5iX0IBIUVezJxcYoGdWwgmHSaNofh8+PHQSNJ8p0nxPsYGIxH3xsNOvloBGfPwOssKHvhaZxKcaBJjQJTWTFPR3eEREVCNOpASHQEHP7kE7lUgDxJ6iJ7ygheFHKXzcRg0CoeusErATaaS4jirZuE2FAq5KYrULTcYHAde4WznIV3gxaXNAO6swSlvjd4JUCB8lrxpvUowiR0fZLBcv0aNig\/kNFiE9zlLp2OjlkK6Mel8frpu1sHWiVAgcJB\/tpl6FMgIeMHg62ulssIhf+1kr0cGjaq2RrH7vCLAAY2qjRrXDwdRZwCBlyvdaNS2WO01V3HJ\/53rMB\/ApygcKgfnw7m0iI2vx1Fhwiw4pibivOh7ruT4F23\/Ue7CVC4103MAG1qNJgrythytmfcndE+ArAP6iZ76ig03YPYuEjxwWDKxynawWHwmwCyDWSQDGhcdKNTIXfJLDRYO0BCzdcmhoKpBA1WG\/GgN\/hFgNKwYdJI1v7sScPB1tzMZQUbV4M0PAkdlhicCXU8HO1B2wTIKm6cP4U7pwjQ1lCPY+7gtujRB3AZxyEZngDWqgqasaQs4mEb8EsClPHSj0lFfyEJWiwmr40XblyFK10KDskAsFYSETdIgCJK47JZbGwk5J7grWGlLH\/VEpQCDsdwER9RIqYteCVA6Tx\/7XI0vYmgwYiUxpzCOwKlQwoKCuDvn38OtdeESaYyQt6y2UJPJqbjO02ouK0T4VMCRb\/GBQhdNCkuCCzYiTPn965YDrf37A49+gbAbd3ugPMXhBOjGOtcJIJmin7CULCZhLL6glcCitFjIc3WoENpacRVzU2Ud44dA1FxA9gpDY2OhH3798tPHDAumgZaJMIwIQNazM0+dcJOgCL24qd+jYoUD1JKJFipcy51xb33rYTo+Fgmok9wIJw7d05+ItAizxzDrPE8HDlzJqH9NnvVCSZAKS59aQdo02Mx5kOx11Z69YQIm5\/cytwTEbf36g41NTUeHLJO4FTNnjGGU2c5sybirWeLdglU7H4JO4+DrLhAaM7Wtqo6r+\/ZA0GR4SyBrj27yaWeoDYoL2+YMgr0GENmL5zm0S4TUL7nFYxiotAzDoMmXRY\/aA3nzp6F7n17c2yQlCIyJr7GmEptSIT+7pHskucunyPK5fqqin1vgiYplC1ck\/SzoJof+UZjYyNHRqHokK5et1Yu9Q3qrKWxAbJnjgfdmEGQv2YpWK\/V8DNVzj2jQTsmDafOLKrJhf7gti5dOKO7d9+7cknroJar3s4UhioJJf3zFS5X2dBdJvFo0afLQXtP8CVOZyQMTIaegQFoA7xnydxR8VYmSIMHgCYxBEx5Tjst1BX5c4bJw3HKDIS8FXP5QVtEXP3pJ8jMzASTCdcGH1AMU8X+NzEuxCAVpzYNM0NunpWQXCxbbS3oxqWj3acxWsYPW6OhsKgQPv\/iuHznBfLLNUf+zKlwyhs0\/Pi9h345DBE+Il9eNw4DVZwyuetWyE88UYGrXZeuXaF3SBDcu3K5XOoMwXvNV8dAkxaDRi0C6r856dWu2AlQQKsYBZC6YYmQLyeg3Idj1+7X2A6QIVIS+86gjq6dOMrbb2oUe\/0ZR37WHR4EUFeWonxe1ylfUPCEyJo7E1FWVgaqrirOZW7f8Tu5VPBNtepOHENrGgzSoGi4joS0Bg8CCOT\/mdHH06ZFo31IhuJtm8QDmQaFGErV2IFl3Pm5b3j51qRGQO0nB5VXfMIrAQTqg\/KlGpLEsHgoeeq\/fa4NBHrW9K+rHN5rUPRVf3q3zc4JPglQYCkvRVFGgg6935Kdcv7dTSdolWu6ehE06f05W1z9wdvyk7bRJgEkbtqOyIruzXqh7K1SOdFBpDT+cI4zatKQWKh+R2zQKktyW2iTAAJx2KxXi2QkTqvKfY7tveasqywhDX4q\/+81IXaizE\/4RQCBxphyh1pUMAkNS82B\/RgRGVFHYtiHKN\/1Yqs64gt+E6Bw1Zh1GdQYjukpRhhNsUASlL4iEpntYNwO\/wmQQX3UXzwL6v59ROfP75DLO9A7ot0EEKir2qMfs9vO3Xasb0aHCOhM3DICaIhISUlY144cxKU\/GfLuW8AZdrsAb0CSHcXNFQAypERshOu4Rhmmj4as+CDQ35XBy4w6MRSKnlgPzXli049k4L743kx0ugAEA4IJvsZP7dlToJ8xDjS4QOvR6dNjwJaNrjDl2MSOEyV6AqF480b0Fh2CUPK1NxOdrwHy6NH\/hqsXIGfGWPTJotDHS2HnQj9pOFS+j0sl1rPU1uDorwUJ7bgG3S8JNUKLbnPJ1sfAUuV6iulmodMEQCOunMxqvHIBjAumsguuHZnE8Sad1ak++B7YMDpSQEKij7mkCAofR0HgakqxiTQEfYph6Hs8vRWsGC7QJOrIIucPblgANMcVTW248C3kLZ3Nqk7xjW5IPBgwKq\/et8e+8+3QDwHn+W5Cn6fosQdBSg7n9yn9qBscA2U7nwRrudi\/ponlnJy7UXRIAESyE9044j9A3v0L+GAFEU57K4aRKVC++2Xe1BX18b\/zS26g50rKu8kgQf5D94MWBUHxupQRz2FS+f\/+ASxlxVzH3uYNov0CID7ky2adBvJXLWJ\/jAyZfnB\/JDgBSl99wS+VdV4hFDgz1WTUQe7K+aDG4EI3Em1EOsYG44dAxZuZIk0r17sR+C0AIkwht1mLjGO8qEGCaFNbRx901ctfexGscsKS4E7g6TNnYMmypZA0MBliEuIgJj4Or5NgwuRJcOjQx2A2iaMp7iPbiBqR+8tFvKHKxhRDPf3EYVDx9qt8PoQg6xlftwdtCoAyakqzjT9fhYLH1mLQE4uMJ6ChSuSzDKWv7ARzVYVcyztohzctfTB06XYH9GfmY1kAFFgHhodCr8AAeHe\/5w6\/sywafroIufehRiQEgY5sRGoMGKaMxujvLbQxtFcmhNeeqeFTAM5NmHFtLtn6OOgo4huWwKqoRQtfsuM3YJEP3VL91jq+dOkSny6gbKKS3I2M6w8RA6JZAGlDM+DoZ5\/JtT0hGBP9NJz\/BnKXzEAnKoRtDp2SpOX22rGPXU4J+6bGAQ8B0EuKVTeXFuNS9BuQMCaXMmjEEzjNUbT9CVyeav3qQAEx8NAjG0F1m4oFQJ9o\/IT3j4Ye\/frAA+vWemxAe4MiBPrUnT8NhjkTOT6kqaFOjoCcuZOg\/sujqLn+7SLaBUAZciWDbakog9KXd7KKU5itp+2XuCDhqZU5jpS1Fzufew669+kNYTFRfOSDBEBb\/zQt3tjzRqsa5BPI6PWT6GLPuIvzjjqMMehsk2HOJKg7\/SW2ics0VfOxdPKRWKVja00lGrLneenRolHToxOjiQ2CvEdXQ6Ne5K3FOtwBQhGfHPkrDBs1krcVSAA0BYIiwyAA72nHR0F72le01WZqgpqjhyF7+jiQWBCpPDWMi6ZD42WxhUFVqW3n9kVytqkRKt7axX65JhW9MVR1StbnoaWns1MEeqeDfNthzDHCL1evYjtANiAcNSEwIhSmTp8GV66IdHVHoSSBaGus+tAHYJg0jKcG2YgsFEjuirnQ+M8fuI4zVGV\/fJZPpJHa6HBpodNFtDPZpHdK+nUinn\/hBc5o0qGjkKhw6BMaDL\/9\/Q7O93YGlEEiG1D94V7Q06GooQnsP2SF9wQjTo36S45NLRWl5mtPHQfD7LvQqgaBFl+QBseCcd4UnkPYEquON6elI9j\/\/vvQLyQYQtH49Q0Ngu69e8KJr8SPLm4EpNbKTh8d+yz\/4062B5Tnpp06TRxGm0\/9Cm1YIbSYHVsKKoUxClKqD7yHDkYGzh20qrTODowE48J7oDnrMtchuM8hf6G8k2PMgVVr17AW0GfewgWQm+c4u9sekD2iIVfIabGY+ci2Fr1GsmHEvBQfAgWProFmg9BoqupiA+RvtpL8EF3MagxXtWPTOIyVRg8C9QA0hCvmQaPmJ1G5AwJoCx0SqhABf6oOvMPHjzVJEaAfgd\/oNeatuReapH9yXYK3Hhx+AD7l0ZWrWTF6K38rk0+maNLQAcKoTtM\/AArWLufsDdVqT75CYVCtVsMG9AdogzE4IhwWL\/0FXLp8GcxeDp17BdEpe6c0aNe+OMIHH+lHNjpUdSkxFIz3zYP6H5227lqh06snSGunQjAFHTSf9LisUFxPQQ\/tquatWgLWqlJRBz8+llkXHDh4EJIGpUBP+s3LAPQC0RAGoB3o1qdXq14ggehRjgTS9bUzJ9DA4VKHkSdFirTxmbd8LtR\/9zUSpAioFc5leBWAM5QTGhaMx0v\/sB0NpHCHyUmi7YD8h1aCuayE67SFv1I8MCwD\/iOgp\/2oAR0\/7dG3Nxw9dkyu1Tqunfwc7dQQPldJ3h+t9dnzJkPdyeNIrPj5hjJ4\/qBNAShQ1N1SUsSZGikVJT88EZ0mdEExOCl58jGwFBVwHW8EKGXZOTmw45nfw8JFC2HOvLmwZfuTUFXt+dsDAYpAxQDUnT0NxtkT0CMN5EMglG3Kno7+\/xefcr2Owm8BEAPiI+6tFeX8Az\/6yRI7Tmh5\/4XLaNHmR8BSLNxldxvh18hgHVqZqCZ9Gn+6jIyOEYEPMk6Cz7lnFNT8+QOuTmC65Ov2wm8B2IE9iTSY6NJaWwP5G1aBhGExpbk1GCpLdyZB6XPb0ZDKIar9n29Qc84Col0349LpnCQl11yDMYmEhrhq725cx83Cv5en542g\/QJwApFLARR9mwryoBAFQVuIdFiKVg4yThWv\/g\/YrjuSJL6gsN748xXIe2Aph9uUJZbQ1tAOcfX+N+1ZIH8Mrr+4IQHYIYaPL5t0Wshf\/QtcKUhl0TqjIGgnsfLtXfZskTLS9K1EoM2o6gVrlmFEF8yZZIpCSaMq92TaT52J95RP56BzBIAg4pS5S2hEzytv6SxQU3CF1pqmiGFiOjpZOJLXxdQgUF6xYP1yfB4DdESPzgSQTSl7foe9LWq781h2RacJQAERakXrp2hpE87lvMXT+PevdPKSPDTjwqlQ+9F7UEqn8yj0pmAFmaYfvpS9+AzYcI5TO94OuHU2Ol0ALkAulJFruPgd5CyeLjbXxwwCCZnWjhzIH3VCKPoY2\/i3NARlitwK3FwBMMTyqYCOvOcsuBs00QG8pBX\/dhOYahXGby3zhFsgAAG2ETJzdPSm9thh\/jFRi\/zjW39PtXQ2bpkA\/n8C4N87AXB7lidMUgAAAABJRU5ErkJggg==\" \/><strong>GHS07 Uzman\u012bbu<\/strong><\/p>\n<p><strong>H312 <\/strong>Kait\u012bgs, ja non\u0101k saskar\u0113 ar \u0101du.<\/p>\n<p><strong>H315<\/strong> Kairina \u0101du<\/p>\n<p><strong>H319<\/strong> Izraisa nopietnu acu kairin\u0101jumu.<\/p>\n<p><strong>H317<\/strong> Var izrais\u012bt aler\u0123isku \u0101das reakciju.<\/p>\n<p><strong>H412<\/strong> Kait\u012bgs \u016bdens organismiem ar ilgsto&scaron;\u0101m sek\u0101m.<\/p>\n<p>Dro&scaron;\u012bbas pras\u012bbu apz\u012bm\u0113jumi:<\/p>\n<p>P102 Sarg\u0101t no b\u0113rniem.<\/p>\n<p>P261 Izvair\u012bties ieelpot izgarojumus.<\/p>\n<p>P264 P\u0113c izmanto&scaron;anas rokas k\u0101rt\u012bgi nomazg\u0101t.<\/p>\n<p>P273 Izvair\u012bties no izplat\u012b&scaron;anas apk\u0101rt\u0113j\u0101 vid\u0113.<\/p>\n<p>P280 Izmantot aizsargcimdus\/acu aizsargus\/sejas aizsargus<\/p>\n<p>P301+P312 NOR\u012a&Scaron;ANAS GAD\u012aJUM\u0100: Sazinieties ar SAIND\u0112&Scaron;AN\u0100S INFORM\u0100CIJAS CENTRU\/ \u0101rstu, ja jums ir slikta pa&scaron;saj\u016bta.<\/p>\n<p>P330 Izskalot muti.<\/p>\n<p>P302+P352 SASKAR\u0112 AR \u0100DU: nomazg\u0101t ar lielu ziepju un \u016bdens daudzumu.<\/p>\n<p>P333+P313 Ja rodas \u0101das iekaisums vai izsitumi: l\u016bdziet medi\u0137u pal\u012bdz\u012bbu.<\/p>\n<p>P305+P351+P338 SASKAR\u0112 AR AC\u012aM: Uzman\u012bgi izskalot ar \u016bdeni vair\u0101kas min\u016btes. Iz\u0146emt kontaktl\u0113cas, ja t\u0101s ir ievietotas un ja to var vienk\u0101r&scaron;i izdar\u012bt. Turpin\u0101t skalot.<\/p>\n<p>P337+P313 Ja acu iekaisums nep\u0101riet: l\u016bdziet medi\u0137u pal\u012bdz\u012bbu<\/p>\n<p>P321 \u012apa&scaron;a medic\u012bnisk\u0101 pal\u012bdz\u012bba (saskares vietas nomazg\u0101t ar \u016bdeni un ziep\u0113m).<\/p>\n<p>P501 Atbr\u012bvoties no satura\/tvertnes\/ iepakojuma saska\u0146\u0101 ar valsts noteikumiem.<\/p>\n","protected":false},"excerpt":{"rendered":"<p>100%&nbsp; kan\u0113\u013ca \u0113terisk\u0101 e\u013c\u013ca. Arom\u0101ts: izteiksm\u012bgs, vilino&scaron;s, silts, salds. Lieto&scaron;anas veidi: Kosm\u0113tikas bag\u0101tin\u0101&scaron;ana (kr\u0113ms, maska, balzams, losjons, &scaron;amp\u016bns): 2-4 pilieni e\u013c\u013cas uz 10 g bag\u0101tin\u0101t\u0101ja. Mas\u0101\u017ea, berz\u0113&scaron;ana: 1-4 pilieni uz 10 ml b\u0101zes e\u013c\u013cas. Vannas: pievienot 5-10 pilienus vannai, iepriek&scaron; iz&scaron;\u0137\u012bdinot ar 1-2 \u0113damkarot\u0113m j\u016bras s\u0101ls. Pirts, sauna: termoiztur\u012bg\u0101 trauk\u0101 pievienot 1-2 \u0113damkarotes j\u016bras s\u0101ls [&#8230;]\n","protected":false},"featured_media":53125,"template":"","meta":[],"product_cat":[1619],"product_tag":[],"class_list":{"0":"post-53121","1":"product","2":"type-product","3":"status-publish","4":"has-post-thumbnail","6":"product_brand-medical-fort_by","7":"product_cat-ellas","9":"first","10":"outofstock","11":"taxable","12":"shipping-taxable","13":"product-type-simple"},"_links":{"self":[{"href":"https:\/\/e.kosmolat.eu\/lv\/wp-json\/wp\/v2\/product\/53121","targetHints":{"allow":["GET"]}}],"collection":[{"href":"https:\/\/e.kosmolat.eu\/lv\/wp-json\/wp\/v2\/product"}],"about":[{"href":"https:\/\/e.kosmolat.eu\/lv\/wp-json\/wp\/v2\/types\/product"}],"wp:featuredmedia":[{"embeddable":true,"href":"https:\/\/e.kosmolat.eu\/lv\/wp-json\/wp\/v2\/media\/53125"}],"wp:attachment":[{"href":"https:\/\/e.kosmolat.eu\/lv\/wp-json\/wp\/v2\/media?parent=53121"}],"wp:term":[{"taxonomy":"product_cat","embeddable":true,"href":"https:\/\/e.kosmolat.eu\/lv\/wp-json\/wp\/v2\/product_cat?post=53121"},{"taxonomy":"product_tag","embeddable":true,"href":"https:\/\/e.kosmolat.eu\/lv\/wp-json\/wp\/v2\/product_tag?post=53121"}],"curies":[{"name":"wp","href":"https:\/\/api.w.org\/{rel}","templated":true}]}}