{"id":53113,"date":"2024-06-21T04:00:56","date_gmt":"2024-06-21T04:00:56","guid":{"rendered":"https:\/\/e.kosmolat.eu\/product\/essential-oil-blackforest-ylang-ylang-10-ml\/"},"modified":"2025-06-01T14:40:06","modified_gmt":"2025-06-01T14:40:06","slug":"blackforest-eteriska-ella-ilangilangs-10-ml","status":"publish","type":"product","link":"https:\/\/e.kosmolat.eu\/lv\/product\/blackforest-eteriska-ella-ilangilangs-10-ml\/","title":{"rendered":"Blackforest \u0112terisk\u0101 e\u013cla \u012alang\u012blangs, 10 ml"},"content":{"rendered":"<p>100%&nbsp; \u012blang\u012blanga \u0113terisk\u0101 e\u013c\u013ca.<\/p>\n<p><strong>Arom\u0101ts:<\/strong> ziedu, salds, eksotisks.<\/p>\n<p><strong>Lieto&scaron;anas veidi:<\/strong><\/p>\n<ul>\n<li>Kosm\u0113tikas bag\u0101tin\u0101&scaron;ana (kr\u0113ms, maska, balzams, losjons, &scaron;amp\u016bns): 2-4 pilieni e\u013c\u013cas uz 10 g bag\u0101tin\u0101t\u0101ja.<\/li>\n<li>Mas\u0101\u017ea, berz\u0113&scaron;ana: 1-4 pilieni uz 10 ml b\u0101zes e\u013c\u013cas.<\/li>\n<li>Vannas: pievienot 5-10 pilienus vannai, iepriek&scaron; iz&scaron;\u0137\u012bdinot ar 1-2 \u0113damkarot\u0113m j\u016bras s\u0101ls.<\/li>\n<li>Pirts, sauna: termoiztur\u012bg\u0101 trauk\u0101 pievienot 1-2 \u0113damkarotes j\u016bras s\u0101ls un 5-10 pilienus e\u013c\u013cas. Samais\u012bt ar 0,5 litriem \u016bdens, lai iztvaic\u0113tos.<\/li>\n<li>Maskas: pievienot 1-2 pilienus \u0113terisk\u0101s e\u013c\u013cas uz 1 \u0113damkaroti b\u0101zes (piem\u0113ram, kosm\u0113tisk\u0101s e\u013c\u013cas).<\/li>\n<li>\u0136emm\u0113&scaron;ana: uz \u0137emmes uzpilin\u0101t 2-3 pilienus e\u013c\u013cas.<\/li>\n<\/ul>\n<p><strong>Labv\u0113l\u012bgas \u012bpa&scaron;\u012bbas:<\/strong><\/p>\n<ul>\n<li>veicina \u0101das atjauno&scaron;anos un dzi\u013ci mitrina to;<\/li>\n<li>regul\u0113 zem\u0101das tauku l\u012bdzsvaru;<\/li>\n<li>nov\u0113r&scaron; nagu trauslumu un &scaron;\u0137el&scaron;anos;<\/li>\n<li>veicina matu aug&scaron;anu.<\/li>\n<\/ul>\n<p><strong>Sader\u012bba: <\/strong>apels\u012bns, bergamote, greipfr\u016bts, lavanda, citrons, pa\u010d\u016blija.<\/p>\n<p>Tikai \u0101r\u012bgai lieto&scaron;anai!<\/p>\n<p>Uzglab\u0101t temperat\u016br\u0101 no +5 &deg;C l\u012bdz +25 &deg;C.<\/p>\n<p>&nbsp;<\/p>\n<p><img decoding=\"async\" alt=\"\" src=\"data:image\/png;base64,iVBORw0KGgoAAAANSUhEUgAAADsAAAA7CAYAAAGyIsIlAAAAAXNSR0IArs4c6QAAAARnQU1BAACxjwv8YQUAAAAJcEhZcwAAFxEAABcRAcom8z8AABChSURBVFhH1VkHeFVFFn4JSQhILypFFCENgyIuVZoFlBVZehUF4RMbiIsSMYAofh8QRXoJAVEUV3cjYEABC00UIZBCkRKkBFQQkZJAes7+\/7lz816SlwYJy\/4fQ969d+aUOWfOnDnjKBGy8U+WLRPzmBt4Ky1atOBHkaVLc3fiR+LUqVPi7e2tv2XxYmcniYiQsLAwGTVqlIwePdqiAmQ6HP2sHoAsWSL169fXj7\/+8YdkOBx9rC8ukEWLJCMrix97mVf5AU3yjywSYOwtKSmS5XDEm1cW8MFHkpNVsM1btgjI79YP+FFBrlxRVTw8PPQvAQp7Hfgvmg8ctXDhQunSpYvs3r1bJDiY7xzsEH\/gwAGpXbu21KtXTyQoyPpgg3y+\/\/FHkaZNc3+wgQ5x5mfhwHBvNAqzy7wqGuipg9IwJw1uv1169O4tsnw5jbbXdMkPDCinnJKSdCr69euHR752SGJior6joSF6jA6wgRdZ9iAbY8eOlVq1akmNGjXkyy+\/NG8NPviA8+zUHw+7ZMECicYc41Fq1qwpf8CNDh06JOXKUSiHHKAE99xD7u4dRInAc7d+\/73cdNNNOigJ7kbbYJDTWQsDJmgPxZMmTdw7cVFIhF+ZnyUDRJwDmSlqgHlVPEDv2fLUU9bMVqxIAn7mU+HAwJkybJhMnjZNqlWrJr9gxsXXV1IdjiDTxT3SHI4FHJiSnq6zzOYFMykw83gRqB3zAqLNkyef1H4ZGRk5g6tWrarvFCCAfv46wIaKOmSI6WGhWbNmUrduXZk\/f755Y2ARsFTAj8XyzDPmi4W9e\/eqvp9++qkMHjxYUlNTzReDKlVIoKkDExHIGbUBenLbbbfJhAkTZMeOHfLOO++oe1aqVMnqsG8fB55XzgQnwibQqFEjJTBz5kxEqhTp2rWrPgcjQsiRI1yaSTrIFaAWIBUqKIHWbdrogClTpijX0NBQkYQErqS\/rN5uAAKNbAK33nqrtGvXToaPGCGyfz9Fzc8xL9ApSMqXVwJRUVEie\/aQ4yXzuWiAQGMlEBdHjufM6+IjBQSKJWpJAaLlocpStFiqaV6XLcBsFswoMnKkyNy5QuPA9HHwtSamS+mBwQiazVOGQ4dK9uXLchAuszM6Wi6lpYl89JGGDAhFAUplBjxAbD6YZmpMAsN\/r1yZE8Tt1mfAAMmgSyFnMTOwh3YmgRLhMGyIOG1NKRmabSgJf6tXr56Lqd3mzJmjfRTYMMwMxEPook0ACuXQeTY6Z3NK5dIlQ8mJyMjIfEy58NIRL\/OBAmAGQJNOmD9yY7QXPuregHDllqErhkIoRreQkBDx9\/dH8pNsvhSA99\/XqA\/mMTkCgJkvbBKP1Ehk3jzT0wlOLxOjp59+Wvr37y8NGzYULy8vueOOO5AhLIFCFTCrFaVx48by5ptvyssvvywbN26ULO7HrkBQkDvvJPNktJ7KnIA3+lMijV2cIgMyxOecVh6RhZkpp5Y7CrO0Rx55RIVx7fevTz6xCCD2Y1o0TMNveuCbe9AbMe0xGro4RcD2n37SKWUgXYRkdtKkSfL444\/LSng47UtBHnzwQbnlllukVevWcvjkSZGDBzWZgBQXMKP9DfmigRkIUBNw\/wAzgqkNU058VkEGDRqkySufu0GQs7T14cPKEMJfuqoMxgamKABE4lQAY4J169aBdhNp1aqVHgbUn3\/5RRmi\/7lrYpgXmAE\/zEC0ChAergIoaEOLYTK+DzTdSx8QIBAMdmODF0EWTRtCw4IPL6UNaBgEht3N4\/UDNPUyP68P0h2Ojpjq49B4Eph7mtdlBzBqjXYczLhUssD8NfOpbAAN24DhMZwXRRiNOncm4wwwnlAmGoPZ\/WhHEY5Evv7aWjp\/\/SXywANcOplgHFKqjEG0FdoJZbhpk5y9eFHT5EPIbvWojdDI6Uafcfh77Q522eH4mzJEPJatWyUuIUHaIg5XQQLPHSmc6c25czlTDRNMMkOvDiBwPwgdw6lW5NtvBRmU3Nu8OZRx7jSVK1eWr6C9y1SnY9zVORcGt4adEuXmm0W++UZNGBERkS+fYuvRo4ekYQvEydlmTK+mjcvhe\/FAL4WGR3RKN2xQhsT48ePzMWS7++675bfffrM6nTplMxZONTp4oE\/hQKd2GHAc+5rI+vUWIYOv4bXMIqxuzvbSSy\/lziR+\/VXkoYfUq9HhNbSCGVNDdLSWxVdfGQpOkHBTq2qT05hNfERnyoszZwQ7vzJGo1fnX0740BxTamn43XdmZH7wYIjuml34+PhIcHCwc2rz4uxZkU6ddDnBxqH467QxGDK0nVCncaOhK1hhYQbxDM7IAQEByPXyJ3u54JxqRq7xyhBbVCdlyNCGLK8gXEEQ+AShr0OHDqrpxIkTpXfv3hIYGCgzZsxAIoFMoiBwqh99lIzT0V5lpWYEpWBNSF0+D5gJMu1kPty+fXsNCmTKw\/tjjz2mU8y6w5AhQ9S7p02bJn\/++acZbUAne+UVO2otozeUA+NX8ZBJV4eBTE+R48ePi5+fnzJhexTSvvHGG6plTEyMZouzZ8+WF198UfNku9+zzz7rPBmQIcYw7waPL3DMro0+2tMDL+hhVhw1jH9CSsps3ybGxtD3ww8\/6PczmDYm6kxJXft0wIxcuHBB+0BCQUQhw88vOBw18N0J9KbGr+FjunTsqIs8E2NY37NTT05lJ3gjCyuXcDxheYNM7VSVzRtL6O3p0yUzE6PDwkQ8PVVDtMrk4xZkjKWTrq7+++8qLJNslvcG4AhJZ2ICPhcH6eeff166d++u08kUlcynvfuujsEZRG0IWmvwt7ohXzDAOBSSaTijxmmQeurUqWo3HjnQRZ577jlpY2oyrHLSyTZt3mwxfOstm+Eq0KmpRIsCBniB8ThljKjCRc6APmzYMGXCaWZNlocqPtN7V9jnGjLEFIPhF\/hYSQmWBGA8FozTsThFTp\/W0\/nw4cOVUcuWLZUZI9MG7kL0UjoNvoFhFP5WtahcBWhjErKX02UshaE4yTMotG3bVraxim5riH4Q8nP8LdqGhQEEPMH4dUifZWt8Hp67YsUKSWC6QnAdenvbU3r1GrqCjLEDvQKiGa5erUCA4MLHt7XoV80MKT2AcagyRgDXY6LTS1di4V\/blBYEMPCgjdGyedSnl8KGq8tEQ1eAgR2rs6HhtXlpSQBG3mDa\/3xZa1gagLAVIWx7+MZozBa3VN5xlf0B7HqCrgDFmLsvgJKn8EwfzMRzHJ5D8Jv7dtHZ6o0MKEC3awGl5uDvMW7pmsbjgKJJEiI43vNMEI\/GHT2AE2OG\/38AQleAq1LJ2Wh6fNc8F3ukbNkiyKQ0mGth+eGHtbbLPui7F0pPTHU4mtzwloaAnmg8F7GSbilZq5aW8PUUyNJ9XvCci91Llfb1pcI84cdh\/Hi03NdpNwg8YMm2EHQelUTL1jMZb+u2bZPs5GQ5nJgoH0CpfyIH74\/MZ+CgQVrXXoOz99nLlwUJu2VpZsTICUGLp5IY0J0AerT09S1j5QUE8IUwPHDOQEtQS\/IcyKsKKCHZ2XIER6pJb78tgUFB+MwhuZsv8s32yLwjPv5YfqfS58\/rDbomTMa9ofQetPEsGuP5+kZvKFb+CiyJYyAtmUiBpE4d0Qtb1hAgNI8Msfv3ywsvvKCXAxhWaOM16+TJk+W0fSLjml66VM+eVBp8aO3dmFzmy2Xv3pDKE4xagul7aMcogAYeWpJKulyz8MqFJ7+8h67CWjNE6AULFiAfdEkIechj5Z3nLuuKJg28Y2Hp11mbxsDSDWQg6EN3BZO5VBLPIjVrit7ZM\/CY2zVX8FDP0gXzdftAWFhjH56\/N2DS3N5NcQKoNN27UiUqzfRtP5XG72t372PWmmSJhO56AgRFAw8v12hJN0q6gjUZFgtuhvVBrsBGRXnp\/y4OoampqWZ0AaClbfe2oncWZNsNQjwcBYJeyQECdFcrGYBAqiTv\/hl4irhFdAVruH369MmpoLCxAOmJI7z97Auhn8JS2IbIrUf84oC1JF6t0dIIcpAzA433sHb0Lty90cELHZnWUcmjaNk50ZW1xCIs6Q4UnsUT1qVoQZ72Wa9iNYclhVrYh1liiOPN5dWARdKICMvSlntrGgpd7Iwst3vjRVV8aI82Bx2PiY+PaKGNSrK6VwJL2khDAsFa18GDB7F9LoMBHlBlqSDrY4ux\/joi6LCcNW7cOLUqAxOLO8W2ritYvFuyxEpOqle3q00xWNOM3tz3KlJRH7wYBSWtLQQCyX33WVmNa7W3CJzGVhEbG6tWZJCZNWuWWrNu3boga7krGy1J5T788EPp1atXTk2d2xNLoT179tSJYO1uP7YuWvzo0aN6zVwsIHnRI33DhrpHs0HZ1dBxACUol4ajFgLRJLyIhdJZTNClSxcro+GMFQAGEyrHShgrXXWw11KZBg0aaBGKFU\/Wc7t166bf+Z7X0uHh4RIZGSkDBw7UaM1LXJbtuoBn586d9XezZs2kfv36SpN1pr59+8pnn32G7BLpZUHA5MiUKYLB9t58CW0N9OqX7HDUwaRagNIsYjbCB57KY9Ay9IKfFRhGPzdKM\/iMQNBihc0i4Wx0WQYeXkKwGrd8+XKJjo7WCM2KKl127dq1EhUVJZs2bVJPYLmwHpaPuxsUNk7G6lWrEDpcYgctvmePZU1MKDqqkjDaKiqJ37mLpnmBDv7o+Doao1u6Ks3qDwMBA4LBiRMn5D3spVQIwwpsjLyDsV1t374dGWS2GW2BZegpsIZridldIw26+HrsBpftNZ2QYBWFjJJQ8ALkZQnzH2hVMK54wGBPc3v+KojEkJjmqrT0okU5lk5G8hC9a5cW6umm1lBrO7kPa3\/MmDHyMfJeWpB\/eQmzc+dOvSlYjwjPjCksLExCQ0N1DVPpvOll83vvlanTp0s8lEumJRH0VMm77rLre0loLLn1hZLFq9W6AwgwRWxMpdHiQDRblWb6xozG5LIpEGIHlOCFQLt27SDHXeqWXLcPYVvg+qMS\/Ms1zsIz+7H+WwlbRhAOClyrXLN\/79pVs6mhOP+Gw5sSWJ5nsDx0SJBACyKZHW2pJAuZfdFKrxBmlA6ie4NBLH5b7k2lFy7M5d5x8fEyavRoXX\/WUKvxeo3BhmuYlmTZ1xuWce3D5IMWXrNundamFT\/\/bJX2g4Ntd72I9jlk6F7mxTcw8YPSIWi7wDRD92V7TZ88qfKlIAht3rpVRiJhsJVm0OJWREs\/jP3Q9ZDAqDv4iSdk5Zo1cobHPILRlaVo55qkklHg3xut8MBTmgBzD6xpPzDlmqalrTXN9I2bu3HvK9ievtu4EWeGJ3Vb4mXNPTjd8BaBVqSSI0eOlK3Ywrj+FVyTVBIJB90V9LmFfIEjZR\/w\/d+VUcGc7k1Ls3S+D7\/TmavCRy2lecsPJEHpbxBJxyCQ6XrEWuaVZgySBo2t9ppEINJiHEiDVhJaJH73QLs+xeniAoJxywqB0tH4nabujeRC3ZunFSAFSjGNzLlIJPbts+6GnPsk3XUt\/vYpszuG0gCEpXv7IyPT6E3hWVPSNc3o7XrHzMDDZMDf346uqiTG9ce4WobkjQ8Ia+\/T46EAt6wsTdCZhuIgIGPHWu5qKcmMJxJrku5a8ivGGwlQhmualt6F3+lqbTQoeBHPq9F64\/nGdderASwdBMWYe\/8HbRmjK\/5epy3E4fgvv\/vsXB7KDxEAAAAASUVORK5CYII=\" \/><strong>GHS08 B\u012bstami<\/strong><\/p>\n<p><strong>H304<\/strong> Var izrais\u012bt n\u0101vi, ja norij vai iek\u013c\u016bst elpce\u013cos.<\/p>\n<p><strong>H412<\/strong> Kait\u012bgs \u016bdens organismiem ar ilgsto&scaron;\u0101m sek\u0101m.<\/p>\n<p><strong>EUH208<\/strong> Satur: Benzilsalicil\u0101ts un eugenols. Var izrais\u012bt aler\u0123isku reakciju.<\/p>\n<p>Dro&scaron;\u012bbas pras\u012bbu apz\u012bm\u0113jumi:<\/p>\n<p>P102 Sarg\u0101t no b\u0113rniem.<\/p>\n<p>P273 Izvair\u012bties no izplat\u012b&scaron;anas apk\u0101rt\u0113j\u0101 vid\u0113.<\/p>\n<p>P301+P310 NOR\u012a&Scaron;ANAS GAD\u012aJUM\u0100: Nekav\u0113joties sazinieties ar SAIND\u0112&Scaron;AN\u0100S INFORM\u0100CIJAS CENTRU\/\u0101rstu.<\/p>\n<p>P331 NEIZRAIS\u012aT vem&scaron;anu.<\/p>\n<p>P405 Glab\u0101t sl\u0113gt\u0101 veid\u0101.<\/p>\n<p>P501 Atbr\u012bvoties no satura\/tvertnes\/ iepakojuma saska\u0146\u0101 ar valsts noteikumiem.<\/p>\n","protected":false},"excerpt":{"rendered":"<p>100%&nbsp; \u012blang\u012blanga \u0113terisk\u0101 e\u013c\u013ca. Arom\u0101ts: ziedu, salds, eksotisks. Lieto&scaron;anas veidi: Kosm\u0113tikas bag\u0101tin\u0101&scaron;ana (kr\u0113ms, maska, balzams, losjons, &scaron;amp\u016bns): 2-4 pilieni e\u013c\u013cas uz 10 g bag\u0101tin\u0101t\u0101ja. Mas\u0101\u017ea, berz\u0113&scaron;ana: 1-4 pilieni uz 10 ml b\u0101zes e\u013c\u013cas. Vannas: pievienot 5-10 pilienus vannai, iepriek&scaron; iz&scaron;\u0137\u012bdinot ar 1-2 \u0113damkarot\u0113m j\u016bras s\u0101ls. Pirts, sauna: termoiztur\u012bg\u0101 trauk\u0101 pievienot 1-2 \u0113damkarotes j\u016bras s\u0101ls un [&#8230;]\n","protected":false},"featured_media":53117,"template":"","meta":[],"product_cat":[1621],"product_tag":[],"class_list":{"0":"post-53113","1":"product","2":"type-product","3":"status-publish","4":"has-post-thumbnail","6":"product_brand-medical-fort_by","7":"product_cat-aliejai","9":"first","10":"instock","11":"taxable","12":"shipping-taxable","13":"product-type-simple"},"_links":{"self":[{"href":"https:\/\/e.kosmolat.eu\/lv\/wp-json\/wp\/v2\/product\/53113","targetHints":{"allow":["GET"]}}],"collection":[{"href":"https:\/\/e.kosmolat.eu\/lv\/wp-json\/wp\/v2\/product"}],"about":[{"href":"https:\/\/e.kosmolat.eu\/lv\/wp-json\/wp\/v2\/types\/product"}],"wp:featuredmedia":[{"embeddable":true,"href":"https:\/\/e.kosmolat.eu\/lv\/wp-json\/wp\/v2\/media\/53117"}],"wp:attachment":[{"href":"https:\/\/e.kosmolat.eu\/lv\/wp-json\/wp\/v2\/media?parent=53113"}],"wp:term":[{"taxonomy":"product_cat","embeddable":true,"href":"https:\/\/e.kosmolat.eu\/lv\/wp-json\/wp\/v2\/product_cat?post=53113"},{"taxonomy":"product_tag","embeddable":true,"href":"https:\/\/e.kosmolat.eu\/lv\/wp-json\/wp\/v2\/product_tag?post=53113"}],"curies":[{"name":"wp","href":"https:\/\/api.w.org\/{rel}","templated":true}]}}