{"id":53102,"date":"2024-06-20T10:20:38","date_gmt":"2024-06-20T10:20:38","guid":{"rendered":"https:\/\/e.kosmolat.eu\/product\/cristal-shaving-foam-200-ml-%d1%81ool-effect\/"},"modified":"2026-04-21T08:31:06","modified_gmt":"2026-04-21T08:31:06","slug":"i_cristal-viriesu-skus-putas-jutig-adai-atvesinosas-200-ml","status":"publish","type":"product","link":"https:\/\/e.kosmolat.eu\/lv\/product\/i_cristal-viriesu-skus-putas-jutig-adai-atvesinosas-200-ml\/","title":{"rendered":"I_Cristal V\u012brie\u0161u sk\u016b\u0161. putas jut\u012bg. \u0101dai Atv\u0113sino\u0161as, 200 ml"},"content":{"rendered":"<p><strong>Lieto&scaron;ana: <\/strong>pirms lieto&scaron;anas sakratiet pudeli un izspiediet nelielu \u017eelejas daudzumu uz plaukstas. P\u0101rv\u0113rtiet \u017eeleju maig\u0101s put\u0101s. Uzkl\u0101jiet putas vienm\u0113r\u012bg\u0101 k\u0101rt\u0101 uz iepriek&scaron; samitrin\u0101tas sejas \u0101das. P\u0113c sk\u016b&scaron;an\u0101s r\u016bp\u012bgi noskalojiet \u0101du ar siltu \u016bdeni un uzkl\u0101jiet losjonu, balzamu vai kr\u0113mu p\u0113c sk\u016b&scaron;an\u0101s.<\/p>\n<p><strong>Uzglab\u0101&scaron;anas noteikumi:<\/strong> uzglab\u0101t telp\u0101s vismaz 1 m att\u0101lum\u0101 no apkures ier\u012bc\u0113m temperat\u016br\u0101 no +5&deg;C l\u012bdz +25&deg;C un relat\u012bvaj\u0101 mitrum\u0101 55-70%. Sarg\u0101t no mitruma un tie&scaron;iem saules stariem.&nbsp;<\/p>\n<p><strong>Der\u012bguma termi\u0146&scaron;:<\/strong> 5 gadi no izgatavo&scaron;anas datuma.<\/p>\n<p>&nbsp;<\/p>\n<p><strong><img decoding=\"async\" alt=\"\" src=\"file:\/\/\/C:\/Users\/masha\/Desktop\/GHS%2002.jpg\" style=\"height:40px; width:40px\" \/>GHS02&nbsp;Uzman\u012bbu<\/strong><br \/>\nH223 Uzliesmojo&scaron;s aerosols.<br \/>\nH229 Tvertne zem spiediena: karstum\u0101 var eksplod\u0113t.<br \/>\nDro&scaron;\u012bbas pras\u012bbu apz\u012bm\u0113jumi:<br \/>\nP102 Sarg\u0101t no b\u0113rniem.<br \/>\nP210 Sarg\u0101t no karstuma, karst\u0101m virsm\u0101m, dzirkstel\u0113m, atkl\u0101tas uguns un citiem aizdeg&scaron;an\u0101s avotiem. Nesm\u0113\u0137\u0113t.<br \/>\nP211 Neizsmidzin\u0101t uz atkl\u0101tas uguns vai citiem aizdeg&scaron;an\u0101s avotiem.<br \/>\nP251 Nedurt vai nededzin\u0101t, ar\u012b p\u0113c izlieto&scaron;anas.<br \/>\nP410+P412 Aizsarg\u0101t no saules gaismas. Nepak\u013caut temperat\u016brai, kas p\u0101rsniedz 50 o C\/122 o F.<br \/>\n&nbsp;<\/p>\n","protected":false},"excerpt":{"rendered":"<p>Lieto&scaron;ana: pirms lieto&scaron;anas sakratiet pudeli un izspiediet nelielu \u017eelejas daudzumu uz plaukstas. P\u0101rv\u0113rtiet \u017eeleju maig\u0101s put\u0101s. Uzkl\u0101jiet putas vienm\u0113r\u012bg\u0101 k\u0101rt\u0101 uz iepriek&scaron; samitrin\u0101tas sejas \u0101das. P\u0113c sk\u016b&scaron;an\u0101s r\u016bp\u012bgi noskalojiet \u0101du ar siltu \u016bdeni un uzkl\u0101jiet losjonu, balzamu vai kr\u0113mu p\u0113c sk\u016b&scaron;an\u0101s. Uzglab\u0101&scaron;anas noteikumi: uzglab\u0101t telp\u0101s vismaz 1 m att\u0101lum\u0101 no apkures ier\u012bc\u0113m temperat\u016br\u0101 no +5&deg;C [&#8230;]\n","protected":false},"featured_media":92498,"template":"","meta":[],"product_cat":[1680],"product_tag":[],"class_list":{"0":"post-53102","1":"product","2":"type-product","3":"status-publish","4":"has-post-thumbnail","6":"product_brand-blyskavka_ua","7":"product_cat-skusanas-kosmetika","9":"first","10":"instock","11":"taxable","12":"shipping-taxable","13":"product-type-simple"},"_links":{"self":[{"href":"https:\/\/e.kosmolat.eu\/lv\/wp-json\/wp\/v2\/product\/53102","targetHints":{"allow":["GET"]}}],"collection":[{"href":"https:\/\/e.kosmolat.eu\/lv\/wp-json\/wp\/v2\/product"}],"about":[{"href":"https:\/\/e.kosmolat.eu\/lv\/wp-json\/wp\/v2\/types\/product"}],"wp:featuredmedia":[{"embeddable":true,"href":"https:\/\/e.kosmolat.eu\/lv\/wp-json\/wp\/v2\/media\/92498"}],"wp:attachment":[{"href":"https:\/\/e.kosmolat.eu\/lv\/wp-json\/wp\/v2\/media?parent=53102"}],"wp:term":[{"taxonomy":"product_cat","embeddable":true,"href":"https:\/\/e.kosmolat.eu\/lv\/wp-json\/wp\/v2\/product_cat?post=53102"},{"taxonomy":"product_tag","embeddable":true,"href":"https:\/\/e.kosmolat.eu\/lv\/wp-json\/wp\/v2\/product_tag?post=53102"}],"curies":[{"name":"wp","href":"https:\/\/api.w.org\/{rel}","templated":true}]}}