{"id":53054,"date":"2024-06-19T04:11:42","date_gmt":"2024-06-19T04:11:42","guid":{"rendered":"https:\/\/e.kosmolat.eu\/product\/me-too-2in1-dusas-zel-un-samp-berniem-magic-unicorn-500-ml\/"},"modified":"2026-04-24T06:08:54","modified_gmt":"2026-04-24T06:08:54","slug":"me-too-2in1-dusas-zel-un-samp-berniem-magic-unicorn-500-ml","status":"publish","type":"product","link":"https:\/\/e.kosmolat.eu\/lv\/product\/me-too-2in1-dusas-zel-un-samp-berniem-magic-unicorn-500-ml\/","title":{"rendered":"ME TOO 2in1 Du\u0161as \u017eel.un \u0161amp.b\u0113rniem Magic Unicorn, 500 ml"},"content":{"rendered":"<p>B\u0113rna \u0101das ikdienas kop&scaron;anai. Satur sast\u0101vda\u013cas, kas maigi att\u012bra un atsvaidzina \u0101du.<\/p>\n","protected":false},"excerpt":{"rendered":"<p>B\u0113rna \u0101das ikdienas kop&scaron;anai. Satur sast\u0101vda\u013cas, kas maigi att\u012bra un atsvaidzina \u0101du.<\/p>\n","protected":false},"featured_media":88126,"template":"","meta":[],"product_cat":[1797],"product_tag":[],"class_list":{"0":"post-53054","1":"product","2":"type-product","3":"status-publish","4":"has-post-thumbnail","6":"product_brand-vento_cz","7":"product_cat-dusas-zelejas-ziepes-putas","9":"first","10":"instock","11":"taxable","12":"shipping-taxable","13":"product-type-simple"},"_links":{"self":[{"href":"https:\/\/e.kosmolat.eu\/lv\/wp-json\/wp\/v2\/product\/53054","targetHints":{"allow":["GET"]}}],"collection":[{"href":"https:\/\/e.kosmolat.eu\/lv\/wp-json\/wp\/v2\/product"}],"about":[{"href":"https:\/\/e.kosmolat.eu\/lv\/wp-json\/wp\/v2\/types\/product"}],"wp:featuredmedia":[{"embeddable":true,"href":"https:\/\/e.kosmolat.eu\/lv\/wp-json\/wp\/v2\/media\/88126"}],"wp:attachment":[{"href":"https:\/\/e.kosmolat.eu\/lv\/wp-json\/wp\/v2\/media?parent=53054"}],"wp:term":[{"taxonomy":"product_cat","embeddable":true,"href":"https:\/\/e.kosmolat.eu\/lv\/wp-json\/wp\/v2\/product_cat?post=53054"},{"taxonomy":"product_tag","embeddable":true,"href":"https:\/\/e.kosmolat.eu\/lv\/wp-json\/wp\/v2\/product_tag?post=53054"}],"curies":[{"name":"wp","href":"https:\/\/api.w.org\/{rel}","templated":true}]}}