{"id":53026,"date":"2024-06-18T04:21:35","date_gmt":"2024-06-18T04:21:35","guid":{"rendered":"https:\/\/e.kosmolat.eu\/product\/ekel-pearl-auduma-sejas-maska-ar-perlu-ekstraktu-25-ml\/"},"modified":"2025-05-19T05:38:30","modified_gmt":"2025-05-19T05:38:30","slug":"i_ekel-pearl-auduma-sejas-maska-ar-perlu-ekstraktu-25-ml","status":"publish","type":"product","link":"https:\/\/e.kosmolat.eu\/lv\/product\/i_ekel-pearl-auduma-sejas-maska-ar-perlu-ekstraktu-25-ml\/","title":{"rendered":"I_Ekel Pearl Auduma sejas maska ar p\u0113r\u013cu ekstraktu, 25 ml"},"content":{"rendered":"<p>Auduma sejas maska ir ide\u0101li piem\u0113rota visiem \u0101das tipiem.&nbsp;P\u0113r\u013cu ekstrakts pal\u012bdz izl\u012bdzin\u0101t sejas toni un izgaismot vecuma plankumus un vasaras raibumus. Vitam\u012bni un aminosk\u0101bes, ar kur\u0101m ir bag\u0101ts p\u0113r\u013cu ekstrakts, baro \u0101du un pies\u0101tina to ar v\u0113rt\u012bg\u0101m viel\u0101m, kas nepiecie&scaron;amas, lai saglab\u0101tu \u0101das jaun\u012bbu un mirdzumu. Maskas lieto&scaron;ana iev\u0113rojami pal\u0113nina noveco&scaron;an\u0101s procesu, samazina grumbas un pie&scaron;\u0137ir sejai skaistu dabisku kr\u0101su.&nbsp;M\u012bkstais maskas pamats maigi piegu\u013c \u0101dai un viegli ies\u016bcas. Regul\u0101ri lietojot masku, \u0101da k\u013c\u016bst elast\u012bga, gluda, t\u012bra un kopta.<\/p>\n<p><strong>Lieto&scaron;ana:<\/strong> Uzkl\u0101jiet masku uz iepriek&scaron; att\u012br\u012btas sejas \u0101das. Atst\u0101jiet to uz 20-30 min\u016bt\u0113m, p\u0113c tam no\u0146emiet masku un ar mas\u0113jo&scaron;\u0101m kust\u012bb\u0101m vienm\u0113r\u012bgi sadaliet atliku&scaron;o l\u012bdzekli pa sejas un kakla \u0101du, l\u012bdz tas piln\u012bb\u0101 uzs\u016bcas. Vasar\u0101, lai sniegtu atsvaidzino&scaron;u efektu, masku ieteicams atdzes\u0113t ledusskap\u012b (neiz\u0146emot no iepakojuma). Ziem\u0101 masku ieteicams uzsild\u012bt karst\u0101 \u016bden\u012b l\u012bdz 50-60 &deg;C (neiz\u0146emot no iepakojuma).<\/p>\n<p>Tikai \u0101r\u012bgai lieto&scaron;anai. Izvairieties no saskares ar ac\u012bm.<\/p>\n<p>Uzglab\u0101t temperat\u016br\u0101 no +5 &deg;C l\u012bdz +25 &deg;C, b\u0113rniem nepieejam\u0101 viet\u0101.&nbsp;<\/p>\n<p>Ja rodas kairin\u0101jums, nekav\u0113joties p\u0101rtrauciet lieto&scaron;anu.&nbsp;<br \/>\n&nbsp;<\/p>\n","protected":false},"excerpt":{"rendered":"<p>Auduma sejas maska ir ide\u0101li piem\u0113rota visiem \u0101das tipiem.&nbsp;P\u0113r\u013cu ekstrakts pal\u012bdz izl\u012bdzin\u0101t sejas toni un izgaismot vecuma plankumus un vasaras raibumus. Vitam\u012bni un aminosk\u0101bes, ar kur\u0101m ir bag\u0101ts p\u0113r\u013cu ekstrakts, baro \u0101du un pies\u0101tina to ar v\u0113rt\u012bg\u0101m viel\u0101m, kas nepiecie&scaron;amas, lai saglab\u0101tu \u0101das jaun\u012bbu un mirdzumu. Maskas lieto&scaron;ana iev\u0113rojami pal\u0113nina noveco&scaron;an\u0101s procesu, samazina grumbas un [&#8230;]\n","protected":false},"featured_media":53030,"template":"","meta":[],"product_cat":[1369],"product_tag":[],"class_list":{"0":"post-53026","1":"product","2":"type-product","3":"status-publish","4":"has-post-thumbnail","6":"product_brand-medical-fort_by","7":"product_cat-veido-kaukes","9":"first","10":"outofstock","11":"taxable","12":"shipping-taxable","13":"product-type-simple"},"_links":{"self":[{"href":"https:\/\/e.kosmolat.eu\/lv\/wp-json\/wp\/v2\/product\/53026","targetHints":{"allow":["GET"]}}],"collection":[{"href":"https:\/\/e.kosmolat.eu\/lv\/wp-json\/wp\/v2\/product"}],"about":[{"href":"https:\/\/e.kosmolat.eu\/lv\/wp-json\/wp\/v2\/types\/product"}],"wp:featuredmedia":[{"embeddable":true,"href":"https:\/\/e.kosmolat.eu\/lv\/wp-json\/wp\/v2\/media\/53030"}],"wp:attachment":[{"href":"https:\/\/e.kosmolat.eu\/lv\/wp-json\/wp\/v2\/media?parent=53026"}],"wp:term":[{"taxonomy":"product_cat","embeddable":true,"href":"https:\/\/e.kosmolat.eu\/lv\/wp-json\/wp\/v2\/product_cat?post=53026"},{"taxonomy":"product_tag","embeddable":true,"href":"https:\/\/e.kosmolat.eu\/lv\/wp-json\/wp\/v2\/product_tag?post=53026"}],"curies":[{"name":"wp","href":"https:\/\/api.w.org\/{rel}","templated":true}]}}