{"id":52970,"date":"2024-06-18T04:12:45","date_gmt":"2024-06-18T04:12:45","guid":{"rendered":"https:\/\/e.kosmolat.eu\/product\/silk-plan-ikdienas-padusu-ieliktnisi-apg-aizsardz-pret-sviedriem-melni-10-gab\/"},"modified":"2025-04-01T14:43:50","modified_gmt":"2025-04-01T14:43:50","slug":"silk-melni-plan-ikd-padusu-ieliktnisi-apg-aizsardz-pret-sviedriem-10-gab","status":"publish","type":"product","link":"https:\/\/e.kosmolat.eu\/lv\/product\/silk-melni-plan-ikd-padusu-ieliktnisi-apg-aizsardz-pret-sviedriem-10-gab\/","title":{"rendered":"Silk Melni pl\u0101n. ikd. padu\u0161u ieliktn\u012bsi ap\u0123. aizsardz. pret sviedriem, 10 gab."},"content":{"rendered":"<p>Izgatavoti no p\u016bkain\u0101s celulozes.&nbsp;<\/p>\n<p>Aizsarg\u0101 ap\u0123\u0113rbu no traipiem un smak\u0101m. Neblo\u0137\u0113 sviedru dziedzeru darbu.<\/p>\n<p><strong>Lieto&scaron;ana: <\/strong>no\u0146emiet pap\u012bru no ielikt\u0146a un novietojiet to uz ap\u0123\u0113rba ar lip\u012bgo pusi uz leju padu&scaron;u zon\u0101.<\/p>\n<p>Uzglab\u0101t saus\u0101 viet\u0101 temperat\u016br\u0101 no 0 &deg;C l\u012bdz +30 &deg;C relat\u012bvaj\u0101 gaisa mitrum\u0101 l\u012bdz 90%.<\/p>\n<p>Nepiel\u012bm\u0113t pie \u0137erme\u0146a, tikai pie ap\u0123\u0113rba. Lietot saska\u0146\u0101 ar nor\u0101d\u012bjumiem.<\/p>\n<p><strong>Der\u012bguma termi\u0146&scaron;:<\/strong> 5 gadi no izgatavo&scaron;anas datuma.<\/p>\n","protected":false},"excerpt":{"rendered":"<p>Izgatavoti no p\u016bkain\u0101s celulozes.&nbsp; Aizsarg\u0101 ap\u0123\u0113rbu no traipiem un smak\u0101m. Neblo\u0137\u0113 sviedru dziedzeru darbu. Lieto&scaron;ana: no\u0146emiet pap\u012bru no ielikt\u0146a un novietojiet to uz ap\u0123\u0113rba ar lip\u012bgo pusi uz leju padu&scaron;u zon\u0101. Uzglab\u0101t saus\u0101 viet\u0101 temperat\u016br\u0101 no 0 &deg;C l\u012bdz +30 &deg;C relat\u012bvaj\u0101 gaisa mitrum\u0101 l\u012bdz 90%. Nepiel\u012bm\u0113t pie \u0137erme\u0146a, tikai pie ap\u0123\u0113rba. Lietot saska\u0146\u0101 ar [&#8230;]\n","protected":false},"featured_media":52974,"template":"","meta":[],"product_cat":[1812],"product_tag":[],"class_list":{"0":"post-52970","1":"product","2":"type-product","3":"status-publish","4":"has-post-thumbnail","6":"product_brand-medical-fort_by","7":"product_cat-vatos-produktai","9":"first","10":"instock","11":"taxable","12":"shipping-taxable","13":"product-type-simple"},"_links":{"self":[{"href":"https:\/\/e.kosmolat.eu\/lv\/wp-json\/wp\/v2\/product\/52970","targetHints":{"allow":["GET"]}}],"collection":[{"href":"https:\/\/e.kosmolat.eu\/lv\/wp-json\/wp\/v2\/product"}],"about":[{"href":"https:\/\/e.kosmolat.eu\/lv\/wp-json\/wp\/v2\/types\/product"}],"wp:featuredmedia":[{"embeddable":true,"href":"https:\/\/e.kosmolat.eu\/lv\/wp-json\/wp\/v2\/media\/52974"}],"wp:attachment":[{"href":"https:\/\/e.kosmolat.eu\/lv\/wp-json\/wp\/v2\/media?parent=52970"}],"wp:term":[{"taxonomy":"product_cat","embeddable":true,"href":"https:\/\/e.kosmolat.eu\/lv\/wp-json\/wp\/v2\/product_cat?post=52970"},{"taxonomy":"product_tag","embeddable":true,"href":"https:\/\/e.kosmolat.eu\/lv\/wp-json\/wp\/v2\/product_tag?post=52970"}],"curies":[{"name":"wp","href":"https:\/\/api.w.org\/{rel}","templated":true}]}}