{"id":52938,"date":"2024-06-18T04:06:43","date_gmt":"2024-06-18T04:06:43","guid":{"rendered":"https:\/\/e.kosmolat.eu\/product\/cosmetic-vaseline-75-ml\/"},"modified":"2025-05-01T13:25:53","modified_gmt":"2025-05-01T13:25:53","slug":"mf-kosmetisk-vazelins-klasiskais-75-ml","status":"publish","type":"product","link":"https:\/\/e.kosmolat.eu\/lv\/product\/mf-kosmetisk-vazelins-klasiskais-75-ml\/","title":{"rendered":"MF Kosm\u0113tisk. vazel\u012bns Klasiskais, 75 ml"},"content":{"rendered":"<p>Kosm\u0113tiskais vazel\u012bns ir \u012bpa&scaron;i izstr\u0101d\u0101ts, lai mitrin\u0101tu, m\u012bkstin\u0101tu un aizsarg\u0101tu roku un \u0137erme\u0146a \u0101du. Pateicoties vazel\u012bna e\u013c\u013cas, paraf\u012bna un dab\u012bg\u0101 vaska saturam, tas nov\u0113r&scaron; dehidrat\u0101ciju un mazina lob\u012b&scaron;anos, uzlabojot \u0101das toni un elast\u012bbu. Vazel\u012bns nodro&scaron;ina \u0101das aizsardz\u012bbu pret sala un v\u0113ja nelabv\u0113l\u012bgo ietekmi aukstaj\u0101 sezon\u0101, k\u0101 ar\u012b mitrina un m\u012bkstina \u0101du vasar\u0101.<\/p>\n<p><strong>Lieto&scaron;ana: <\/strong>uzkl\u0101t pl\u0101n\u0101 k\u0101rt\u0101 uz iepriek&scaron; att\u012br\u012btas roku un \u0137erme\u0146a \u0101das p\u0113c nepiecie&scaron;am\u012bbas.<\/p>\n<p><strong>Br\u012bdin\u0101jums: <\/strong>tikai \u0101r\u012bgai lieto&scaron;anai.<\/p>\n<p><strong>Kontrindik\u0101cijas:<\/strong> individu\u0101la sast\u0101vda\u013cu nepanesam\u012bba.<\/p>\n<p><strong>Uzglab\u0101&scaron;anas noteikumi:<\/strong> uzglab\u0101t b\u0113rniem nepieejam\u0101 viet\u0101, temperat\u016br\u0101 no +5 &deg;C l\u012bdz +25 &deg;C. Nelietot p\u0113c der\u012bguma termi\u0146a beig\u0101m.<\/p>\n<p>Nesatur alkoholu un m\u0101ksl\u012bgas kr\u0101svielas.<br \/>\n&nbsp;<\/p>\n","protected":false},"excerpt":{"rendered":"<p>Kosm\u0113tiskais vazel\u012bns ir \u012bpa&scaron;i izstr\u0101d\u0101ts, lai mitrin\u0101tu, m\u012bkstin\u0101tu un aizsarg\u0101tu roku un \u0137erme\u0146a \u0101du. Pateicoties vazel\u012bna e\u013c\u013cas, paraf\u012bna un dab\u012bg\u0101 vaska saturam, tas nov\u0113r&scaron; dehidrat\u0101ciju un mazina lob\u012b&scaron;anos, uzlabojot \u0101das toni un elast\u012bbu. Vazel\u012bns nodro&scaron;ina \u0101das aizsardz\u012bbu pret sala un v\u0113ja nelabv\u0113l\u012bgo ietekmi aukstaj\u0101 sezon\u0101, k\u0101 ar\u012b mitrina un m\u012bkstina \u0101du vasar\u0101. Lieto&scaron;ana: uzkl\u0101t pl\u0101n\u0101 [&#8230;]\n","protected":false},"featured_media":52942,"template":"","meta":[],"product_cat":[1390],"product_tag":[],"class_list":{"0":"post-52938","1":"product","2":"type-product","3":"status-publish","4":"has-post-thumbnail","6":"product_brand-medical-fort_by","7":"product_cat-kremai-aliejai-kuno-pienelis","9":"first","10":"instock","11":"taxable","12":"shipping-taxable","13":"product-type-simple"},"_links":{"self":[{"href":"https:\/\/e.kosmolat.eu\/lv\/wp-json\/wp\/v2\/product\/52938","targetHints":{"allow":["GET"]}}],"collection":[{"href":"https:\/\/e.kosmolat.eu\/lv\/wp-json\/wp\/v2\/product"}],"about":[{"href":"https:\/\/e.kosmolat.eu\/lv\/wp-json\/wp\/v2\/types\/product"}],"wp:featuredmedia":[{"embeddable":true,"href":"https:\/\/e.kosmolat.eu\/lv\/wp-json\/wp\/v2\/media\/52942"}],"wp:attachment":[{"href":"https:\/\/e.kosmolat.eu\/lv\/wp-json\/wp\/v2\/media?parent=52938"}],"wp:term":[{"taxonomy":"product_cat","embeddable":true,"href":"https:\/\/e.kosmolat.eu\/lv\/wp-json\/wp\/v2\/product_cat?post=52938"},{"taxonomy":"product_tag","embeddable":true,"href":"https:\/\/e.kosmolat.eu\/lv\/wp-json\/wp\/v2\/product_tag?post=52938"}],"curies":[{"name":"wp","href":"https:\/\/api.w.org\/{rel}","templated":true}]}}