{"id":52930,"date":"2024-06-18T04:06:30","date_gmt":"2024-06-18T04:06:30","guid":{"rendered":"https:\/\/e.kosmolat.eu\/product\/vaseline-for-children-silktouch-75-ml\/"},"modified":"2025-04-01T14:41:22","modified_gmt":"2025-04-01T14:41:22","slug":"silktouch-vazelins-bern-ar-kumel-ekstraktu-0-75-ml","status":"publish","type":"product","link":"https:\/\/e.kosmolat.eu\/lv\/product\/silktouch-vazelins-bern-ar-kumel-ekstraktu-0-75-ml\/","title":{"rendered":"Silktouch Vazel`\u012bns b\u0113rn. ar kumel. ekstraktu 0+ , 75 ml"},"content":{"rendered":"<p>Efekt\u012bvs un dro&scaron;s l\u012bdzeklis b\u0113rnu un pieaugu&scaron;o \u0101das kop&scaron;anai. Akt\u012bvie komponenti, kas ietilpst vazel\u012bna sast\u0101v\u0101, nodro&scaron;ina \u0101das aizsardz\u012bbu pret nelabv\u0113l\u012bgiem apk\u0101rt\u0113j\u0101s vides faktoriem, piem\u0113ram, aukstumu un v\u0113ju ziem\u0101, k\u0101 ar\u012b nov\u0113r&scaron; auti\u0146biks\u012b&scaron;u izsitumus un sausumu vasar\u0101. Kumel\u012b&scaron;u ekstrakts mitrina un m\u012bkstina b\u0113rna \u0101du, nodro&scaron;inot efekt\u012bvu nomierino&scaron;u iedarb\u012bbu.<\/p>\n<p>Vazel\u012bns b\u0113rniem &ndash; neaizst\u0101jams pal\u012bgs visai \u0123imenei!<\/p>\n<p><strong>Lieto&scaron;ana:<\/strong> uzkl\u0101t \u0101r\u012bgi uz iepriek&scaron; att\u012br\u012btas b\u0113rna \u0101das un iemas\u0113t. Lietot p\u0113c nepiecie&scaron;am\u012bbas.<\/p>\n<p><strong>Lieto&scaron;anas ieteikumi:<\/strong> b\u0113rna \u0101das kop&scaron;anai no pirmaj\u0101m dz\u012bves dien\u0101m.<\/p>\n<p><strong>Kontrindik\u0101cijas:<\/strong> individu\u0101la sast\u0101vda\u013cu nepanesam\u012bba.<\/p>\n<p><strong>Uzglab\u0101&scaron;anas noteikumi:<\/strong> uzglab\u0101t b\u0113rniem nepieejam\u0101 viet\u0101, temperat\u016br\u0101 no +5 &deg;C l\u012bdz +25 &deg;C. Nelietot p\u0113c der\u012bguma termi\u0146a beig\u0101m.<br \/>\n&nbsp;<\/p>\n","protected":false},"excerpt":{"rendered":"<p>Efekt\u012bvs un dro&scaron;s l\u012bdzeklis b\u0113rnu un pieaugu&scaron;o \u0101das kop&scaron;anai. Akt\u012bvie komponenti, kas ietilpst vazel\u012bna sast\u0101v\u0101, nodro&scaron;ina \u0101das aizsardz\u012bbu pret nelabv\u0113l\u012bgiem apk\u0101rt\u0113j\u0101s vides faktoriem, piem\u0113ram, aukstumu un v\u0113ju ziem\u0101, k\u0101 ar\u012b nov\u0113r&scaron; auti\u0146biks\u012b&scaron;u izsitumus un sausumu vasar\u0101. Kumel\u012b&scaron;u ekstrakts mitrina un m\u012bkstina b\u0113rna \u0101du, nodro&scaron;inot efekt\u012bvu nomierino&scaron;u iedarb\u012bbu. Vazel\u012bns b\u0113rniem &ndash; neaizst\u0101jams pal\u012bgs visai \u0123imenei! Lieto&scaron;ana: [&#8230;]\n","protected":false},"featured_media":52934,"template":"","meta":[],"product_cat":[1305],"product_tag":[],"class_list":{"0":"post-52930","1":"product","2":"type-product","3":"status-publish","4":"has-post-thumbnail","6":"product_brand-medical-fort_by","7":"product_cat-1305","9":"first","10":"instock","11":"taxable","12":"shipping-taxable","13":"product-type-simple"},"_links":{"self":[{"href":"https:\/\/e.kosmolat.eu\/lv\/wp-json\/wp\/v2\/product\/52930","targetHints":{"allow":["GET"]}}],"collection":[{"href":"https:\/\/e.kosmolat.eu\/lv\/wp-json\/wp\/v2\/product"}],"about":[{"href":"https:\/\/e.kosmolat.eu\/lv\/wp-json\/wp\/v2\/types\/product"}],"wp:featuredmedia":[{"embeddable":true,"href":"https:\/\/e.kosmolat.eu\/lv\/wp-json\/wp\/v2\/media\/52934"}],"wp:attachment":[{"href":"https:\/\/e.kosmolat.eu\/lv\/wp-json\/wp\/v2\/media?parent=52930"}],"wp:term":[{"taxonomy":"product_cat","embeddable":true,"href":"https:\/\/e.kosmolat.eu\/lv\/wp-json\/wp\/v2\/product_cat?post=52930"},{"taxonomy":"product_tag","embeddable":true,"href":"https:\/\/e.kosmolat.eu\/lv\/wp-json\/wp\/v2\/product_tag?post=52930"}],"curies":[{"name":"wp","href":"https:\/\/api.w.org\/{rel}","templated":true}]}}