{"id":52906,"date":"2024-06-18T04:03:57","date_gmt":"2024-06-18T04:03:57","guid":{"rendered":"https:\/\/e.kosmolat.eu\/product\/mf-dabiga-basma-matu-krasos-un-stiprin-lidzeklis-100-g\/"},"modified":"2025-08-25T05:42:31","modified_gmt":"2025-08-25T05:42:31","slug":"mf-dabiga-basma-matu-krasos-un-stiprin-lidzeklis-100-g","status":"publish","type":"product","link":"https:\/\/e.kosmolat.eu\/lv\/product\/mf-dabiga-basma-matu-krasos-un-stiprin-lidzeklis-100-g\/","title":{"rendered":"MF Dab\u012bga basma Matu kr\u0101so\u0161. un stiprin. l\u012bdzeklis, 100 g"},"content":{"rendered":"<p>Basma ir sen\u0101kais dab\u012bgais matu kr\u0101so&scaron;anas l\u012bdzeklis. Basma ir pel\u0113c\u012bgi za\u013c&scaron; pulveris, ko ieg\u016bst no sasmalcin\u0101t\u0101m indigo lap\u0101m. K\u0101 ar\u012b basma:<\/p>\n<p>&#8211; nodro&scaron;ina intens\u012bvu, ko&scaron;u kr\u0101su uz ilgu laiku;<br \/>\n&#8211; pie&scaron;\u0137ir matiem elast\u012bbu un apjomu;<br \/>\n&#8211; samazina galvas \u0101das taukain\u012bbu;<br \/>\n&#8211; nov\u0113r&scaron; blaugznas;<br \/>\n&#8211; nostiprina matu saknes un matu strukt\u016bru vis\u0101 garum\u0101;<br \/>\n&#8211; stimul\u0113 matu aug&scaron;anu;<br \/>\n&#8211; baro matus;<br \/>\n&#8211; atjauno matus p\u0113c ilgvi\u013c\u0146iem un kr\u0101so&scaron;anas;<br \/>\n&#8211; aizsarg\u0101 matus no meh\u0101nisk\u0101s un atmosf\u0113ras ietekmes.<\/p>\n<p>Lietojot vienu pa&scaron;u, t\u0101 pie&scaron;\u0137ir matiem smaragda zilu kr\u0101su. Ta\u010du visbie\u017e\u0101k to izmanto kombin\u0101cij\u0101 ar hennu, lai kr\u0101sotu matus tum&scaron;\u0101s kr\u0101s\u0101s, pat meln\u0101. Nav ieteicams kr\u0101sot blondus matus ar basmu bez hennas.<\/p>\n<p><strong>Lieto&scaron;ana:<\/strong> lai nokr\u0101sotu matus tum&scaron;\u0101s kr\u0101s\u0101s, sajauciet hennu un basmu. Izv\u0113lieties hennas un basmas attiec\u012bbu individu\u0101li. Sajauciet hennu ar basmu noteikt\u0101 proporcij\u0101, at&scaron;\u0137aidiet ar \u016bdeni 70-80 &deg;C temperat\u016br\u0101, vai ar speci\u0101lu l\u012bdzekli. Samaisiet stikla trauk\u0101, l\u012bdz ieg\u016bta viendab\u012bga, bieza masa. Atst\u0101jiet mais\u012bjumu atdzist 10-20 min\u016btes (ne zem\u0101k par 40 &deg;C). Uzkl\u0101jiet mais\u012bjumu uz matiem, sadalot tos &scaron;\u0137ipsn\u0101s, p\u0113c tam iemas\u0113jiet un sa\u0137emm\u0113jiet matus vis\u0101 garum\u0101. Uzvelciet cepur\u012bti. P\u0113c kr\u0101so&scaron;anas noskalojiet ar siltu \u016bdeni (bez &scaron;amp\u016bna).<\/p>\n<table border=\"1\" cellpadding=\"1\" cellspacing=\"1\" style=\"width:500px\">\n<tbody>\n<tr>\n<td><strong>Ieg\u016btie to\u0146i<\/strong><\/td>\n<td><strong>Proporcija<\/strong><\/td>\n<td><strong>Laiks<\/strong><\/td>\n<\/tr>\n<tr>\n<td>&Scaron;atens (kasta\u0146br\u016bns)<\/td>\n<td>Henna ar basmu\/ 1:2<\/td>\n<td>30 min\u016btes<\/td>\n<\/tr>\n<tr>\n<td>Brunete (maksim\u0101li tum&scaron;s)<\/td>\n<td>Henna ar basmu\/ 1:3<\/td>\n<td>60 min\u016btes<\/td>\n<\/tr>\n<\/tbody>\n<\/table>\n<p>Jo vair\u0101k basmas pievienosiet mais\u012bjumam, jo tum&scaron;\u0101ks b\u016bs j\u016bsu matu tonis. Vispirms var nokr\u0101sot vienu matu &scaron;\u0137ipsnu, lai noteiktu iztur\u0113&scaron;anas laiku.&nbsp;<\/p>\n<p><strong>Uzglab\u0101&scaron;anas noteikumi: <\/strong>uzglab\u0101t temperat\u016br\u0101 no +5 &deg;C l\u012bdz +25 &deg;C, b\u0113rniem nepieejam\u0101 viet\u0101.<\/p>\n<p><strong>Der\u012bguma termi\u0146&scaron;:<\/strong> 36 m\u0113ne&scaron;i.<br \/>\n&nbsp;<\/p>\n","protected":false},"excerpt":{"rendered":"<p>Basma ir sen\u0101kais dab\u012bgais matu kr\u0101so&scaron;anas l\u012bdzeklis. Basma ir pel\u0113c\u012bgi za\u013c&scaron; pulveris, ko ieg\u016bst no sasmalcin\u0101t\u0101m indigo lap\u0101m. K\u0101 ar\u012b basma: &#8211; nodro&scaron;ina intens\u012bvu, ko&scaron;u kr\u0101su uz ilgu laiku; &#8211; pie&scaron;\u0137ir matiem elast\u012bbu un apjomu; &#8211; samazina galvas \u0101das taukain\u012bbu; &#8211; nov\u0113r&scaron; blaugznas; &#8211; nostiprina matu saknes un matu strukt\u016bru vis\u0101 garum\u0101; &#8211; stimul\u0113 matu [&#8230;]\n","protected":false},"featured_media":52910,"template":"","meta":[],"product_cat":[1660],"product_tag":[],"class_list":{"0":"post-52906","1":"product","2":"type-product","3":"status-publish","4":"has-post-thumbnail","6":"product_brand-medical-fort_by","7":"product_cat-chna-ir-basma","9":"first","10":"outofstock","11":"taxable","12":"shipping-taxable","13":"product-type-simple"},"_links":{"self":[{"href":"https:\/\/e.kosmolat.eu\/lv\/wp-json\/wp\/v2\/product\/52906","targetHints":{"allow":["GET"]}}],"collection":[{"href":"https:\/\/e.kosmolat.eu\/lv\/wp-json\/wp\/v2\/product"}],"about":[{"href":"https:\/\/e.kosmolat.eu\/lv\/wp-json\/wp\/v2\/types\/product"}],"wp:featuredmedia":[{"embeddable":true,"href":"https:\/\/e.kosmolat.eu\/lv\/wp-json\/wp\/v2\/media\/52910"}],"wp:attachment":[{"href":"https:\/\/e.kosmolat.eu\/lv\/wp-json\/wp\/v2\/media?parent=52906"}],"wp:term":[{"taxonomy":"product_cat","embeddable":true,"href":"https:\/\/e.kosmolat.eu\/lv\/wp-json\/wp\/v2\/product_cat?post=52906"},{"taxonomy":"product_tag","embeddable":true,"href":"https:\/\/e.kosmolat.eu\/lv\/wp-json\/wp\/v2\/product_tag?post=52906"}],"curies":[{"name":"wp","href":"https:\/\/api.w.org\/{rel}","templated":true}]}}