{"id":52886,"date":"2024-06-15T04:00:38","date_gmt":"2024-06-15T04:00:38","guid":{"rendered":"https:\/\/e.kosmolat.eu\/product\/shik-bernu-tual-kremziepes-ar-alvejas-ekstr-90-g\/"},"modified":"2025-10-28T14:44:11","modified_gmt":"2025-10-28T14:44:11","slug":"shik-bernu-tual-kremziepes-ar-alvejas-ekstr-90-g","status":"publish","type":"product","link":"https:\/\/e.kosmolat.eu\/lv\/product\/shik-bernu-tual-kremziepes-ar-alvejas-ekstr-90-g\/","title":{"rendered":"SHIK B\u0113rnu tual. kr\u0113mziepes ar alvejas ekstr., 90 g"},"content":{"rendered":"<p>No dab\u012bga palmu un kokosriekstu e\u013c\u013cas.<\/p>\n","protected":false},"excerpt":{"rendered":"<p>No dab\u012bga palmu un kokosriekstu e\u013c\u013cas.<\/p>\n","protected":false},"featured_media":78834,"template":"","meta":[],"product_cat":[1797],"product_tag":[],"class_list":{"0":"post-52886","1":"product","2":"type-product","3":"status-publish","4":"has-post-thumbnail","6":"product_brand-slobozanskij-milovar_ua","7":"product_cat-dusas-zelejas-ziepes-putas","9":"first","10":"instock","11":"taxable","12":"shipping-taxable","13":"product-type-simple"},"_links":{"self":[{"href":"https:\/\/e.kosmolat.eu\/lv\/wp-json\/wp\/v2\/product\/52886","targetHints":{"allow":["GET"]}}],"collection":[{"href":"https:\/\/e.kosmolat.eu\/lv\/wp-json\/wp\/v2\/product"}],"about":[{"href":"https:\/\/e.kosmolat.eu\/lv\/wp-json\/wp\/v2\/types\/product"}],"wp:featuredmedia":[{"embeddable":true,"href":"https:\/\/e.kosmolat.eu\/lv\/wp-json\/wp\/v2\/media\/78834"}],"wp:attachment":[{"href":"https:\/\/e.kosmolat.eu\/lv\/wp-json\/wp\/v2\/media?parent=52886"}],"wp:term":[{"taxonomy":"product_cat","embeddable":true,"href":"https:\/\/e.kosmolat.eu\/lv\/wp-json\/wp\/v2\/product_cat?post=52886"},{"taxonomy":"product_tag","embeddable":true,"href":"https:\/\/e.kosmolat.eu\/lv\/wp-json\/wp\/v2\/product_tag?post=52886"}],"curies":[{"name":"wp","href":"https:\/\/api.w.org\/{rel}","templated":true}]}}