{"id":52847,"date":"2024-06-13T10:50:28","date_gmt":"2024-06-13T10:50:28","guid":{"rendered":"https:\/\/e.kosmolat.eu\/?post_type=product&#038;p=52847"},"modified":"2026-04-01T11:45:23","modified_gmt":"2026-04-01T11:45:23","slug":"ti-amo-crema-cietas-kosmet-kremziep-ar-plumerijas-ekstraktu-125-g","status":"publish","type":"product","link":"https:\/\/e.kosmolat.eu\/lv\/product\/ti-amo-crema-cietas-kosmet-kremziep-ar-plumerijas-ekstraktu-125-g\/","title":{"rendered":"Ti Amo Crema Ciet\u0101s kosm\u0113t. kr\u0113mziep. Ar plum\u0113rijas ekstraktu, 125 g"},"content":{"rendered":"<p>Ziepes ir paredz\u0113tas higi\u0113nas nol\u016bkiem.<\/p>\n<p><strong>Piesardz\u012bbas pas\u0101kumi: <\/strong>tikai \u0101r\u012bgai lieto&scaron;anai.<\/p>\n<p><strong>Der\u012bguma termi\u0146&scaron;: <\/strong>3 gadi no izgatavo&scaron;anas datuma.<\/p>\n<p>Uzglab\u0101t saus\u0101, sl\u0113gt\u0101, labi v\u0113din\u0101m\u0101 telp\u0101, gaisa temperat\u016br\u0101 ne zem\u0101k\u0101 par -5&deg;C un relat\u012bvaj\u0101 gaisa mitrum\u0101 ne augst\u0101k\u0101 par 75%.<br \/>\n&nbsp;<\/p>\n","protected":false},"excerpt":{"rendered":"<p>Ziepes ir paredz\u0113tas higi\u0113nas nol\u016bkiem. Piesardz\u012bbas pas\u0101kumi: tikai \u0101r\u012bgai lieto&scaron;anai. Der\u012bguma termi\u0146&scaron;: 3 gadi no izgatavo&scaron;anas datuma. Uzglab\u0101t saus\u0101, sl\u0113gt\u0101, labi v\u0113din\u0101m\u0101 telp\u0101, gaisa temperat\u016br\u0101 ne zem\u0101k\u0101 par -5&deg;C un relat\u012bvaj\u0101 gaisa mitrum\u0101 ne augst\u0101k\u0101 par 75%. &nbsp;<\/p>\n","protected":false},"featured_media":98037,"template":"","meta":[],"product_cat":[1749],"product_tag":[],"class_list":{"0":"post-52847","1":"product","2":"type-product","3":"status-publish","4":"has-post-thumbnail","6":"product_brand-fmt-ua","7":"product_cat-kosmetiskas-ziepes","9":"first","10":"instock","11":"taxable","12":"shipping-taxable","13":"product-type-simple"},"_links":{"self":[{"href":"https:\/\/e.kosmolat.eu\/lv\/wp-json\/wp\/v2\/product\/52847","targetHints":{"allow":["GET"]}}],"collection":[{"href":"https:\/\/e.kosmolat.eu\/lv\/wp-json\/wp\/v2\/product"}],"about":[{"href":"https:\/\/e.kosmolat.eu\/lv\/wp-json\/wp\/v2\/types\/product"}],"wp:featuredmedia":[{"embeddable":true,"href":"https:\/\/e.kosmolat.eu\/lv\/wp-json\/wp\/v2\/media\/98037"}],"wp:attachment":[{"href":"https:\/\/e.kosmolat.eu\/lv\/wp-json\/wp\/v2\/media?parent=52847"}],"wp:term":[{"taxonomy":"product_cat","embeddable":true,"href":"https:\/\/e.kosmolat.eu\/lv\/wp-json\/wp\/v2\/product_cat?post=52847"},{"taxonomy":"product_tag","embeddable":true,"href":"https:\/\/e.kosmolat.eu\/lv\/wp-json\/wp\/v2\/product_tag?post=52847"}],"curies":[{"name":"wp","href":"https:\/\/api.w.org\/{rel}","templated":true}]}}