{"id":52831,"date":"2024-06-12T04:14:43","date_gmt":"2024-06-12T04:14:43","guid":{"rendered":"https:\/\/e.kosmolat.eu\/product\/studio-krasa-uzacim-tumsi-bruns-ar-tatuazas-efektu-30-20-ml\/"},"modified":"2025-09-19T18:42:21","modified_gmt":"2025-09-19T18:42:21","slug":"studio-krasa-uzacim-tumsi-bruns-ar-tatuazas-efektu-30-20-ml","status":"publish","type":"product","link":"https:\/\/e.kosmolat.eu\/lv\/product\/studio-krasa-uzacim-tumsi-bruns-ar-tatuazas-efektu-30-20-ml\/","title":{"rendered":"Studio Kr\u0101sa uzac\u012bm , Tum\u0161i br\u016bns, ar tatu\u0101\u017eas efektu, 30\/20 ml"},"content":{"rendered":"<\/p>\n<p>Kr\u0101so\u0161anas sist\u0113ma Color stay, pateicoties augstajai profesion\u0101lo kr\u0101svielu koncentr\u0101cijai, \u013cauj pigmentiem dzi\u013ci iek\u013c\u016bt skropstu strukt\u016br\u0101 un rad\u012bt tetov\u0113juma efektu.<br \/>Organisk\u0101 r\u012bcine\u013c\u013ca baro skropstas, atv\u0113rt\u0101kam izskatam un stimul\u0113 skropstu un uzacu aug\u0161anu.<br \/>Maiga formula bez amonjaka.<br \/>Sajauk\u0161anas trauks \u013cauj piel\u0101got nepiecie\u0161amo kr\u0101sas daudzumu, un \u0113rtais aplikators atvieglo kr\u0101sas uzkl\u0101\u0161anu.<br \/>Kr\u0113mveida tekst\u016bra ir viegli uzkl\u0101jama un nenotek.<\/p>\n","protected":false},"excerpt":{"rendered":"<p>Kr\u0101so\u0161anas sist\u0113ma Color stay, pateicoties augstajai profesion\u0101lo kr\u0101svielu koncentr\u0101cijai, \u013cauj pigmentiem dzi\u013ci iek\u013c\u016bt skropstu strukt\u016br\u0101 un rad\u012bt tetov\u0113juma efektu.Organisk\u0101 r\u012bcine\u013c\u013ca baro skropstas, atv\u0113rt\u0101kam izskatam un stimul\u0113 skropstu un uzacu aug\u0161anu.Maiga formula bez amonjaka.Sajauk\u0161anas trauks \u013cauj piel\u0101got nepiecie\u0161amo kr\u0101sas daudzumu, un \u0113rtais aplikators atvieglo kr\u0101sas uzkl\u0101\u0161anu.Kr\u0113mveida tekst\u016bra ir viegli uzkl\u0101jama un nenotek.<\/p>\n","protected":false},"featured_media":82046,"template":"","meta":[],"product_cat":[1664],"product_tag":[],"class_list":{"0":"post-52831","1":"product","2":"type-product","3":"status-publish","4":"has-post-thumbnail","6":"product_brand-vecie-kodi","7":"product_cat-uzacu-un-skropstu-krasas","9":"first","10":"outofstock","11":"taxable","12":"shipping-taxable","13":"product-type-simple"},"_links":{"self":[{"href":"https:\/\/e.kosmolat.eu\/lv\/wp-json\/wp\/v2\/product\/52831","targetHints":{"allow":["GET"]}}],"collection":[{"href":"https:\/\/e.kosmolat.eu\/lv\/wp-json\/wp\/v2\/product"}],"about":[{"href":"https:\/\/e.kosmolat.eu\/lv\/wp-json\/wp\/v2\/types\/product"}],"wp:featuredmedia":[{"embeddable":true,"href":"https:\/\/e.kosmolat.eu\/lv\/wp-json\/wp\/v2\/media\/82046"}],"wp:attachment":[{"href":"https:\/\/e.kosmolat.eu\/lv\/wp-json\/wp\/v2\/media?parent=52831"}],"wp:term":[{"taxonomy":"product_cat","embeddable":true,"href":"https:\/\/e.kosmolat.eu\/lv\/wp-json\/wp\/v2\/product_cat?post=52831"},{"taxonomy":"product_tag","embeddable":true,"href":"https:\/\/e.kosmolat.eu\/lv\/wp-json\/wp\/v2\/product_tag?post=52831"}],"curies":[{"name":"wp","href":"https:\/\/api.w.org\/{rel}","templated":true}]}}