{"id":52827,"date":"2024-06-12T04:13:59","date_gmt":"2024-06-12T04:13:59","guid":{"rendered":"https:\/\/e.kosmolat.eu\/product\/_dd-higieniska-lupu-krasa-mezroze-ar-hohobas-ellu-36-g\/"},"modified":"2026-04-24T05:33:09","modified_gmt":"2026-04-24T05:33:09","slug":"i_dd-higieniska-lupu-krasa-mezroze-ar-hohobas-ellu-36-g","status":"publish","type":"product","link":"https:\/\/e.kosmolat.eu\/lv\/product\/i_dd-higieniska-lupu-krasa-mezroze-ar-hohobas-ellu-36-g\/","title":{"rendered":"I_&#8221;DD&#8221; Higi\u0113nisk\u0101 l\u016bpu kr\u0101sa &#8220;Me\u017eroze ar hohobas e\u013c\u013cu&#8221;, 3,6 g"},"content":{"rendered":"<p>Ieplais\u0101ju\u0161as l\u016bpu \u0101das kop\u0161ana. \u0100tri uzlabo saspr\u0113g\u0101ju\u0161u, ieplais\u0101ju\u0161u, lobo\u0161os l\u016bpu \u0101du.<\/p>\n<p>Me\u017eroz\u0113s e\u013c\u013ca, kas ir bag\u0101ta ar E vitam\u012bnu un karotino\u012bdiem, veicina \u0101tru plaisu sadzied\u0113\u0161anu.<\/p>\n<p>Hohobas e\u013c\u013ca nodro\u0161ina aizsargsl\u0101ni, baro un m\u012bkstina l\u016bpu \u0101du.<\/p>\n<p><strong>Lieto\u0161ana:<\/strong> uzkl\u0101t uz l\u016bp\u0101m.<\/p>\n","protected":false},"excerpt":{"rendered":"<p>Ieplais\u0101ju\u0161as l\u016bpu \u0101das kop\u0161ana. \u0100tri uzlabo saspr\u0113g\u0101ju\u0161u, ieplais\u0101ju\u0161u, lobo\u0161os l\u016bpu \u0101du. Me\u017eroz\u0113s e\u013c\u013ca, kas ir bag\u0101ta ar E vitam\u012bnu un karotino\u012bdiem, veicina \u0101tru plaisu sadzied\u0113\u0161anu. Hohobas e\u013c\u013ca nodro\u0161ina aizsargsl\u0101ni, baro un m\u012bkstina l\u016bpu \u0101du. Lieto\u0161ana: uzkl\u0101t uz l\u016bp\u0101m.<\/p>\n","protected":false},"featured_media":80966,"template":"","meta":[],"product_cat":[1593],"product_tag":[],"class_list":{"0":"post-52827","1":"product","2":"type-product","3":"status-publish","4":"has-post-thumbnail","6":"product_brand-elfa_ua","7":"product_cat-lupu-prieziura","9":"first","10":"instock","11":"taxable","12":"shipping-taxable","13":"product-type-simple"},"_links":{"self":[{"href":"https:\/\/e.kosmolat.eu\/lv\/wp-json\/wp\/v2\/product\/52827","targetHints":{"allow":["GET"]}}],"collection":[{"href":"https:\/\/e.kosmolat.eu\/lv\/wp-json\/wp\/v2\/product"}],"about":[{"href":"https:\/\/e.kosmolat.eu\/lv\/wp-json\/wp\/v2\/types\/product"}],"wp:featuredmedia":[{"embeddable":true,"href":"https:\/\/e.kosmolat.eu\/lv\/wp-json\/wp\/v2\/media\/80966"}],"wp:attachment":[{"href":"https:\/\/e.kosmolat.eu\/lv\/wp-json\/wp\/v2\/media?parent=52827"}],"wp:term":[{"taxonomy":"product_cat","embeddable":true,"href":"https:\/\/e.kosmolat.eu\/lv\/wp-json\/wp\/v2\/product_cat?post=52827"},{"taxonomy":"product_tag","embeddable":true,"href":"https:\/\/e.kosmolat.eu\/lv\/wp-json\/wp\/v2\/product_tag?post=52827"}],"curies":[{"name":"wp","href":"https:\/\/api.w.org\/{rel}","templated":true}]}}