{"id":52819,"date":"2024-06-12T04:11:01","date_gmt":"2024-06-12T04:11:01","guid":{"rendered":"https:\/\/e.kosmolat.eu\/product\/_dd-higieniska-lupu-krasa-kumelite-un-liepa-36-g\/"},"modified":"2026-04-24T05:32:55","modified_gmt":"2026-04-24T05:32:55","slug":"i_dd-higieniska-lupu-krasa-kumelite-un-liepa-36-g","status":"publish","type":"product","link":"https:\/\/e.kosmolat.eu\/lv\/product\/i_dd-higieniska-lupu-krasa-kumelite-un-liepa-36-g\/","title":{"rendered":"I_&#8221;DD&#8221; Higi\u0113nisk\u0101 l\u016bpu kr\u0101sa &#8220;Kumel\u012bte un liepa&#8221;, 3,6 g"},"content":{"rendered":"<p>3in1 Baro\u0161ana, mitrin\u0101\u0161ana, m\u012bkstin\u0101\u0161ana.<\/p>\n<p>Pal\u012bdz aizsarg\u0101t no l\u016bpu saspr\u00ad\u0113g\u0101\u0161anas. Kumel\u012b\u0161u ekstrakts sniedz pretiekaisuma iedarb\u012bbu, nomierina l\u016bpu \u0101du. Liepas ekstraktam piem\u012bt nomierino\u0161as \u012bpa\u0161\u012bbas.\u00a0<\/p>\n<p>Lieto\u0161ana: uzkl\u0101t uz l\u016bp\u0101m.<\/p>\n","protected":false},"excerpt":{"rendered":"<p>3in1 Baro\u0161ana, mitrin\u0101\u0161ana, m\u012bkstin\u0101\u0161ana. Pal\u012bdz aizsarg\u0101t no l\u016bpu saspr\u00ad\u0113g\u0101\u0161anas. Kumel\u012b\u0161u ekstrakts sniedz pretiekaisuma iedarb\u012bbu, nomierina l\u016bpu \u0101du. Liepas ekstraktam piem\u012bt nomierino\u0161as \u012bpa\u0161\u012bbas.\u00a0 Lieto\u0161ana: uzkl\u0101t uz l\u016bp\u0101m.<\/p>\n","protected":false},"featured_media":80962,"template":"","meta":[],"product_cat":[1593],"product_tag":[],"class_list":{"0":"post-52819","1":"product","2":"type-product","3":"status-publish","4":"has-post-thumbnail","6":"product_brand-elfa_ua","7":"product_cat-lupu-prieziura","9":"first","10":"instock","11":"taxable","12":"shipping-taxable","13":"product-type-simple"},"_links":{"self":[{"href":"https:\/\/e.kosmolat.eu\/lv\/wp-json\/wp\/v2\/product\/52819","targetHints":{"allow":["GET"]}}],"collection":[{"href":"https:\/\/e.kosmolat.eu\/lv\/wp-json\/wp\/v2\/product"}],"about":[{"href":"https:\/\/e.kosmolat.eu\/lv\/wp-json\/wp\/v2\/types\/product"}],"wp:featuredmedia":[{"embeddable":true,"href":"https:\/\/e.kosmolat.eu\/lv\/wp-json\/wp\/v2\/media\/80962"}],"wp:attachment":[{"href":"https:\/\/e.kosmolat.eu\/lv\/wp-json\/wp\/v2\/media?parent=52819"}],"wp:term":[{"taxonomy":"product_cat","embeddable":true,"href":"https:\/\/e.kosmolat.eu\/lv\/wp-json\/wp\/v2\/product_cat?post=52819"},{"taxonomy":"product_tag","embeddable":true,"href":"https:\/\/e.kosmolat.eu\/lv\/wp-json\/wp\/v2\/product_tag?post=52819"}],"curies":[{"name":"wp","href":"https:\/\/api.w.org\/{rel}","templated":true}]}}