{"id":52763,"date":"2024-06-12T04:02:44","date_gmt":"2024-06-12T04:02:44","guid":{"rendered":"https:\/\/e.kosmolat.eu\/product\/hs-crazy-ice-cream-kermena-krems-zemene-200-ml\/"},"modified":"2025-01-28T11:13:33","modified_gmt":"2025-01-28T11:13:33","slug":"i_hs-crazy-ice-cream-kermena-krems-zemene-200-ml","status":"publish","type":"product","link":"https:\/\/e.kosmolat.eu\/lv\/product\/i_hs-crazy-ice-cream-kermena-krems-zemene-200-ml\/","title":{"rendered":"I_HS Crazy Ice Cream \u0137erme\u0146a kr\u0113ms Zemene, 200 ml"},"content":{"rendered":"<p>\u0136erme\u0146a kr\u0113ms, kas p\u0101rsteigs j\u016bs ne tikai ar savu gardo arom\u0101tu, bet ar\u012b ar to, k\u0101 tas kopj j\u016bsu \u0101du. Kr\u0113ms intens\u012bvi mitrina un atst\u0101j uz \u0101das aizsargpl\u0113vi, padarot to gludu un m\u012bkstu, pie&scaron;\u0137irot tai pat\u012bkamu arom\u0101tu uz ilgu laiku. Bag\u0101tin\u0101ts ar ave\u0146u s\u0113klu e\u013c\u013cu, kas pal\u012bdz atjaunot \u0101du.<\/p>\n<p><strong>Lieto&scaron;ana: <\/strong>uzkl\u0101jiet nelielu daudzumu kr\u0113ma uz sausas \u0101das un maigi iemas\u0113jiet, l\u012bdz tas piln\u012bb\u0101 uzs\u016bcas.<\/p>\n<p>Dermatolo\u0123iski p\u0101rbaud\u012bts.<\/p>\n","protected":false},"excerpt":{"rendered":"<p>\u0136erme\u0146a kr\u0113ms, kas p\u0101rsteigs j\u016bs ne tikai ar savu gardo arom\u0101tu, bet ar\u012b ar to, k\u0101 tas kopj j\u016bsu \u0101du. Kr\u0113ms intens\u012bvi mitrina un atst\u0101j uz \u0101das aizsargpl\u0113vi, padarot to gludu un m\u012bkstu, pie&scaron;\u0137irot tai pat\u012bkamu arom\u0101tu uz ilgu laiku. Bag\u0101tin\u0101ts ar ave\u0146u s\u0113klu e\u013c\u013cu, kas pal\u012bdz atjaunot \u0101du. Lieto&scaron;ana: uzkl\u0101jiet nelielu daudzumu kr\u0113ma uz [&#8230;]\n","protected":false},"featured_media":52767,"template":"","meta":[],"product_cat":[1391],"product_tag":[],"class_list":{"0":"post-52763","1":"product","2":"type-product","3":"status-publish","4":"has-post-thumbnail","6":"product_brand-hiskin_pl","7":"product_cat-1391","9":"first","10":"outofstock","11":"taxable","12":"shipping-taxable","13":"product-type-simple"},"_links":{"self":[{"href":"https:\/\/e.kosmolat.eu\/lv\/wp-json\/wp\/v2\/product\/52763","targetHints":{"allow":["GET"]}}],"collection":[{"href":"https:\/\/e.kosmolat.eu\/lv\/wp-json\/wp\/v2\/product"}],"about":[{"href":"https:\/\/e.kosmolat.eu\/lv\/wp-json\/wp\/v2\/types\/product"}],"wp:featuredmedia":[{"embeddable":true,"href":"https:\/\/e.kosmolat.eu\/lv\/wp-json\/wp\/v2\/media\/52767"}],"wp:attachment":[{"href":"https:\/\/e.kosmolat.eu\/lv\/wp-json\/wp\/v2\/media?parent=52763"}],"wp:term":[{"taxonomy":"product_cat","embeddable":true,"href":"https:\/\/e.kosmolat.eu\/lv\/wp-json\/wp\/v2\/product_cat?post=52763"},{"taxonomy":"product_tag","embeddable":true,"href":"https:\/\/e.kosmolat.eu\/lv\/wp-json\/wp\/v2\/product_tag?post=52763"}],"curies":[{"name":"wp","href":"https:\/\/api.w.org\/{rel}","templated":true}]}}