{"id":52755,"date":"2024-06-12T04:00:31","date_gmt":"2024-06-12T04:00:31","guid":{"rendered":"https:\/\/e.kosmolat.eu\/product\/hs-crazy-ice-cream-roku-krems-zemene-200-ml\/"},"modified":"2025-03-06T11:10:52","modified_gmt":"2025-03-06T11:10:52","slug":"i_hs-crazy-ice-cream-roku-krems-zemene-60-ml","status":"publish","type":"product","link":"https:\/\/e.kosmolat.eu\/lv\/product\/i_hs-crazy-ice-cream-roku-krems-zemene-60-ml\/","title":{"rendered":"I_HS Crazy Ice Cream Roku kr\u0113ms Zemene, 60 ml"},"content":{"rendered":"<p>Roku kr\u0113ms, kas p\u0101rsteigs ne tikai ar savu gardo zeme\u0146u sald\u0113juma arom\u0101tu, bet ar\u012b ar to, k\u0101 tas r\u016bp\u0113jas par j\u016bsu rok\u0101m. Kr\u0113ms lieliski uzs\u016bcas, pie&scaron;\u0137irot \u0101dai aug\u013cu arom\u0101tu, intens\u012bvi mitrina un atst\u0101j aizsarg\u0101jo&scaron;u, bet netaukainu pl\u0113vi, padarot rokas gludas un m\u012bkstas. Satur tr\u012bs augu e\u013c\u013cas: sojas pupu, rap&scaron;u un ave\u0146u, kas uztur optim\u0101lu epidermas lip\u012bdu barjeras st\u0101vokli.<\/p>\n<p><strong>Lieto&scaron;ana: <\/strong>uzkl\u0101jiet nelielu daudzumu uz t\u012bras roku \u0101das un lietojiet p\u0113c nepiecie&scaron;am\u012bbas.<\/p>\n<p>Dermatolo\u0123iski p\u0101rbaud\u012bts.<br \/>\n&nbsp;<\/p>\n","protected":false},"excerpt":{"rendered":"<p>Roku kr\u0113ms, kas p\u0101rsteigs ne tikai ar savu gardo zeme\u0146u sald\u0113juma arom\u0101tu, bet ar\u012b ar to, k\u0101 tas r\u016bp\u0113jas par j\u016bsu rok\u0101m. Kr\u0113ms lieliski uzs\u016bcas, pie&scaron;\u0137irot \u0101dai aug\u013cu arom\u0101tu, intens\u012bvi mitrina un atst\u0101j aizsarg\u0101jo&scaron;u, bet netaukainu pl\u0113vi, padarot rokas gludas un m\u012bkstas. Satur tr\u012bs augu e\u013c\u013cas: sojas pupu, rap&scaron;u un ave\u0146u, kas uztur optim\u0101lu epidermas [&#8230;]\n","protected":false},"featured_media":52759,"template":"","meta":[],"product_cat":[1302],"product_tag":[],"class_list":{"0":"post-52755","1":"product","2":"type-product","3":"status-publish","4":"has-post-thumbnail","6":"product_brand-hiskin_pl","7":"product_cat-roku-kopsanas-kosmetika","9":"first","10":"outofstock","11":"taxable","12":"shipping-taxable","13":"product-type-simple"},"_links":{"self":[{"href":"https:\/\/e.kosmolat.eu\/lv\/wp-json\/wp\/v2\/product\/52755","targetHints":{"allow":["GET"]}}],"collection":[{"href":"https:\/\/e.kosmolat.eu\/lv\/wp-json\/wp\/v2\/product"}],"about":[{"href":"https:\/\/e.kosmolat.eu\/lv\/wp-json\/wp\/v2\/types\/product"}],"wp:featuredmedia":[{"embeddable":true,"href":"https:\/\/e.kosmolat.eu\/lv\/wp-json\/wp\/v2\/media\/52759"}],"wp:attachment":[{"href":"https:\/\/e.kosmolat.eu\/lv\/wp-json\/wp\/v2\/media?parent=52755"}],"wp:term":[{"taxonomy":"product_cat","embeddable":true,"href":"https:\/\/e.kosmolat.eu\/lv\/wp-json\/wp\/v2\/product_cat?post=52755"},{"taxonomy":"product_tag","embeddable":true,"href":"https:\/\/e.kosmolat.eu\/lv\/wp-json\/wp\/v2\/product_tag?post=52755"}],"curies":[{"name":"wp","href":"https:\/\/api.w.org\/{rel}","templated":true}]}}