{"id":52735,"date":"2024-06-07T04:32:57","date_gmt":"2024-06-07T04:32:57","guid":{"rendered":"https:\/\/e.kosmolat.eu\/product\/srk-zeleja-dzilai-attirisanai-antibakterials-efekts-100-ml\/"},"modified":"2024-08-06T10:12:45","modified_gmt":"2024-08-06T10:12:45","slug":"srk-zeleja-dzilai-attirisanai-antibakterials-efekts-100-ml","status":"publish","type":"product","link":"https:\/\/e.kosmolat.eu\/lv\/product\/srk-zeleja-dzilai-attirisanai-antibakterials-efekts-100-ml\/","title":{"rendered":"SRK \u017deleja dzi\u013cai att\u012br\u012b\u0161anai &#8220;Antibakteri\u0101ls efekts&#8221;, 100 ml"},"content":{"rendered":"<p>\u017deleja dzi\u013cai att\u012br\u012b\u0161anai uz citrona sulas, eikalipta un magnolijas nov\u0101rijuma pamata. Akt\u012bvie komponenti efekt\u012bvi att\u012bra \u0101du no net\u012brumiem, veic antiseptisko iedarb\u012bbu, toniz\u0113 un atsvaidzina. <\/p>\n<h4>Lieto\u0161ana: <\/h4>\n<p>uzkl\u0101jiet uz mitr\u0101s \u0101das nelielu antibakteri\u0101l\u0101s \u017eelejas daudzumu, pamas\u0113jiet, velot \u012bpa\u0161u uzman\u012bbu probl\u0113matiskaj\u0101m zon\u0101m, nomazg\u0101jiet l\u012bdzekli ar v\u0113su \u016bdeni.\u00a0<\/p><\/p>\n","protected":false},"excerpt":{"rendered":"<p>\u017deleja dzi\u013cai att\u012br\u012b\u0161anai uz citrona sulas, eikalipta un magnolijas nov\u0101rijuma pamata. Akt\u012bvie komponenti efekt\u012bvi att\u012bra \u0101du no net\u012brumiem, veic antiseptisko iedarb\u012bbu, toniz\u0113 un atsvaidzina. Lieto\u0161ana: uzkl\u0101jiet uz mitr\u0101s \u0101das nelielu antibakteri\u0101l\u0101s \u017eelejas daudzumu, pamas\u0113jiet, velot \u012bpa\u0161u uzman\u012bbu probl\u0113matiskaj\u0101m zon\u0101m, nomazg\u0101jiet l\u012bdzekli ar v\u0113su \u016bdeni.\u00a0<\/p>\n","protected":false},"featured_media":52739,"template":"","meta":[],"product_cat":[1575],"product_tag":[],"class_list":{"0":"post-52735","1":"product","2":"type-product","3":"status-publish","4":"has-post-thumbnail","6":"product_brand-unilever-rus","7":"product_cat-zelejas","9":"first","10":"outofstock","11":"taxable","12":"shipping-taxable","13":"product-type-simple"},"_links":{"self":[{"href":"https:\/\/e.kosmolat.eu\/lv\/wp-json\/wp\/v2\/product\/52735","targetHints":{"allow":["GET"]}}],"collection":[{"href":"https:\/\/e.kosmolat.eu\/lv\/wp-json\/wp\/v2\/product"}],"about":[{"href":"https:\/\/e.kosmolat.eu\/lv\/wp-json\/wp\/v2\/types\/product"}],"wp:featuredmedia":[{"embeddable":true,"href":"https:\/\/e.kosmolat.eu\/lv\/wp-json\/wp\/v2\/media\/52739"}],"wp:attachment":[{"href":"https:\/\/e.kosmolat.eu\/lv\/wp-json\/wp\/v2\/media?parent=52735"}],"wp:term":[{"taxonomy":"product_cat","embeddable":true,"href":"https:\/\/e.kosmolat.eu\/lv\/wp-json\/wp\/v2\/product_cat?post=52735"},{"taxonomy":"product_tag","embeddable":true,"href":"https:\/\/e.kosmolat.eu\/lv\/wp-json\/wp\/v2\/product_tag?post=52735"}],"curies":[{"name":"wp","href":"https:\/\/api.w.org\/{rel}","templated":true}]}}