{"id":52727,"date":"2024-06-07T04:32:22","date_gmt":"2024-06-07T04:32:22","guid":{"rendered":"https:\/\/e.kosmolat.eu\/product\/i_dd-majas-dusas-ziepes-cidonija-un-piparmetru-ella-500-ml\/"},"modified":"2026-05-08T16:18:09","modified_gmt":"2026-05-08T16:18:09","slug":"i_dd-majas-dusas-ziepes-cidonija-un-piparmetru-ella-500-ml","status":"publish","type":"product","link":"https:\/\/e.kosmolat.eu\/lv\/product\/i_dd-majas-dusas-ziepes-cidonija-un-piparmetru-ella-500-ml\/","title":{"rendered":"I_&#8221;DD&#8221; M\u0101jas du\u0161as ziepes &#8220;Cidonija un piparm\u0113tru e\u013c\u013ca&#8221;, 500 ml"},"content":{"rendered":"<p>Toniz\u0113jo\u0161\u0101 iedarb\u012bba visiem \u0101das tipiem. M\u0101jas du\u0161as ziepes satur piparm\u0113tru \u0113terisko e\u013c\u013cu, kas ir paz\u012bstama ar sav\u0101m v\u0113rt\u012bg\u0101m \u012bpa\u0161\u012bb\u0101m, k\u0101 ar\u012b kompleksu visiem \u0101das tipiem no sarkano v\u012bnogu, kasta\u0146as, alvejas, cindonijas, melle\u0146u, cipreses ekstraktiem. Ziepes lieliski puto un r\u016bp\u0113jas par \u0101das t\u012br\u012bbu. <\/p>\n<p>Lieto\u0161ana: saputot uz mitr\u0101s \u0101das, nomazg\u0101t ar \u016bdeni. <\/p>\n<p>Piesardz\u012bbas pas\u0101kumi: paaugstin\u0101ta individu\u0101l\u0101 jut\u012bba pret atsevi\u0161\u0137\u0101m sast\u0101vda\u013c\u0101m. <\/p>\n<p>Uzglab\u0101\u0161anas noteikumi: no +5\u00b0C l\u012bdz +25\u00b0C.<\/p>\n<p>Der\u012bguma termi\u0146\u0161: 30 m\u0113ne\u0161i no izgatavo\u0161anas datuma.<\/p>\n","protected":false},"excerpt":{"rendered":"<p>Toniz\u0113jo\u0161\u0101 iedarb\u012bba visiem \u0101das tipiem. M\u0101jas du\u0161as ziepes satur piparm\u0113tru \u0113terisko e\u013c\u013cu, kas ir paz\u012bstama ar sav\u0101m v\u0113rt\u012bg\u0101m \u012bpa\u0161\u012bb\u0101m, k\u0101 ar\u012b kompleksu visiem \u0101das tipiem no sarkano v\u012bnogu, kasta\u0146as, alvejas, cindonijas, melle\u0146u, cipreses ekstraktiem. Ziepes lieliski puto un r\u016bp\u0113jas par \u0101das t\u012br\u012bbu. Lieto\u0161ana: saputot uz mitr\u0101s \u0101das, nomazg\u0101t ar \u016bdeni. Piesardz\u012bbas pas\u0101kumi: paaugstin\u0101ta individu\u0101l\u0101 jut\u012bba [&#8230;]\n","protected":false},"featured_media":86530,"template":"","meta":[],"product_cat":[1280],"product_tag":[],"class_list":{"0":"post-52727","1":"product","2":"type-product","3":"status-publish","4":"has-post-thumbnail","6":"product_brand-elfa_ua","7":"product_cat-dusas-zelejas-un-dusas-ellas","9":"first","10":"instock","11":"taxable","12":"shipping-taxable","13":"product-type-simple"},"_links":{"self":[{"href":"https:\/\/e.kosmolat.eu\/lv\/wp-json\/wp\/v2\/product\/52727","targetHints":{"allow":["GET"]}}],"collection":[{"href":"https:\/\/e.kosmolat.eu\/lv\/wp-json\/wp\/v2\/product"}],"about":[{"href":"https:\/\/e.kosmolat.eu\/lv\/wp-json\/wp\/v2\/types\/product"}],"wp:featuredmedia":[{"embeddable":true,"href":"https:\/\/e.kosmolat.eu\/lv\/wp-json\/wp\/v2\/media\/86530"}],"wp:attachment":[{"href":"https:\/\/e.kosmolat.eu\/lv\/wp-json\/wp\/v2\/media?parent=52727"}],"wp:term":[{"taxonomy":"product_cat","embeddable":true,"href":"https:\/\/e.kosmolat.eu\/lv\/wp-json\/wp\/v2\/product_cat?post=52727"},{"taxonomy":"product_tag","embeddable":true,"href":"https:\/\/e.kosmolat.eu\/lv\/wp-json\/wp\/v2\/product_tag?post=52727"}],"curies":[{"name":"wp","href":"https:\/\/api.w.org\/{rel}","templated":true}]}}