{"id":52711,"date":"2024-06-07T04:31:21","date_gmt":"2024-06-07T04:31:21","guid":{"rendered":"https:\/\/e.kosmolat.eu\/product\/escentuals-parfim-kerm-sprejs-peonija-250-ml\/"},"modified":"2025-04-01T14:56:27","modified_gmt":"2025-04-01T14:56:27","slug":"escentuals-parfim-kerm-sprejs-peonija-250-ml","status":"publish","type":"product","link":"https:\/\/e.kosmolat.eu\/lv\/product\/escentuals-parfim-kerm-sprejs-peonija-250-ml\/","title":{"rendered":"Escentuals Parfim. \u0137erm. sprejs Peonija, 250 ml"},"content":{"rendered":"<p><strong>Lieto&scaron;ana: <\/strong>Tikai \u0101r\u012bgai lieto&scaron;anai. Izsmidzin\u0101t 15 cm att\u0101lum\u0101 no \u0137erme\u0146a. Izvair\u012bties no saskares ar ac\u012bm. Uzglab\u0101t b\u0113rniem nepieejam\u0101 viet\u0101. Nelietot uz iekaisu&scaron;as vai boj\u0101tas \u0101das.&nbsp;<\/p>\n<p>Paredz\u0113ts smar\u017eu &ldquo;sl\u0101\u0146o&scaron;anai&rdquo;. K\u0101 pareizi kombin\u0113t arom\u0101tus Escentuals:<br \/>\n1. Izv\u0113lieties 2 vai vair\u0101k smar\u017eas.&nbsp;<br \/>\n2. Izsmidziniet tos taj\u0101 pa&scaron;\u0101 \u0137erme\u0146a zon\u0101.<br \/>\n3. Izm\u0113\u0123iniet da\u017e\u0101das kombin\u0101cijas, lai atrastu sev piem\u0113rot\u0101ko.<br \/>\n&nbsp;<\/p>\n","protected":false},"excerpt":{"rendered":"<p>Lieto&scaron;ana: Tikai \u0101r\u012bgai lieto&scaron;anai. Izsmidzin\u0101t 15 cm att\u0101lum\u0101 no \u0137erme\u0146a. Izvair\u012bties no saskares ar ac\u012bm. Uzglab\u0101t b\u0113rniem nepieejam\u0101 viet\u0101. Nelietot uz iekaisu&scaron;as vai boj\u0101tas \u0101das.&nbsp; Paredz\u0113ts smar\u017eu &ldquo;sl\u0101\u0146o&scaron;anai&rdquo;. K\u0101 pareizi kombin\u0113t arom\u0101tus Escentuals: 1. Izv\u0113lieties 2 vai vair\u0101k smar\u017eas.&nbsp; 2. Izsmidziniet tos taj\u0101 pa&scaron;\u0101 \u0137erme\u0146a zon\u0101. 3. Izm\u0113\u0123iniet da\u017e\u0101das kombin\u0101cijas, lai atrastu sev piem\u0113rot\u0101ko. &nbsp;<\/p>\n","protected":false},"featured_media":52715,"template":"","meta":[],"product_cat":[1378],"product_tag":[],"class_list":{"0":"post-52711","1":"product","2":"type-product","3":"status-publish","4":"has-post-thumbnail","6":"product_brand-incos_gb","7":"product_cat-purskikliai-kunui","9":"first","10":"instock","11":"taxable","12":"shipping-taxable","13":"product-type-simple"},"_links":{"self":[{"href":"https:\/\/e.kosmolat.eu\/lv\/wp-json\/wp\/v2\/product\/52711","targetHints":{"allow":["GET"]}}],"collection":[{"href":"https:\/\/e.kosmolat.eu\/lv\/wp-json\/wp\/v2\/product"}],"about":[{"href":"https:\/\/e.kosmolat.eu\/lv\/wp-json\/wp\/v2\/types\/product"}],"wp:featuredmedia":[{"embeddable":true,"href":"https:\/\/e.kosmolat.eu\/lv\/wp-json\/wp\/v2\/media\/52715"}],"wp:attachment":[{"href":"https:\/\/e.kosmolat.eu\/lv\/wp-json\/wp\/v2\/media?parent=52711"}],"wp:term":[{"taxonomy":"product_cat","embeddable":true,"href":"https:\/\/e.kosmolat.eu\/lv\/wp-json\/wp\/v2\/product_cat?post=52711"},{"taxonomy":"product_tag","embeddable":true,"href":"https:\/\/e.kosmolat.eu\/lv\/wp-json\/wp\/v2\/product_tag?post=52711"}],"curies":[{"name":"wp","href":"https:\/\/api.w.org\/{rel}","templated":true}]}}