{"id":52695,"date":"2024-06-07T04:27:05","date_gmt":"2024-06-07T04:27:05","guid":{"rendered":"https:\/\/e.kosmolat.eu\/product\/so-unique-vanilla-latte-parfim-kerm-sprejs-vanila-un-kapucino-150-ml\/"},"modified":"2026-04-16T13:33:38","modified_gmt":"2026-04-16T13:33:38","slug":"so-unique-vanilla-latte-parfim-kerm-sprejs-vanila-un-kapucino-150-ml","status":"publish","type":"product","link":"https:\/\/e.kosmolat.eu\/lv\/product\/so-unique-vanilla-latte-parfim-kerm-sprejs-vanila-un-kapucino-150-ml\/","title":{"rendered":"So&#8230;? Unique Vanilla Latte Parfim. \u0137erm. sprejs  Vani\u013ca un kapu\u010d\u012bno, 150 ml"},"content":{"rendered":"<p>Paredz\u0113ts smar\u017eu &ldquo;sl\u0101\u0146o&scaron;anai&rdquo;.<\/p>\n<p><strong>Lieto&scaron;ana:<\/strong> Tikai \u0101r\u012bgai lieto&scaron;anai. Izsmidzin\u0101t 15 cm att\u0101lum\u0101 no \u0137erme\u0146a. Izvair\u012bties no saskares ar ac\u012bm. Uzglab\u0101t b\u0113rniem nepieejam\u0101 viet\u0101. Nelietot uz iekaisu&scaron;as vai boj\u0101tas \u0101das.<br \/>\n&nbsp;<\/p>\n","protected":false},"excerpt":{"rendered":"<p>Paredz\u0113ts smar\u017eu &ldquo;sl\u0101\u0146o&scaron;anai&rdquo;. Lieto&scaron;ana: Tikai \u0101r\u012bgai lieto&scaron;anai. Izsmidzin\u0101t 15 cm att\u0101lum\u0101 no \u0137erme\u0146a. Izvair\u012bties no saskares ar ac\u012bm. Uzglab\u0101t b\u0113rniem nepieejam\u0101 viet\u0101. Nelietot uz iekaisu&scaron;as vai boj\u0101tas \u0101das. &nbsp;<\/p>\n","protected":false},"featured_media":92162,"template":"","meta":[],"product_cat":[1376],"product_tag":[],"class_list":{"0":"post-52695","1":"product","2":"type-product","3":"status-publish","4":"has-post-thumbnail","6":"product_brand-incos_gb","7":"product_cat-kermena-spreji","9":"first","10":"instock","11":"taxable","12":"shipping-taxable","13":"product-type-simple"},"_links":{"self":[{"href":"https:\/\/e.kosmolat.eu\/lv\/wp-json\/wp\/v2\/product\/52695","targetHints":{"allow":["GET"]}}],"collection":[{"href":"https:\/\/e.kosmolat.eu\/lv\/wp-json\/wp\/v2\/product"}],"about":[{"href":"https:\/\/e.kosmolat.eu\/lv\/wp-json\/wp\/v2\/types\/product"}],"wp:featuredmedia":[{"embeddable":true,"href":"https:\/\/e.kosmolat.eu\/lv\/wp-json\/wp\/v2\/media\/92162"}],"wp:attachment":[{"href":"https:\/\/e.kosmolat.eu\/lv\/wp-json\/wp\/v2\/media?parent=52695"}],"wp:term":[{"taxonomy":"product_cat","embeddable":true,"href":"https:\/\/e.kosmolat.eu\/lv\/wp-json\/wp\/v2\/product_cat?post=52695"},{"taxonomy":"product_tag","embeddable":true,"href":"https:\/\/e.kosmolat.eu\/lv\/wp-json\/wp\/v2\/product_tag?post=52695"}],"curies":[{"name":"wp","href":"https:\/\/api.w.org\/{rel}","templated":true}]}}