{"id":52623,"date":"2024-06-07T04:06:03","date_gmt":"2024-06-07T04:06:03","guid":{"rendered":"https:\/\/e.kosmolat.eu\/product\/scentology-parfimerijas-udens-licija-un-ziedu-puskis-100-ml\/"},"modified":"2025-09-20T04:43:42","modified_gmt":"2025-09-20T04:43:42","slug":"scentology-parfimerijas-udens-licija-un-ziedu-puskis-100-ml","status":"publish","type":"product","link":"https:\/\/e.kosmolat.eu\/lv\/product\/scentology-parfimerijas-udens-licija-un-ziedu-puskis-100-ml\/","title":{"rendered":"Scentology Parfim\u0113rijas \u016bdens L\u012b\u010dija un ziedu pu\u0161kis, 100 ml"},"content":{"rendered":"<p><strong>UZMAN\u012aBU: <\/strong>Uzliesmojo&scaron;s l\u012bdz no\u017e\u016bst. Nelietot uguns, liesmas vai karstuma tuvum\u0101.<\/p>\n<p><strong>VIEGLI UZLIESMOJO&Scaron;S, UGUNSNEDRO&Scaron;S.<\/strong><\/p>\n<p>Etilspirta tilpuma da\u013ca 75 % tilp.<br \/>\n&nbsp;<\/p>\n","protected":false},"excerpt":{"rendered":"<p>UZMAN\u012aBU: Uzliesmojo&scaron;s l\u012bdz no\u017e\u016bst. Nelietot uguns, liesmas vai karstuma tuvum\u0101. VIEGLI UZLIESMOJO&Scaron;S, UGUNSNEDRO&Scaron;S. Etilspirta tilpuma da\u013ca 75 % tilp. &nbsp;<\/p>\n","protected":false},"featured_media":92126,"template":"","meta":[],"product_cat":[1445],"product_tag":[],"class_list":{"0":"post-52623","1":"product","2":"type-product","3":"status-publish","4":"has-post-thumbnail","6":"product_brand-incos_gb","7":"product_cat-sieviesu-smarzas-un-tualetes-udeni","9":"first","10":"outofstock","11":"taxable","12":"shipping-taxable","13":"product-type-simple"},"_links":{"self":[{"href":"https:\/\/e.kosmolat.eu\/lv\/wp-json\/wp\/v2\/product\/52623","targetHints":{"allow":["GET"]}}],"collection":[{"href":"https:\/\/e.kosmolat.eu\/lv\/wp-json\/wp\/v2\/product"}],"about":[{"href":"https:\/\/e.kosmolat.eu\/lv\/wp-json\/wp\/v2\/types\/product"}],"wp:featuredmedia":[{"embeddable":true,"href":"https:\/\/e.kosmolat.eu\/lv\/wp-json\/wp\/v2\/media\/92126"}],"wp:attachment":[{"href":"https:\/\/e.kosmolat.eu\/lv\/wp-json\/wp\/v2\/media?parent=52623"}],"wp:term":[{"taxonomy":"product_cat","embeddable":true,"href":"https:\/\/e.kosmolat.eu\/lv\/wp-json\/wp\/v2\/product_cat?post=52623"},{"taxonomy":"product_tag","embeddable":true,"href":"https:\/\/e.kosmolat.eu\/lv\/wp-json\/wp\/v2\/product_tag?post=52623"}],"curies":[{"name":"wp","href":"https:\/\/api.w.org\/{rel}","templated":true}]}}