{"id":52615,"date":"2024-06-07T04:04:55","date_gmt":"2024-06-07T04:04:55","guid":{"rendered":"https:\/\/e.kosmolat.eu\/product\/miss-so-eternally-yours-parfim-sprejs-salda-roze-un-vanila-140-ml\/"},"modified":"2025-09-20T04:43:29","modified_gmt":"2025-09-20T04:43:29","slug":"miss-so-eternally-yours-parfim-sprejs-salda-roze-un-vanila-140-ml","status":"publish","type":"product","link":"https:\/\/e.kosmolat.eu\/lv\/product\/miss-so-eternally-yours-parfim-sprejs-salda-roze-un-vanila-140-ml\/","title":{"rendered":"Miss So Eternally Yours Parfim. sprejs Sald\u0101 roze un vani\u013ca, 140 ml"},"content":{"rendered":"<p><strong>Lieto&scaron;ana:<\/strong> Tikai \u0101r\u012bgai lieto&scaron;anai. Izsmidzin\u0101t 15 cm att\u0101lum\u0101 no \u0137erme\u0146a. Izvair\u012bties no saskares ar ac\u012bm. Uzglab\u0101t b\u0113rniem nepieejam\u0101 viet\u0101. Nelietot uz iekaisu&scaron;as vai boj\u0101tas \u0101das.&nbsp;<\/p>\n","protected":false},"excerpt":{"rendered":"<p>Lieto&scaron;ana: Tikai \u0101r\u012bgai lieto&scaron;anai. Izsmidzin\u0101t 15 cm att\u0101lum\u0101 no \u0137erme\u0146a. Izvair\u012bties no saskares ar ac\u012bm. Uzglab\u0101t b\u0113rniem nepieejam\u0101 viet\u0101. Nelietot uz iekaisu&scaron;as vai boj\u0101tas \u0101das.&nbsp;<\/p>\n","protected":false},"featured_media":92122,"template":"","meta":[],"product_cat":[1378],"product_tag":[],"class_list":{"0":"post-52615","1":"product","2":"type-product","3":"status-publish","4":"has-post-thumbnail","6":"product_brand-incos_gb","7":"product_cat-purskikliai-kunui","9":"first","10":"outofstock","11":"taxable","12":"shipping-taxable","13":"product-type-simple"},"_links":{"self":[{"href":"https:\/\/e.kosmolat.eu\/lv\/wp-json\/wp\/v2\/product\/52615","targetHints":{"allow":["GET"]}}],"collection":[{"href":"https:\/\/e.kosmolat.eu\/lv\/wp-json\/wp\/v2\/product"}],"about":[{"href":"https:\/\/e.kosmolat.eu\/lv\/wp-json\/wp\/v2\/types\/product"}],"wp:featuredmedia":[{"embeddable":true,"href":"https:\/\/e.kosmolat.eu\/lv\/wp-json\/wp\/v2\/media\/92122"}],"wp:attachment":[{"href":"https:\/\/e.kosmolat.eu\/lv\/wp-json\/wp\/v2\/media?parent=52615"}],"wp:term":[{"taxonomy":"product_cat","embeddable":true,"href":"https:\/\/e.kosmolat.eu\/lv\/wp-json\/wp\/v2\/product_cat?post=52615"},{"taxonomy":"product_tag","embeddable":true,"href":"https:\/\/e.kosmolat.eu\/lv\/wp-json\/wp\/v2\/product_tag?post=52615"}],"curies":[{"name":"wp","href":"https:\/\/api.w.org\/{rel}","templated":true}]}}