{"id":52599,"date":"2024-06-07T04:03:16","date_gmt":"2024-06-07T04:03:16","guid":{"rendered":"https:\/\/e.kosmolat.eu\/product\/i_miss-so-starlet-parfimerijas-sprejs-baltais-muskuss-kokosrieksts-140ml\/"},"modified":"2024-12-03T10:40:58","modified_gmt":"2024-12-03T10:40:58","slug":"i_miss-so-starlet-parfimerijas-sprejs-baltais-muskuss-kokosrieksts-140ml","status":"publish","type":"product","link":"https:\/\/e.kosmolat.eu\/lv\/product\/i_miss-so-starlet-parfimerijas-sprejs-baltais-muskuss-kokosrieksts-140ml\/","title":{"rendered":"I_Miss So&#8230;? Starlet Parfim\u0113rijas sprejs Baltais muskuss &#038; Kokosrieksts, 140ml"},"content":{"rendered":"<p>Miss So&#8230;? Starlet&nbsp;<br \/>\nParfim\u0113rijas sprejs<br \/>\nBaltais muskuss &amp; Kokosrieksts<\/p>\n<p>Lieto\u0161ana: Tikai \u0101r\u012bgai lieto\u0161anai. Turiet 15 cm no \u0137erme\u0146a un izsmidziniet. Izvairieties no saskares ar ac\u012bm. Uzglab\u0101t b\u0113rniem nepieejam\u0101 viet\u0101.&nbsp;Nelietot uz boj\u0101tas vai iekaisu\u0161as \u0101das.<\/p>\n<p>VIEGLI UZLIESMOJO&Scaron;S, UGUNSNEDRO&Scaron;S<br \/>\n&nbsp;<\/p>\n","protected":false},"excerpt":{"rendered":"<p>Miss So&#8230;? Starlet&nbsp; Parfim\u0113rijas sprejs Baltais muskuss &amp; Kokosrieksts Lieto\u0161ana: Tikai \u0101r\u012bgai lieto\u0161anai. Turiet 15 cm no \u0137erme\u0146a un izsmidziniet. Izvairieties no saskares ar ac\u012bm. Uzglab\u0101t b\u0113rniem nepieejam\u0101 viet\u0101.&nbsp;Nelietot uz boj\u0101tas vai iekaisu\u0161as \u0101das. VIEGLI UZLIESMOJO&Scaron;S, UGUNSNEDRO&Scaron;S &nbsp;<\/p>\n","protected":false},"featured_media":52603,"template":"","meta":[],"product_cat":[1378],"product_tag":[],"class_list":{"0":"post-52599","1":"product","2":"type-product","3":"status-publish","4":"has-post-thumbnail","6":"product_brand-incos_gb","7":"product_cat-purskikliai-kunui","9":"first","10":"outofstock","11":"taxable","12":"shipping-taxable","13":"product-type-simple"},"_links":{"self":[{"href":"https:\/\/e.kosmolat.eu\/lv\/wp-json\/wp\/v2\/product\/52599","targetHints":{"allow":["GET"]}}],"collection":[{"href":"https:\/\/e.kosmolat.eu\/lv\/wp-json\/wp\/v2\/product"}],"about":[{"href":"https:\/\/e.kosmolat.eu\/lv\/wp-json\/wp\/v2\/types\/product"}],"wp:featuredmedia":[{"embeddable":true,"href":"https:\/\/e.kosmolat.eu\/lv\/wp-json\/wp\/v2\/media\/52603"}],"wp:attachment":[{"href":"https:\/\/e.kosmolat.eu\/lv\/wp-json\/wp\/v2\/media?parent=52599"}],"wp:term":[{"taxonomy":"product_cat","embeddable":true,"href":"https:\/\/e.kosmolat.eu\/lv\/wp-json\/wp\/v2\/product_cat?post=52599"},{"taxonomy":"product_tag","embeddable":true,"href":"https:\/\/e.kosmolat.eu\/lv\/wp-json\/wp\/v2\/product_tag?post=52599"}],"curies":[{"name":"wp","href":"https:\/\/api.w.org\/{rel}","templated":true}]}}