{"id":52591,"date":"2024-06-06T11:07:34","date_gmt":"2024-06-06T11:07:34","guid":{"rendered":"https:\/\/e.kosmolat.eu\/product\/modum-klasika-biezas-pirts-ziepes-skuju-500-g\/"},"modified":"2025-09-20T04:43:00","modified_gmt":"2025-09-20T04:43:00","slug":"modum-klasika-biezas-pirts-ziepes-skuju-500-g","status":"publish","type":"product","link":"https:\/\/e.kosmolat.eu\/lv\/product\/modum-klasika-biezas-pirts-ziepes-skuju-500-g\/","title":{"rendered":"Modum Klasika Biez\u0101s pirts ziepes Skuju, 500 g"},"content":{"rendered":"<p>Piem\u0113rotas visiem \u0101das tipiem, tai skait\u0101 problem\u0101tiskai \u0101dai.<\/p>\n<p><strong>Lieto&scaron;ana: <\/strong>uzkl\u0101t nepiecie&scaron;amo ziepju daudzumu uz mitra \u0137erme\u0146a un\/vai matiem, iemas\u0113t, r\u016bp\u012bgi izskalot.<\/p>\n<p>Uzglab\u0101t temperat\u016br\u0101 no +5 &deg;\u0421 l\u012bdz +25 &deg;\u0421.<\/p>\n","protected":false},"excerpt":{"rendered":"<p>Piem\u0113rotas visiem \u0101das tipiem, tai skait\u0101 problem\u0101tiskai \u0101dai. Lieto&scaron;ana: uzkl\u0101t nepiecie&scaron;amo ziepju daudzumu uz mitra \u0137erme\u0146a un\/vai matiem, iemas\u0113t, r\u016bp\u012bgi izskalot. Uzglab\u0101t temperat\u016br\u0101 no +5 &deg;\u0421 l\u012bdz +25 &deg;\u0421.<\/p>\n","protected":false},"featured_media":92114,"template":"","meta":[],"product_cat":[1609],"product_tag":[],"class_list":{"0":"post-52591","1":"product","2":"type-product","3":"status-publish","4":"has-post-thumbnail","6":"product_brand-modum_by","7":"product_cat-muilas","9":"first","10":"outofstock","11":"taxable","12":"shipping-taxable","13":"product-type-simple"},"_links":{"self":[{"href":"https:\/\/e.kosmolat.eu\/lv\/wp-json\/wp\/v2\/product\/52591","targetHints":{"allow":["GET"]}}],"collection":[{"href":"https:\/\/e.kosmolat.eu\/lv\/wp-json\/wp\/v2\/product"}],"about":[{"href":"https:\/\/e.kosmolat.eu\/lv\/wp-json\/wp\/v2\/types\/product"}],"wp:featuredmedia":[{"embeddable":true,"href":"https:\/\/e.kosmolat.eu\/lv\/wp-json\/wp\/v2\/media\/92114"}],"wp:attachment":[{"href":"https:\/\/e.kosmolat.eu\/lv\/wp-json\/wp\/v2\/media?parent=52591"}],"wp:term":[{"taxonomy":"product_cat","embeddable":true,"href":"https:\/\/e.kosmolat.eu\/lv\/wp-json\/wp\/v2\/product_cat?post=52591"},{"taxonomy":"product_tag","embeddable":true,"href":"https:\/\/e.kosmolat.eu\/lv\/wp-json\/wp\/v2\/product_tag?post=52591"}],"curies":[{"name":"wp","href":"https:\/\/api.w.org\/{rel}","templated":true}]}}