{"id":52587,"date":"2024-06-06T10:53:31","date_gmt":"2024-06-06T10:53:31","guid":{"rendered":"https:\/\/e.kosmolat.eu\/product\/c%d1%83%d1%81%d1%82%d0%be%d0%b5-%d0%bcue%d0%be-ae%d1%8f-ia%d0%bdc-modum-%d0%baea%d1%81%d1%81c%d0%baa-%d1%87%d1%91s%d0%bd%d0%be%d0%b5-500-n\/"},"modified":"2025-09-20T04:43:13","modified_gmt":"2025-09-20T04:43:13","slug":"modum-klasika-biezas-pirts-ziepes-melnas-500-g","status":"publish","type":"product","link":"https:\/\/e.kosmolat.eu\/lv\/product\/modum-klasika-biezas-pirts-ziepes-melnas-500-g\/","title":{"rendered":"Modum Klasika Biez\u0101s pirts ziepes Meln\u0101s, 500 g"},"content":{"rendered":"<p>Piem\u0113rotas visiem \u0101das tipiem, tai skait\u0101 problem\u0101tiskai \u0101dai.<\/p>\n<p><strong>Lieto&scaron;ana:<\/strong> uzkl\u0101t nepiecie&scaron;amo ziepju daudzumu uz mitra \u0137erme\u0146a un\/vai matiem, iemas\u0113t, r\u016bp\u012bgi izskalot.<\/p>\n<p>Uzglab\u0101t temperat\u016br\u0101 no +5 &deg;\u0421 l\u012bdz +25 &deg;\u0421.<br \/>\n&nbsp;<\/p>\n","protected":false},"excerpt":{"rendered":"<p>Piem\u0113rotas visiem \u0101das tipiem, tai skait\u0101 problem\u0101tiskai \u0101dai. Lieto&scaron;ana: uzkl\u0101t nepiecie&scaron;amo ziepju daudzumu uz mitra \u0137erme\u0146a un\/vai matiem, iemas\u0113t, r\u016bp\u012bgi izskalot. Uzglab\u0101t temperat\u016br\u0101 no +5 &deg;\u0421 l\u012bdz +25 &deg;\u0421. &nbsp;<\/p>\n","protected":false},"featured_media":92118,"template":"","meta":[],"product_cat":[1609],"product_tag":[],"class_list":{"0":"post-52587","1":"product","2":"type-product","3":"status-publish","4":"has-post-thumbnail","6":"product_brand-modum_by","7":"product_cat-muilas","9":"first","10":"outofstock","11":"taxable","12":"shipping-taxable","13":"product-type-simple"},"_links":{"self":[{"href":"https:\/\/e.kosmolat.eu\/lv\/wp-json\/wp\/v2\/product\/52587","targetHints":{"allow":["GET"]}}],"collection":[{"href":"https:\/\/e.kosmolat.eu\/lv\/wp-json\/wp\/v2\/product"}],"about":[{"href":"https:\/\/e.kosmolat.eu\/lv\/wp-json\/wp\/v2\/types\/product"}],"wp:featuredmedia":[{"embeddable":true,"href":"https:\/\/e.kosmolat.eu\/lv\/wp-json\/wp\/v2\/media\/92118"}],"wp:attachment":[{"href":"https:\/\/e.kosmolat.eu\/lv\/wp-json\/wp\/v2\/media?parent=52587"}],"wp:term":[{"taxonomy":"product_cat","embeddable":true,"href":"https:\/\/e.kosmolat.eu\/lv\/wp-json\/wp\/v2\/product_cat?post=52587"},{"taxonomy":"product_tag","embeddable":true,"href":"https:\/\/e.kosmolat.eu\/lv\/wp-json\/wp\/v2\/product_tag?post=52587"}],"curies":[{"name":"wp","href":"https:\/\/api.w.org\/{rel}","templated":true}]}}